{"id":2751,"date":"2020-11-04T19:01:25","date_gmt":"2020-11-04T18:01:25","guid":{"rendered":"https:\/\/www.educa.itakaescolapios.org\/?page_id=2751"},"modified":"2021-01-03T11:27:20","modified_gmt":"2021-01-03T10:27:20","slug":"actua","status":"publish","type":"page","link":"https:\/\/www.educa.itakaescolapios.org\/pt\/campanas\/2020-2021-reiniciando-para-transformar\/actua","title":{"rendered":"Aja!"},"content":{"rendered":"<p><img decoding=\"async\" loading=\"lazy\" class=\"alignright wp-image-2752\" src=\"https:\/\/www.educa.itakaescolapios.org\/wp-content\/uploads\/2020\/11\/ACTUA-Cartel-DFC-Espan\u0303a-516x730-2-251x300.png\" alt=\"\" width=\"350\" height=\"418\" srcset=\"https:\/\/www.educa.itakaescolapios.org\/wp-content\/uploads\/2020\/11\/ACTUA-Cartel-DFC-Espan\u0303a-516x730-2-251x300.png 251w, https:\/\/www.educa.itakaescolapios.org\/wp-content\/uploads\/2020\/11\/ACTUA-Cartel-DFC-Espan\u0303a-516x730-2-250x299.png 250w, https:\/\/www.educa.itakaescolapios.org\/wp-content\/uploads\/2020\/11\/ACTUA-Cartel-DFC-Espan\u0303a-516x730-2.png 441w\" sizes=\"(max-width: 350px) 100vw, 350px\" \/><\/p>\n<p>N\u00e3o podemos deixar de responder \u00e0s necessidades da nossa sociedade, aos problemas mundiais.<\/p>\n<p>N\u00e3o podemos deixar que a Miss\u00e3o escol\u00e1pia n\u00e3o atenda, como merecem, as crian\u00e7as, os jovens, as pessoas em geral e, especialmente, aqueles que se encontram em situa\u00e7\u00e3o de maior vulnerabilidade.<\/p>\n<p>N\u00e3o podemos deixar que tantos projetos que promovemos ao longo dos anos, por meio da rede Itaka-Escol\u00e1pios, desacelerem ou talvez at\u00e9 desapare\u00e7am.<\/p>\n<p><strong>Chega o momento de agir.<\/strong><\/p>\n<p>Estamos na terceira fase da metodologia &#8220;Design for change &#8211; Design para a mudan\u00e7a&#8221;, AJA.<\/p>\n<p>Aqui propomos algumas atividades que talvez possam ajud\u00e1-lo a agir.<\/p>\n<p>Lembre-se de que, todas as a\u00e7\u00f5es de sensibiliza\u00e7\u00e3o que promove a <strong>Itaka-Escol\u00e1pios devem servir para nos transformar e para transformar \u00e0 sociedade,<\/strong> caso contr\u00e1rio ter\u00e3o sido simplesmente &#8220;palavras ao vento&#8221;.<\/p>\n<p>&nbsp;<\/p>\n<ul>\n<li><a href=\"https:\/\/www.educa.itakaescolapios.org\/campanas\/2020-2021-reiniciando-para-transformar\/actua\/pequenas-acciones-reinician-grandes-cambios\" target=\"_blank\" rel=\"noopener noreferrer\">Pequenas a\u00e7\u00f5es reiniciam grandes mudan\u00e7as (2 a 12)<\/a><\/li>\n<\/ul>\n<ul>\n<li><a href=\"https:\/\/www.educa.itakaescolapios.org\/campanas\/2020-2021-reiniciando-para-transformar\/actua\/transformando\" target=\"_blank\" rel=\"noopener noreferrer\" aria-current=\"page\">Transforma\u00e7\u00e3o (8 a +18)\u00a0<\/a><\/li>\n<\/ul>\n<p><img decoding=\"async\" loading=\"lazy\" class=\"size-medium wp-image-2974 aligncenter\" src=\"https:\/\/www.educa.itakaescolapios.org\/wp-content\/uploads\/2020\/11\/mano-click-verde-por-tres-300x107.jpg\" alt=\"\" width=\"300\" height=\"107\" srcset=\"https:\/\/www.educa.itakaescolapios.org\/wp-content\/uploads\/2020\/11\/mano-click-verde-por-tres-300x107.jpg 300w, https:\/\/www.educa.itakaescolapios.org\/wp-content\/uploads\/2020\/11\/mano-click-verde-por-tres-1024x364.jpg 1024w, https:\/\/www.educa.itakaescolapios.org\/wp-content\/uploads\/2020\/11\/mano-click-verde-por-tres-768x273.jpg 768w, https:\/\/www.educa.itakaescolapios.org\/wp-content\/uploads\/2020\/11\/mano-click-verde-por-tres-1536x546.jpg 1536w, https:\/\/www.educa.itakaescolapios.org\/wp-content\/uploads\/2020\/11\/mano-click-verde-por-tres-2048x729.jpg 2048w, https:\/\/www.educa.itakaescolapios.org\/wp-content\/uploads\/2020\/11\/mano-click-verde-por-tres-250x89.jpg 250w\" sizes=\"(max-width: 300px) 100vw, 300px\" \/><\/p>","protected":false},"excerpt":{"rendered":"<p>N\u00e3o podemos deixar de responder \u00e0s necessidades da nossa sociedade, aos problemas mundiais. N\u00e3o podemos deixar que a Miss\u00e3o escol\u00e1pia n\u00e3o atenda, como merecem, as crian\u00e7as, [&hellip;]<\/p>\n","protected":false},"author":5,"featured_media":0,"parent":2618,"menu_order":4,"comment_status":"closed","ping_status":"closed","template":"","meta":[],"acf":[],"_links":{"self":[{"href":"https:\/\/www.educa.itakaescolapios.org\/pt\/wp-json\/wp\/v2\/pages\/2751"}],"collection":[{"href":"https:\/\/www.educa.itakaescolapios.org\/pt\/wp-json\/wp\/v2\/pages"}],"about":[{"href":"https:\/\/www.educa.itakaescolapios.org\/pt\/wp-json\/wp\/v2\/types\/page"}],"author":[{"embeddable":true,"href":"https:\/\/www.educa.itakaescolapios.org\/pt\/wp-json\/wp\/v2\/users\/5"}],"replies":[{"embeddable":true,"href":"https:\/\/www.educa.itakaescolapios.org\/pt\/wp-json\/wp\/v2\/comments?post=2751"}],"version-history":[{"count":40,"href":"https:\/\/www.educa.itakaescolapios.org\/pt\/wp-json\/wp\/v2\/pages\/2751\/revisions"}],"predecessor-version":[{"id":4255,"href":"https:\/\/www.educa.itakaescolapios.org\/pt\/wp-json\/wp\/v2\/pages\/2751\/revisions\/4255"}],"up":[{"embeddable":true,"href":"https:\/\/www.educa.itakaescolapios.org\/pt\/wp-json\/wp\/v2\/pages\/2618"}],"wp:attachment":[{"href":"https:\/\/www.educa.itakaescolapios.org\/pt\/wp-json\/wp\/v2\/media?parent=2751"}],"curies":[{"name":"wp","href":"https:\/\/api.w.org\/{rel}","templated":true}]}}