{"id":2754,"date":"2020-11-04T19:06:15","date_gmt":"2020-11-04T18:06:15","guid":{"rendered":"https:\/\/www.educa.itakaescolapios.org\/?page_id=2754"},"modified":"2021-01-03T11:20:55","modified_gmt":"2021-01-03T10:20:55","slug":"pequenas-acciones-reinician-grandes-cambios","status":"publish","type":"page","link":"https:\/\/www.educa.itakaescolapios.org\/pt\/campanas\/2020-2021-reiniciando-para-transformar\/actua\/pequenas-acciones-reinician-grandes-cambios","title":{"rendered":"Pequenas a\u00e7\u00f5es reiniciam grandes mudan\u00e7as (2 a 12)"},"content":{"rendered":"<p><img decoding=\"async\" loading=\"lazy\" class=\"alignright size-medium wp-image-2703\" src=\"https:\/\/www.educa.itakaescolapios.org\/wp-content\/uploads\/2020\/11\/JIWA_COLOR-recorte-295x300.jpg\" alt=\"\" width=\"295\" height=\"300\" srcset=\"https:\/\/www.educa.itakaescolapios.org\/wp-content\/uploads\/2020\/11\/JIWA_COLOR-recorte-295x300.jpg 295w, https:\/\/www.educa.itakaescolapios.org\/wp-content\/uploads\/2020\/11\/JIWA_COLOR-recorte-1006x1024.jpg 1006w, https:\/\/www.educa.itakaescolapios.org\/wp-content\/uploads\/2020\/11\/JIWA_COLOR-recorte-768x782.jpg 768w, https:\/\/www.educa.itakaescolapios.org\/wp-content\/uploads\/2020\/11\/JIWA_COLOR-recorte-1508x1536.jpg 1508w, https:\/\/www.educa.itakaescolapios.org\/wp-content\/uploads\/2020\/11\/JIWA_COLOR-recorte-2011x2048.jpg 2011w, https:\/\/www.educa.itakaescolapios.org\/wp-content\/uploads\/2020\/11\/JIWA_COLOR-recorte-250x255.jpg 250w\" sizes=\"(max-width: 295px) 100vw, 295px\" \/><\/p>\n<p>Nenhum trabalho \u00e9 pequeno demais, <strong>voc\u00ea tamb\u00e9m pode mudar o seu ambiente.<\/strong><\/p>\n<p>&nbsp;<\/p>\n<p><strong><a href=\"https:\/\/www.educa.itakaescolapios.org\/wp-content\/uploads\/2021\/01\/1-peque\u00f1as-acciones-PORT.pdf\" target=\"_blank\" rel=\"noopener noreferrer\">Archivo PDF: PEQUENAS A\u00c7\u00d5ES QUE REINICIAM GRANDES MUDAN\u00c7AS<\/a><\/strong><\/p>\n<p><a href=\"https:\/\/www.educa.itakaescolapios.org\/wp-content\/uploads\/2020\/11\/pequen\u0303as-acciones-reinician-grandes-cambios.pdf\" target=\"_blank\" rel=\"noopener noreferrer\"><img decoding=\"async\" loading=\"lazy\" class=\"alignleft wp-image-3014 size-medium\" src=\"https:\/\/www.educa.itakaescolapios.org\/wp-content\/uploads\/2020\/11\/mano-click-verde-en-el-medio-300x107.jpg\" alt=\"\" width=\"300\" height=\"107\" srcset=\"https:\/\/www.educa.itakaescolapios.org\/wp-content\/uploads\/2020\/11\/mano-click-verde-en-el-medio-300x107.jpg 300w, https:\/\/www.educa.itakaescolapios.org\/wp-content\/uploads\/2020\/11\/mano-click-verde-en-el-medio-1024x366.jpg 1024w, https:\/\/www.educa.itakaescolapios.org\/wp-content\/uploads\/2020\/11\/mano-click-verde-en-el-medio-768x275.jpg 768w, https:\/\/www.educa.itakaescolapios.org\/wp-content\/uploads\/2020\/11\/mano-click-verde-en-el-medio-1536x549.jpg 1536w, https:\/\/www.educa.itakaescolapios.org\/wp-content\/uploads\/2020\/11\/mano-click-verde-en-el-medio-2048x732.jpg 2048w, https:\/\/www.educa.itakaescolapios.org\/wp-content\/uploads\/2020\/11\/mano-click-verde-en-el-medio-250x89.jpg 250w\" sizes=\"(max-width: 300px) 100vw, 300px\" \/><\/a><\/p>\n<p>&nbsp;<\/p>\n<p>&nbsp;<\/p>","protected":false},"excerpt":{"rendered":"<p>Nenhum trabalho \u00e9 pequeno demais, voc\u00ea tamb\u00e9m pode mudar o seu ambiente. &nbsp; Archivo PDF: PEQUENAS A\u00c7\u00d5ES QUE REINICIAM GRANDES MUDAN\u00c7AS &nbsp; &nbsp;<\/p>\n","protected":false},"author":5,"featured_media":0,"parent":2751,"menu_order":1,"comment_status":"closed","ping_status":"closed","template":"","meta":[],"acf":[],"_links":{"self":[{"href":"https:\/\/www.educa.itakaescolapios.org\/pt\/wp-json\/wp\/v2\/pages\/2754"}],"collection":[{"href":"https:\/\/www.educa.itakaescolapios.org\/pt\/wp-json\/wp\/v2\/pages"}],"about":[{"href":"https:\/\/www.educa.itakaescolapios.org\/pt\/wp-json\/wp\/v2\/types\/page"}],"author":[{"embeddable":true,"href":"https:\/\/www.educa.itakaescolapios.org\/pt\/wp-json\/wp\/v2\/users\/5"}],"replies":[{"embeddable":true,"href":"https:\/\/www.educa.itakaescolapios.org\/pt\/wp-json\/wp\/v2\/comments?post=2754"}],"version-history":[{"count":15,"href":"https:\/\/www.educa.itakaescolapios.org\/pt\/wp-json\/wp\/v2\/pages\/2754\/revisions"}],"predecessor-version":[{"id":4250,"href":"https:\/\/www.educa.itakaescolapios.org\/pt\/wp-json\/wp\/v2\/pages\/2754\/revisions\/4250"}],"up":[{"embeddable":true,"href":"https:\/\/www.educa.itakaescolapios.org\/pt\/wp-json\/wp\/v2\/pages\/2751"}],"wp:attachment":[{"href":"https:\/\/www.educa.itakaescolapios.org\/pt\/wp-json\/wp\/v2\/media?parent=2754"}],"curies":[{"name":"wp","href":"https:\/\/api.w.org\/{rel}","templated":true}]}}