{"id":2758,"date":"2020-11-04T23:34:12","date_gmt":"2020-11-04T22:34:12","guid":{"rendered":"https:\/\/www.educa.itakaescolapios.org\/?page_id=2758"},"modified":"2020-11-24T13:26:16","modified_gmt":"2020-11-24T12:26:16","slug":"evolua","status":"publish","type":"page","link":"https:\/\/www.educa.itakaescolapios.org\/pt\/campanas\/2020-2021-reiniciando-para-transformar\/evolua","title":{"rendered":"EVOLUA!!"},"content":{"rendered":"<p><\/p>\n<p style=\"text-align: justify;\"><img decoding=\"async\" loading=\"lazy\" class=\"alignright wp-image-2787\" src=\"https:\/\/www.educa.itakaescolapios.org\/wp-content\/uploads\/2020\/11\/EVOLUA-Cartel-DFC-516x730-2-251x300.png\" alt=\"\" width=\"350\" height=\"419\" srcset=\"https:\/\/www.educa.itakaescolapios.org\/wp-content\/uploads\/2020\/11\/EVOLUA-Cartel-DFC-516x730-2-251x300.png 251w, https:\/\/www.educa.itakaescolapios.org\/wp-content\/uploads\/2020\/11\/EVOLUA-Cartel-DFC-516x730-2-250x299.png 250w, https:\/\/www.educa.itakaescolapios.org\/wp-content\/uploads\/2020\/11\/EVOLUA-Cartel-DFC-516x730-2.png 437w\" sizes=\"(max-width: 350px) 100vw, 350px\" \/><\/p>\n<p>Chegou o momento de refletir,<strong> avaliar<\/strong> a experi\u00eancia vivida e encontrar as chaves para<strong> evoluir <\/strong>em dire\u00e7\u00e3o a a\u00e7\u00f5es futuras. Esta fase \u00e9 fundamental, j\u00e1 que o verdadeiro crescimento vem como resultado da reflex\u00e3o sobre a experi\u00eancia. <strong>Precisamos desenvolver o PENSAMENTO CR\u00cdTICO e valorizar o alcance de nossas a\u00e7\u00f5es.<\/strong><\/p>\n<p>Estamos na quarta fase da metodologia &#8220;Design for change &#8211; Design para mudan\u00e7a&#8221;, <strong>EVOLUA (avaliar e evoluir).<\/strong><\/p>\n<p>Propomos <strong>duas ferramentas simples para avalia\u00e7\u00e3o<\/strong>, que permitam, tanto refletir como imaginar seus projetos al\u00e9m do momento presente.<\/p>\n<ol>\n<li><strong>Historieta:<\/strong><\/li>\n<\/ol>\n<p>Pe\u00e7a a seus alunos que desenhem uma historieta que lhes tenha acontecido durante o projeto e que desperte suas emo\u00e7\u00f5es. Uma vez conclu\u00eddos os desenhos, voc\u00ea pode compartilh\u00e1-los comentando cada historieta, ou colando-os em um painel para que todo o grupo possa v\u00ea-los.<\/p>\n<ol start=\"2\">\n<li><strong>Diferente\/dif\u00edcil\/aprendido:<\/strong><\/li>\n<\/ol>\n<p>Divididos em grupos de tr\u00eas, proponha que eles cheguem a um consenso de equipe sobre algo que acharam diferente, algo dif\u00edcil e algo que aprenderam. Pe\u00e7a-lhes que escrevam em um post-it e colem em tr\u00eas pain\u00e9is com as perguntas: o que achamos de diferente, o que achamos dif\u00edcil, e o que aprendemos? Em seguida, voc\u00ea pode l\u00ea-los em voz alta e discuti-los com todo o grupo.<\/p>\n<p>Estas duas ferramentas de avalia\u00e7\u00e3o facilitam uma reflex\u00e3o final em grupo na qual, mais informalmente, possam compartilhar o que quiserem.<\/p>\n<p>Reserve algum tempo para este momento final do grupo, pois as reflex\u00f5es mais valiosas provavelmente aparecer\u00e3o aqui.<\/p>","protected":false},"excerpt":{"rendered":"<p>Chegou o momento de refletir, avaliar a experi\u00eancia vivida e encontrar as chaves para evoluir em dire\u00e7\u00e3o a a\u00e7\u00f5es futuras. Esta fase \u00e9 fundamental, j\u00e1 que [&hellip;]<\/p>\n","protected":false},"author":5,"featured_media":0,"parent":2618,"menu_order":5,"comment_status":"closed","ping_status":"closed","template":"","meta":[],"acf":[],"_links":{"self":[{"href":"https:\/\/www.educa.itakaescolapios.org\/pt\/wp-json\/wp\/v2\/pages\/2758"}],"collection":[{"href":"https:\/\/www.educa.itakaescolapios.org\/pt\/wp-json\/wp\/v2\/pages"}],"about":[{"href":"https:\/\/www.educa.itakaescolapios.org\/pt\/wp-json\/wp\/v2\/types\/page"}],"author":[{"embeddable":true,"href":"https:\/\/www.educa.itakaescolapios.org\/pt\/wp-json\/wp\/v2\/users\/5"}],"replies":[{"embeddable":true,"href":"https:\/\/www.educa.itakaescolapios.org\/pt\/wp-json\/wp\/v2\/comments?post=2758"}],"version-history":[{"count":14,"href":"https:\/\/www.educa.itakaescolapios.org\/pt\/wp-json\/wp\/v2\/pages\/2758\/revisions"}],"predecessor-version":[{"id":3802,"href":"https:\/\/www.educa.itakaescolapios.org\/pt\/wp-json\/wp\/v2\/pages\/2758\/revisions\/3802"}],"up":[{"embeddable":true,"href":"https:\/\/www.educa.itakaescolapios.org\/pt\/wp-json\/wp\/v2\/pages\/2618"}],"wp:attachment":[{"href":"https:\/\/www.educa.itakaescolapios.org\/pt\/wp-json\/wp\/v2\/media?parent=2758"}],"curies":[{"name":"wp","href":"https:\/\/api.w.org\/{rel}","templated":true}]}}