{"id":2762,"date":"2020-11-04T23:42:33","date_gmt":"2020-11-04T22:42:33","guid":{"rendered":"https:\/\/www.educa.itakaescolapios.org\/?page_id=2762"},"modified":"2021-01-08T12:38:07","modified_gmt":"2021-01-08T11:38:07","slug":"comparte","status":"publish","type":"page","link":"https:\/\/www.educa.itakaescolapios.org\/pt\/campanas\/2020-2021-reiniciando-para-transformar\/comparte","title":{"rendered":"Compartilhe!"},"content":{"rendered":"<p><img decoding=\"async\" loading=\"lazy\" class=\"alignright wp-image-2805\" src=\"https:\/\/www.educa.itakaescolapios.org\/wp-content\/uploads\/2020\/11\/recorteCOMPARTE-Cartel-DFC-Espan\u0303a-516x730-2-251x300.png\" alt=\"\" width=\"350\" height=\"418\" srcset=\"https:\/\/www.educa.itakaescolapios.org\/wp-content\/uploads\/2020\/11\/recorteCOMPARTE-Cartel-DFC-Espan\u0303a-516x730-2-251x300.png 251w, https:\/\/www.educa.itakaescolapios.org\/wp-content\/uploads\/2020\/11\/recorteCOMPARTE-Cartel-DFC-Espan\u0303a-516x730-2-250x299.png 250w, https:\/\/www.educa.itakaescolapios.org\/wp-content\/uploads\/2020\/11\/recorteCOMPARTE-Cartel-DFC-Espan\u0303a-516x730-2.png 435w\" sizes=\"(max-width: 350px) 100vw, 350px\" \/><\/p>\n<p>Se voc\u00ea estiver lendo estas linhas, significa que voc\u00ea est\u00e1 imerso(a) no desenvolvimento da campanha escol\u00e1pia de solidariedade 20-21 &#8220;Reiniciar para transformar&#8221; ou at\u00e9 voc\u00ea acaba de finaliz\u00e1-la.<\/p>\n<p>Chegou o momento de compartilhar essas a\u00e7\u00f5es transformadoras que voc\u00ea est\u00e1 realizando ou que j\u00e1 realizou.<\/p>\n<p>Estamos na quinta fase da metodologia &#8220;Design for change &#8211; Design para mudan\u00e7a&#8221;, COMPARTILHE.<\/p>\n<p>Pedimos que compartilhe na rede Educa, nas p\u00e1ginas web e redes sociais de sua escola, par\u00f3quia, movimento Calasanz, sede da Itaka-Escol\u00e1pios ou redes sociais pessoais, as a\u00e7\u00f5es transformadoras que voc\u00ea realizou durante a campanha.<\/p>\n<p><strong>Propomos esta difus\u00e3o com tr\u00eas objetivos:<\/strong><\/p>\n<ol>\n<li><strong>Reconhecer o trabalho realizado<\/strong> por estudantes, membros do grupo e entidades, narrando as a\u00e7\u00f5es de solidariedade realizadas.<\/li>\n<li><strong>Sugerir e motivar<\/strong> outras escolas, par\u00f3quias, grupos e sedes da rede Itaka-Escol\u00e1pios, a realizarem a\u00e7\u00f5es de transforma\u00e7\u00e3o durante a campanha &#8220;Reiniciar para transformar&#8221;.<\/li>\n<li>Convidar para <strong>colaborar financeiramente e atrav\u00e9s de volunt\u00e1rios<\/strong> com a campanha escol\u00e1pia de solidariedade 20-21 &#8220;Reiniciar para transformar&#8221;<\/li>\n<\/ol>\n<p><strong>Propomos que voc\u00ea Compartilhe! a partir destes espa\u00e7os:<\/strong><\/p>\n<ul>\n<li><strong>Sites e redes sociais<\/strong> institucionais ou pessoais.<\/li>\n<li>No <strong>site da Itaka-Escol\u00e1pios<\/strong> enviando as not\u00edcias para <a href=\"mailto:itakaescolapio@itakaescolapios.org\">itakaescolapio@itakaescolapios.org<\/a><\/li>\n<li>Enviando a a\u00e7\u00e3o transformadora para a <strong>rede educa.itakaescolapios<\/strong>, preenchendo este simples formul\u00e1rio: <a href=\"https:\/\/www.educa.itakaescolapios.org\/it\/participa\">https:\/\/www.educa.itakaescolapios.org\/it\/participa<\/a><\/li>\n<\/ul>\n<p>Como exemplo, aqui est\u00e3o alguns dos <strong>gestos de solidariedade<\/strong> j\u00e1 realizados:<\/p>\n<p>&#8211; Em algumas comunidades educacionais, as Associa\u00e7\u00f5es de Pais e Mestres, clubes esportivos etc, fizeram <strong>doa\u00e7\u00f5es extraordin\u00e1rias<\/strong> para a miss\u00e3o escol\u00e1pia.<\/p>\n<p>&#8211; Alguns religiosos da Ordem <strong>reduziram sua mesada pessoal<\/strong> a um m\u00ednimo, a fim de direcion\u00e1-la para as necessidades mais pr\u00f3ximas.<\/p>\n<p>&#8211; Em algumas Fraternidades, foi proposto refor\u00e7ar o <strong>compromisso de solidariedade al\u00e9m do d\u00edzimo<\/strong>, nesta situa\u00e7\u00e3o de necessidade especial.<\/p>\n<p>&#8211; Outras pessoas, cujos rendimentos n\u00e3o foram afetados, expressaram sua vontade de converter o <strong>pagamento extra em uma doa\u00e7\u00e3o especial<\/strong>.<\/p>","protected":false},"excerpt":{"rendered":"<p>Se voc\u00ea estiver lendo estas linhas, significa que voc\u00ea est\u00e1 imerso(a) no desenvolvimento da campanha escol\u00e1pia de solidariedade 20-21 &#8220;Reiniciar para transformar&#8221; ou at\u00e9 voc\u00ea acaba [&hellip;]<\/p>\n","protected":false},"author":5,"featured_media":0,"parent":2618,"menu_order":6,"comment_status":"closed","ping_status":"closed","template":"","meta":[],"acf":[],"_links":{"self":[{"href":"https:\/\/www.educa.itakaescolapios.org\/pt\/wp-json\/wp\/v2\/pages\/2762"}],"collection":[{"href":"https:\/\/www.educa.itakaescolapios.org\/pt\/wp-json\/wp\/v2\/pages"}],"about":[{"href":"https:\/\/www.educa.itakaescolapios.org\/pt\/wp-json\/wp\/v2\/types\/page"}],"author":[{"embeddable":true,"href":"https:\/\/www.educa.itakaescolapios.org\/pt\/wp-json\/wp\/v2\/users\/5"}],"replies":[{"embeddable":true,"href":"https:\/\/www.educa.itakaescolapios.org\/pt\/wp-json\/wp\/v2\/comments?post=2762"}],"version-history":[{"count":15,"href":"https:\/\/www.educa.itakaescolapios.org\/pt\/wp-json\/wp\/v2\/pages\/2762\/revisions"}],"predecessor-version":[{"id":4319,"href":"https:\/\/www.educa.itakaescolapios.org\/pt\/wp-json\/wp\/v2\/pages\/2762\/revisions\/4319"}],"up":[{"embeddable":true,"href":"https:\/\/www.educa.itakaescolapios.org\/pt\/wp-json\/wp\/v2\/pages\/2618"}],"wp:attachment":[{"href":"https:\/\/www.educa.itakaescolapios.org\/pt\/wp-json\/wp\/v2\/media?parent=2762"}],"curies":[{"name":"wp","href":"https:\/\/api.w.org\/{rel}","templated":true}]}}