{"id":278,"date":"2018-04-04T10:46:38","date_gmt":"2018-04-04T08:46:38","guid":{"rendered":"http:\/\/www.educa.itakaescolapios.org\/?page_id=278"},"modified":"2018-04-04T10:46:46","modified_gmt":"2018-04-04T08:46:46","slug":"carteleria","status":"publish","type":"page","link":"https:\/\/www.educa.itakaescolapios.org\/pt\/campanas\/2013-2014-estamos-por-ti-educamos-contigo\/carteleria","title":{"rendered":"CARTELER\u00cdA"},"content":{"rendered":"<p class=\"qtranxs-available-languages-message qtranxs-available-languages-message-pt\">Desculpe, este conte\u00fado s\u00f3 est\u00e1 dispon\u00edvel em <a href=\"https:\/\/www.educa.itakaescolapios.org\/es\/wp-json\/wp\/v2\/pages\/278\" class=\"qtranxs-available-language-link qtranxs-available-language-link-es\" title=\"Espa\u00f1ol\">Espanhol Europeu<\/a>.<\/p><p>Descargate los archivos pinchando en los t\u00edtulos<\/p>\n<p><a href=\"http:\/\/www.itakaescolapios.org\/wp-content\/uploads\/2013\/10\/cartel.jpg\"><img decoding=\"async\" loading=\"lazy\" class=\"alignleft size-medium wp-image-7810\" alt=\"cartel\" src=\"http:\/\/www.itakaescolapios.org\/wp-content\/uploads\/2013\/10\/cartel-214x300.jpg\" width=\"214\" height=\"300\" \/><\/a><\/p>\n<p>&nbsp;<\/p>\n<p>&nbsp;<\/p>\n<p><span style=\"color: #800080;\"><strong>CARTELES DE LOS PORTI<\/strong><\/span><\/p>\n<p><a href=\"http:\/\/www.itakaescolapios.org\/wp-content\/uploads\/2013\/10\/LOS-X-TI.pdf\" target=\"_blank\">LOS Xti<\/a>  cartel en castellano<\/p>\n<p><a href=\"http:\/\/www.itakaescolapios.org\/wp-content\/uploads\/2013\/10\/cartel-itaka-frances.pdf\">LES PORTI<\/a> cartel en franc\u00e9s<\/p>\n<p><a href=\"http:\/\/www.itakaescolapios.org\/wp-content\/uploads\/2013\/10\/cartel-itaka-ingles.pdf\">THE PORTIS<\/a> cartel en ingl\u00e9s<\/p>\n<p><a href=\"http:\/\/www.itakaescolapios.org\/wp-content\/uploads\/2013\/10\/cartel-def-euskera.pdf\">PORTITARRAK<\/a> cartel en euskera<\/p>\n<p><strong><span style=\"color: #800080;\">   <\/span><\/strong><\/p>\n<p>.<\/p>\n<p>&nbsp;<\/p>\n<p><strong><span style=\"color: #800080;\">    CARTELES SUPERH\u00c9ROES<\/span><\/strong><\/p>\n<p><em>    <\/em><strong><span style=\"color: #808000;\"><em> <a href=\"http:\/\/www.itakaescolapios.org\/wp-content\/uploads\/2013\/10\/CAP.pdf\" target=\"_blank\"><span style=\"color: #808000;\">CAP<\/span><\/a>                 <a href=\"http:\/\/www.itakaescolapios.org\/wp-content\/uploads\/2013\/10\/ERRUKI.pdf\" target=\"_blank\"><span style=\"color: #808000;\">ERRUKI<\/span><\/a>         <\/em>     <em><a href=\"http:\/\/www.itakaescolapios.org\/wp-content\/uploads\/2013\/10\/TROCCO.pdf\"><span style=\"color: #808000;\">TROCO<\/span><\/a>            <a href=\"http:\/\/www.itakaescolapios.org\/wp-content\/uploads\/2013\/10\/JOY.pdf\" target=\"_blank\"><span style=\"color: #808000;\">JOY<\/span><\/a>                     <a href=\"http:\/\/www.itakaescolapios.org\/wp-content\/uploads\/2013\/10\/VOYAGE.pdf\" target=\"_blank\"><span style=\"color: #808000;\">VOYAGE<\/span><\/a><\/em><\/span><\/strong><\/p>\n<p><span style=\"color: #800080;\"><strong> <\/strong><\/span><\/p>\n<p><span style=\"color: #800080;\"><strong>  <\/strong><\/span><span style=\"color: #800080;\"><strong>  PARA COLOREAR<\/strong><\/span><\/p>\n<p><em>     <strong><span style=\"color: #808000;\"><a href=\"http:\/\/www.itakaescolapios.org\/wp-content\/uploads\/2013\/10\/todos-lineal.pdf\" target=\"_blank\"><span style=\"color: #808000;\">LOS Xti<\/span><\/a> <\/span><\/strong><\/em><strong><span style=\"color: #808000;\">        <em><a href=\"http:\/\/www.itakaescolapios.org\/wp-content\/uploads\/2013\/10\/cap-lineal.pdf\" target=\"_blank\"><span style=\"color: #808000;\">CAP<\/span><\/a><\/em>              <em><a href=\"http:\/\/www.itakaescolapios.org\/wp-content\/uploads\/2013\/10\/erruki-lineal.pdf\" target=\"_blank\"><span style=\"color: #808000;\">ERRUKI<\/span><\/a>      <\/em><em>     <a href=\"http:\/\/www.itakaescolapios.org\/wp-content\/uploads\/2013\/10\/troco-lineal.pdf\" target=\"_blank\"><span style=\"color: #808000;\">TROCO<\/span><\/a> <\/em>      <em><a href=\"http:\/\/www.itakaescolapios.org\/wp-content\/uploads\/2013\/10\/joy-lineal.pdf\" target=\"_blank\"><span style=\"color: #808000;\">JOY<\/span><\/a><\/em>             <em><a href=\"http:\/\/www.itakaescolapios.org\/wp-content\/uploads\/2013\/10\/voyage-lineal.pdf\" target=\"_blank\"><span style=\"color: #808000;\">VOYAGE<\/span><\/a><\/em><\/span><\/strong><\/p>\n<p><a href=\"http:\/\/www.itakaescolapios.org\/wp-content\/uploads\/2013\/10\/Quechua.jpg\"><img decoding=\"async\" loading=\"lazy\" class=\"wp-image-8088 alignnone\" alt=\"Quechua\" src=\"http:\/\/www.itakaescolapios.org\/wp-content\/uploads\/2013\/10\/Quechua-1024x534.jpg\" width=\"498\" height=\"259\" \/><\/a><\/p>\n<table border=\"1\" cellspacing=\"0\" cellpadding=\"0\">\n<tbody>\n<tr>\n<td width=\"209\">\n<p style=\"text-align: center;\" align=\"center\"><strong><span style=\"color: #993366;\">Pincha en el lema para descargar la mano para recortar<\/span><\/strong><\/p>\n<\/td>\n<td width=\"134\">\n<p style=\"text-align: center;\" align=\"center\"><strong><span style=\"color: #993366;\">Idioma\/presencia escolapia<\/span><\/strong><\/p>\n<\/td>\n<td width=\"124\">\n<p style=\"text-align: center;\" align=\"center\"><strong><span style=\"color: #993366;\">Pincha en el cartel para descargarlo<\/span><\/strong><\/p>\n<\/td>\n<\/tr>\n<tr>\n<td width=\"209\">\n<p align=\"center\"><em><strong><a href=\"http:\/\/www.itakaescolapios.org\/wp-content\/uploads\/2013\/10\/Mano-para-recortar1.pdf\" target=\"_blank\">Estamos por ti, educamos contigo<\/a><\/strong><\/em><\/p>\n<\/td>\n<td width=\"134\">\n<p align=\"center\">Espa\u00f1a, Centroam\u00e9rica, Sudam\u00e9rica, Filipinas, Guinea Ecuatorial, \u2026<\/p>\n<\/td>\n<td width=\"124\">\n<p align=\"center\"><a href=\"http:\/\/www.itakaescolapios.org\/wp-content\/uploads\/2013\/10\/Espanol.pdf\" target=\"_blank\">Castellano<\/a><\/p>\n<\/td>\n<\/tr>\n<tr>\n<td width=\"209\">\n<p align=\"center\"><em><strong><a href=\"http:\/\/www.itakaescolapios.org\/wp-content\/uploads\/2013\/10\/Mano-FRANCES2.pdf\">Nous sommes l\u00e0 pour toi, nous \u00e9duquons avec toi<\/a><\/strong><\/em><\/p>\n<\/td>\n<td width=\"134\">\n<p align=\"center\">Francia, Camer\u00fan, Rep. Democr\u00e1tica del Congo, Costa de Marfil, Gab\u00f3n, Guinea Ecuatorial, Senegal, \u2026<\/p>\n<\/td>\n<td width=\"124\">\n<p align=\"center\"><a href=\"http:\/\/www.itakaescolapios.org\/wp-content\/uploads\/2013\/10\/Frances.pdf\" target=\"_blank\">Franc\u00e9s<\/a><\/p>\n<\/td>\n<\/tr>\n<tr>\n<td width=\"209\">\n<p align=\"center\"><em><strong><a href=\"http:\/\/www.itakaescolapios.org\/wp-content\/uploads\/2013\/10\/Mano-recortar-INGLES.pdf\">We are there for you, we educate together<\/a><\/strong><\/em><\/p>\n<\/td>\n<td width=\"134\">\n<p align=\"center\">Camer\u00fan, India, \u2026<\/p>\n<\/td>\n<td width=\"124\">\n<p align=\"center\"><a href=\"http:\/\/www.itakaescolapios.org\/wp-content\/uploads\/2013\/10\/Ingles.pdf\" target=\"_blank\">Ingl\u00e9s<\/a><\/p>\n<\/td>\n<\/tr>\n<tr>\n<td width=\"209\">\n<p align=\"center\"><em><strong><a href=\"http:\/\/www.itakaescolapios.org\/wp-content\/uploads\/2013\/10\/MANO-EN-PORTUGUES.pdf\">Estamos por voc\u00ea, educamos com voc\u00ea<\/a><\/strong><\/em><\/p>\n<\/td>\n<td width=\"134\">\n<p align=\"center\">Brasil, Guinea Ecuatorial, \u2026<\/p>\n<\/td>\n<td width=\"124\">\n<p align=\"center\"><a href=\"http:\/\/www.itakaescolapios.org\/wp-content\/uploads\/2013\/10\/Portugues.pdf\" target=\"_blank\">Portugu\u00e9s<\/a><\/p>\n<\/td>\n<\/tr>\n<tr>\n<td width=\"209\">\n<p align=\"center\"><em><strong><a href=\"http:\/\/www.itakaescolapios.org\/wp-content\/uploads\/2013\/10\/Mano-HINDI1.pdf\">\u0939\u092e \u0906\u092a \u0915\u0947\u0932\u093f\u092f\u0947 \u0939\u0947; \u0939\u092e \u090f\u0915 \u0938\u093e\u0925 \u0936\u093f\u0915\u094d\u0937\u0923 \u0926\u0947\u0924\u0947 \u0939\u0947<\/a><\/strong><\/em><\/p>\n<\/td>\n<td width=\"134\">\n<p align=\"center\">India<\/p>\n<\/td>\n<td width=\"124\">\n<p align=\"center\"><a href=\"http:\/\/www.itakaescolapios.org\/wp-content\/uploads\/2013\/10\/Hindi1.pdf\" target=\"_blank\">Hindi<\/a><\/p>\n<\/td>\n<\/tr>\n<tr>\n<td width=\"209\">\n<p align=\"center\"><em><strong><a href=\"http:\/\/www.itakaescolapios.org\/wp-content\/uploads\/2013\/10\/Mano-EUSKERA2.pdf\">Zugatik, zurekin hezituz<\/a><\/strong><\/em><\/p>\n<\/td>\n<td width=\"134\">\n<p align=\"center\">Pa\u00eds Vasco y Navarra<\/p>\n<\/td>\n<td width=\"124\">\n<p align=\"center\"><a href=\"http:\/\/www.itakaescolapios.org\/wp-content\/uploads\/2013\/10\/euskera.pdf\" target=\"_blank\">Euskera<\/a><\/p>\n<\/td>\n<\/tr>\n<tr>\n<td width=\"209\">\n<p align=\"center\"><em><strong><a href=\"http:\/\/www.itakaescolapios.org\/wp-content\/uploads\/2013\/10\/Mano-VALENCIA.pdf\">Estem per tu, eduquem amb tu<\/a><\/strong><\/em><\/p>\n<\/td>\n<td width=\"134\">\n<p align=\"center\">Comunidad Valenciana, Catalu\u00f1a<\/p>\n<\/td>\n<td width=\"124\">\n<p align=\"center\"><a href=\"http:\/\/www.itakaescolapios.org\/wp-content\/uploads\/2013\/10\/Valencia.pdf\" target=\"_blank\">Valenci\u00e0<\/a><\/p>\n<\/td>\n<\/tr>\n<tr>\n<td width=\"209\">\n<p align=\"center\"><em><strong><a href=\"http:\/\/www.itakaescolapios.org\/wp-content\/uploads\/2013\/10\/Mano-QUECHUA1.pdf\">Qanrayku kashayku, qanwan yachachiyku<\/a><\/strong><\/em><\/p>\n<\/td>\n<td width=\"134\">\n<p align=\"center\">Bolivia<\/p>\n<\/td>\n<td style=\"text-align: center;\" width=\"124\"> <a href=\"http:\/\/www.itakaescolapios.org\/wp-content\/uploads\/2013\/10\/Quechua1.pdf\" target=\"_blank\">Quechua<\/a><\/td>\n<\/tr>\n<tr>\n<td width=\"209\">\n<p align=\"center\"><em><strong><a href=\"http:\/\/www.itakaescolapios.org\/wp-content\/uploads\/2013\/10\/Mano-MALAYALAM1.pdf\">\u0d28\u0d3f\u0d19\u0d4d\u0d19\u0d33\u0d4b\u0d1f\u0d4a\u0d2a\u0d4d\u0d2a\u0d02 \u0d0e\u0d28\u0d4d\u0d28\u0d46\u0d28\u0d4d\u0d28\u0d41\u0d02, \u0d35\u0d3f\u0d26\u0d4d\u0d2f \u0d15\u0d48\u0d2e\u0d3e\u0d31\u0d41\u0d28\u0d4d\u0d28\u0d24\u0d3f\u0d32\u0d42\u0d1f\u0d46<\/a><\/strong><\/em><\/p>\n<\/td>\n<td width=\"134\">\n<p align=\"center\">India<\/p>\n<\/td>\n<td width=\"124\">\n<p align=\"center\"><a href=\"http:\/\/www.itakaescolapios.org\/wp-content\/uploads\/2013\/10\/Malayalam1.pdf\" target=\"_blank\">Malayalam<\/a><\/p>\n<\/td>\n<\/tr>\n<tr>\n<td width=\"209\">\n<p align=\"center\"><b><i>Tozali pona yo, tozali kokotangisa na yo<\/i><\/b><\/p>\n<\/td>\n<td width=\"134\">\n<p align=\"center\">Congo<\/p>\n<\/td>\n<td width=\"124\">\n<p align=\"center\">LINGALA<\/p>\n<\/td>\n<\/tr>\n<tr>\n<td width=\"209\">\n<p align=\"center\"><b><i>Puye be ts\u00f2c ne y\u00f9 te, puye d\u00e0gne pu-a w\u00f9<\/i><\/b><\/p>\n<\/td>\n<td width=\"134\">\n<p align=\"center\">Camer\u00fan<\/p>\n<\/td>\n<td width=\"124\">\n<p align=\"center\">GHOMALA<\/p>\n<\/td>\n<\/tr>\n<tr>\n<td width=\"209\">\n<p align=\"center\"><b><i>Ver dze fen fo ven, v<\/i><\/b><b><i>\u00b6<\/i><\/b><b><i>sen danir i kintati<\/i><\/b><\/p>\n<\/td>\n<td width=\"134\">\n<p align=\"center\">Camer\u00fan<\/p>\n<\/td>\n<td width=\"124\">\n<p align=\"center\">LAMNSO<\/p>\n<\/td>\n<\/tr>\n<\/tbody>\n<\/table>\n<p><\/p>","protected":false},"excerpt":{"rendered":"<p>Desculpe, este conte\u00fado s\u00f3 est\u00e1 dispon\u00edvel em Espanhol Europeu.Descargate los archivos pinchando en los t\u00edtulos &nbsp; &nbsp; CARTELES DE LOS PORTI LOS Xti cartel en castellano [&hellip;]<\/p>\n","protected":false},"author":1,"featured_media":0,"parent":232,"menu_order":7,"comment_status":"closed","ping_status":"closed","template":"","meta":[],"acf":[],"_links":{"self":[{"href":"https:\/\/www.educa.itakaescolapios.org\/pt\/wp-json\/wp\/v2\/pages\/278"}],"collection":[{"href":"https:\/\/www.educa.itakaescolapios.org\/pt\/wp-json\/wp\/v2\/pages"}],"about":[{"href":"https:\/\/www.educa.itakaescolapios.org\/pt\/wp-json\/wp\/v2\/types\/page"}],"author":[{"embeddable":true,"href":"https:\/\/www.educa.itakaescolapios.org\/pt\/wp-json\/wp\/v2\/users\/1"}],"replies":[{"embeddable":true,"href":"https:\/\/www.educa.itakaescolapios.org\/pt\/wp-json\/wp\/v2\/comments?post=278"}],"version-history":[{"count":1,"href":"https:\/\/www.educa.itakaescolapios.org\/pt\/wp-json\/wp\/v2\/pages\/278\/revisions"}],"predecessor-version":[{"id":279,"href":"https:\/\/www.educa.itakaescolapios.org\/pt\/wp-json\/wp\/v2\/pages\/278\/revisions\/279"}],"up":[{"embeddable":true,"href":"https:\/\/www.educa.itakaescolapios.org\/pt\/wp-json\/wp\/v2\/pages\/232"}],"wp:attachment":[{"href":"https:\/\/www.educa.itakaescolapios.org\/pt\/wp-json\/wp\/v2\/media?parent=278"}],"curies":[{"name":"wp","href":"https:\/\/api.w.org\/{rel}","templated":true}]}}