{"id":2860,"date":"2020-11-06T09:46:20","date_gmt":"2020-11-06T08:46:20","guid":{"rendered":"https:\/\/www.educa.itakaescolapios.org\/?page_id=2860"},"modified":"2021-01-03T11:25:20","modified_gmt":"2021-01-03T10:25:20","slug":"transformando","status":"publish","type":"page","link":"https:\/\/www.educa.itakaescolapios.org\/pt\/campanas\/2020-2021-reiniciando-para-transformar\/actua\/transformando","title":{"rendered":"Transforma\u00e7\u00e3o (8 a +18)"},"content":{"rendered":"<p><img decoding=\"async\" loading=\"lazy\" class=\"alignright wp-image-2862\" src=\"https:\/\/www.educa.itakaescolapios.org\/wp-content\/uploads\/2020\/11\/MARINE_COLOR-recorte-150x150.jpg\" alt=\"\" width=\"350\" height=\"349\" srcset=\"https:\/\/www.educa.itakaescolapios.org\/wp-content\/uploads\/2020\/11\/MARINE_COLOR-recorte-150x150.jpg 150w, https:\/\/www.educa.itakaescolapios.org\/wp-content\/uploads\/2020\/11\/MARINE_COLOR-recorte-300x300.jpg 300w, https:\/\/www.educa.itakaescolapios.org\/wp-content\/uploads\/2020\/11\/MARINE_COLOR-recorte-1024x1020.jpg 1024w, https:\/\/www.educa.itakaescolapios.org\/wp-content\/uploads\/2020\/11\/MARINE_COLOR-recorte-768x765.jpg 768w, https:\/\/www.educa.itakaescolapios.org\/wp-content\/uploads\/2020\/11\/MARINE_COLOR-recorte-1536x1530.jpg 1536w, https:\/\/www.educa.itakaescolapios.org\/wp-content\/uploads\/2020\/11\/MARINE_COLOR-recorte-2048x2040.jpg 2048w, https:\/\/www.educa.itakaescolapios.org\/wp-content\/uploads\/2020\/11\/MARINE_COLOR-recorte-250x249.jpg 250w\" sizes=\"(max-width: 350px) 100vw, 350px\" \/><\/p>\n<p>\u00c9 o momento de <strong>colocar em pr\u00e1tica a solu\u00e7\u00e3o<\/strong> projetada.<\/p>\n<p>Os alunos(as), jovens representantes na assembleia, voltam para a sua turma ou grupo, com a s\u00e9ries de a\u00e7\u00f5es poss\u00edveis. O objetivo agora \u00e9 selecionar a a\u00e7\u00e3o mais adequada para implementa\u00e7\u00e3o.<\/p>\n<p>&nbsp;<\/p>\n<p><strong><a href=\"https:\/\/www.educa.itakaescolapios.org\/wp-content\/uploads\/2021\/01\/2-transformando-port.pdf\" target=\"_blank\" rel=\"noopener noreferrer\">Archivo PDF: Transforma\u00e7\u00e3o<\/a><\/strong><\/p>","protected":false},"excerpt":{"rendered":"<p>\u00c9 o momento de colocar em pr\u00e1tica a solu\u00e7\u00e3o projetada. Os alunos(as), jovens representantes na assembleia, voltam para a sua turma ou grupo, com a s\u00e9ries [&hellip;]<\/p>\n","protected":false},"author":5,"featured_media":0,"parent":2751,"menu_order":2,"comment_status":"closed","ping_status":"closed","template":"","meta":[],"acf":[],"_links":{"self":[{"href":"https:\/\/www.educa.itakaescolapios.org\/pt\/wp-json\/wp\/v2\/pages\/2860"}],"collection":[{"href":"https:\/\/www.educa.itakaescolapios.org\/pt\/wp-json\/wp\/v2\/pages"}],"about":[{"href":"https:\/\/www.educa.itakaescolapios.org\/pt\/wp-json\/wp\/v2\/types\/page"}],"author":[{"embeddable":true,"href":"https:\/\/www.educa.itakaescolapios.org\/pt\/wp-json\/wp\/v2\/users\/5"}],"replies":[{"embeddable":true,"href":"https:\/\/www.educa.itakaescolapios.org\/pt\/wp-json\/wp\/v2\/comments?post=2860"}],"version-history":[{"count":20,"href":"https:\/\/www.educa.itakaescolapios.org\/pt\/wp-json\/wp\/v2\/pages\/2860\/revisions"}],"predecessor-version":[{"id":4253,"href":"https:\/\/www.educa.itakaescolapios.org\/pt\/wp-json\/wp\/v2\/pages\/2860\/revisions\/4253"}],"up":[{"embeddable":true,"href":"https:\/\/www.educa.itakaescolapios.org\/pt\/wp-json\/wp\/v2\/pages\/2751"}],"wp:attachment":[{"href":"https:\/\/www.educa.itakaescolapios.org\/pt\/wp-json\/wp\/v2\/media?parent=2860"}],"curies":[{"name":"wp","href":"https:\/\/api.w.org\/{rel}","templated":true}]}}