{"id":2889,"date":"2020-11-06T11:30:55","date_gmt":"2020-11-06T10:30:55","guid":{"rendered":"https:\/\/www.educa.itakaescolapios.org\/?page_id=2889"},"modified":"2021-01-08T09:35:01","modified_gmt":"2021-01-08T08:35:01","slug":"photocall","status":"publish","type":"page","link":"https:\/\/www.educa.itakaescolapios.org\/pt\/campanas\/2020-2021-reiniciando-para-transformar\/carteleria-y-ambientacion\/photocall","title":{"rendered":"Photocall (2 a +18)"},"content":{"rendered":"<p><strong>Para tornar a campanha vis\u00edvel<\/strong>, podemos colocar o hall de entrada da escola, par\u00f3quia, centro s\u00f3cio-cultural, corredores do centro, etc&#8230; Pode at\u00e9 ser convertido em uma chamada fotogr\u00e1fica onde aulas, grupos&#8230; podem ser fotografados.<\/p>\n<p><strong><a href=\"https:\/\/www.educa.itakaescolapios.org\/wp-content\/uploads\/2021\/01\/2-ambientacion-photocall.pdf\" target=\"_blank\" rel=\"noopener noreferrer\">Arquivo PDF: Photocall<\/a><\/strong><\/p>\n<p style=\"padding-left: 80px;\"><a href=\"https:\/\/www.educa.itakaescolapios.org\/wp-content\/uploads\/2021\/01\/Anexo.1-fotos-Photocall.zip\" target=\"_blank\" rel=\"noopener noreferrer\">Anexo 1 fotos Photocall<\/a><\/p>\n<p style=\"padding-left: 80px;\"><a href=\"https:\/\/www.educa.itakaescolapios.org\/wp-content\/uploads\/2021\/01\/Anexo.2-fotos-Photocall.zip\" target=\"_blank\" rel=\"noopener noreferrer\">Anexo 2 fotos Photocall<\/a><\/p>\n<p style=\"padding-left: 80px;\"><a href=\"https:\/\/www.educa.itakaescolapios.org\/wp-content\/uploads\/2021\/01\/Anexo.3-fotos-Photocall.zip\" target=\"_blank\" rel=\"noopener noreferrer\">Anexo 3 fotos Photocall<\/a><\/p>\n<p style=\"padding-left: 80px;\"><a href=\"https:\/\/www.educa.itakaescolapios.org\/wp-content\/uploads\/2020\/11\/ANEXO-mascarilla-colorear.pdf\" target=\"_blank\" rel=\"noopener noreferrer\">M\u00e1scaras de colora\u00e7\u00e3o do anexo<\/a><\/p>\n<p style=\"padding-left: 80px;\"><a href=\"https:\/\/www.educa.itakaescolapios.org\/wp-content\/uploads\/2020\/11\/ANEXO-mapas-Photocall.pdf\" target=\"_blank\" rel=\"noopener noreferrer\">Anexo mapas de chamada fotogr\u00e1fica<\/a><\/p>\n<p><strong><img decoding=\"async\" loading=\"lazy\" class=\"alignleft wp-image-3014 size-medium\" src=\"https:\/\/www.educa.itakaescolapios.org\/wp-content\/uploads\/2020\/11\/mano-click-verde-en-el-medio-300x107.jpg\" alt=\"\" width=\"300\" height=\"107\" srcset=\"https:\/\/www.educa.itakaescolapios.org\/wp-content\/uploads\/2020\/11\/mano-click-verde-en-el-medio-300x107.jpg 300w, https:\/\/www.educa.itakaescolapios.org\/wp-content\/uploads\/2020\/11\/mano-click-verde-en-el-medio-1024x366.jpg 1024w, https:\/\/www.educa.itakaescolapios.org\/wp-content\/uploads\/2020\/11\/mano-click-verde-en-el-medio-768x275.jpg 768w, https:\/\/www.educa.itakaescolapios.org\/wp-content\/uploads\/2020\/11\/mano-click-verde-en-el-medio-1536x549.jpg 1536w, https:\/\/www.educa.itakaescolapios.org\/wp-content\/uploads\/2020\/11\/mano-click-verde-en-el-medio-2048x732.jpg 2048w, https:\/\/www.educa.itakaescolapios.org\/wp-content\/uploads\/2020\/11\/mano-click-verde-en-el-medio-250x89.jpg 250w\" sizes=\"(max-width: 300px) 100vw, 300px\" \/><\/strong><\/p>\n<p style=\"padding-left: 40px;\">\n<p><\/p>","protected":false},"excerpt":{"rendered":"<p>Para tornar a campanha vis\u00edvel, podemos colocar o hall de entrada da escola, par\u00f3quia, centro s\u00f3cio-cultural, corredores do centro, etc&#8230; Pode at\u00e9 ser convertido em uma [&hellip;]<\/p>\n","protected":false},"author":5,"featured_media":0,"parent":2864,"menu_order":2,"comment_status":"closed","ping_status":"closed","template":"","meta":[],"acf":[],"_links":{"self":[{"href":"https:\/\/www.educa.itakaescolapios.org\/pt\/wp-json\/wp\/v2\/pages\/2889"}],"collection":[{"href":"https:\/\/www.educa.itakaescolapios.org\/pt\/wp-json\/wp\/v2\/pages"}],"about":[{"href":"https:\/\/www.educa.itakaescolapios.org\/pt\/wp-json\/wp\/v2\/types\/page"}],"author":[{"embeddable":true,"href":"https:\/\/www.educa.itakaescolapios.org\/pt\/wp-json\/wp\/v2\/users\/5"}],"replies":[{"embeddable":true,"href":"https:\/\/www.educa.itakaescolapios.org\/pt\/wp-json\/wp\/v2\/comments?post=2889"}],"version-history":[{"count":38,"href":"https:\/\/www.educa.itakaescolapios.org\/pt\/wp-json\/wp\/v2\/pages\/2889\/revisions"}],"predecessor-version":[{"id":4307,"href":"https:\/\/www.educa.itakaescolapios.org\/pt\/wp-json\/wp\/v2\/pages\/2889\/revisions\/4307"}],"up":[{"embeddable":true,"href":"https:\/\/www.educa.itakaescolapios.org\/pt\/wp-json\/wp\/v2\/pages\/2864"}],"wp:attachment":[{"href":"https:\/\/www.educa.itakaescolapios.org\/pt\/wp-json\/wp\/v2\/media?parent=2889"}],"curies":[{"name":"wp","href":"https:\/\/api.w.org\/{rel}","templated":true}]}}