{"id":300,"date":"2018-04-04T10:56:18","date_gmt":"2018-04-04T08:56:18","guid":{"rendered":"http:\/\/www.educa.itakaescolapios.org\/?page_id=300"},"modified":"2018-04-04T10:56:18","modified_gmt":"2018-04-04T08:56:18","slug":"otros-recursos","status":"publish","type":"page","link":"https:\/\/www.educa.itakaescolapios.org\/pt\/campanas\/2014-2015-ven-y-veras-la-realidad-que-hay-detras\/otros-recursos","title":{"rendered":"OTROS RECURSOS"},"content":{"rendered":"<p class=\"qtranxs-available-languages-message qtranxs-available-languages-message-pt\">Desculpe, este conte\u00fado s\u00f3 est\u00e1 dispon\u00edvel em <a href=\"https:\/\/www.educa.itakaescolapios.org\/es\/wp-json\/wp\/v2\/pages\/300\" class=\"qtranxs-available-language-link qtranxs-available-language-link-es\" title=\"Espa\u00f1ol\">Espanhol Europeu<\/a>.<\/p><p>En esta secci\u00f3n puedes descargarte otros recursos que pueden ayudarte a presentar la campa\u00f1a y a dinamizarla en tu centro educativo, grupo de tiempo libre, parroquia, &#8230;<\/p>\n<p>Desc\u00e1rgate en el siguiente enlace el powerpoint que presenta la Campa\u00f1a de Solidaridad<\/p>\n<p>&nbsp;<\/p>\n<h1 style=\"text-align: center;\"><a href=\"https:\/\/mega.co.nz\/#!IoQ1lTSR!OM0tIDfvrMpvjQ-Tj2-aEYKXftNvyt02hcjFo3UOGkQ\" target=\"_blank\">VEN y VERAS, la realidad que hay detr\u00e1s<\/a><\/h1>\n<p>&nbsp;<\/p>\n<p>Si te es m\u00e1s c\u00f3modo, a continuaci\u00f3n puedes pinchar en el video presentaci\u00f3n de la Campa\u00f1a de Solidaridad<\/p>\n<p>http:\/\/youtu.be\/7aUvVHfWGeM<\/p>","protected":false},"excerpt":{"rendered":"<p>Desculpe, este conte\u00fado s\u00f3 est\u00e1 dispon\u00edvel em Espanhol Europeu.En esta secci\u00f3n puedes descargarte otros recursos que pueden ayudarte a presentar la campa\u00f1a y a dinamizarla en [&hellip;]<\/p>\n","protected":false},"author":1,"featured_media":0,"parent":234,"menu_order":9,"comment_status":"closed","ping_status":"closed","template":"","meta":[],"acf":[],"_links":{"self":[{"href":"https:\/\/www.educa.itakaescolapios.org\/pt\/wp-json\/wp\/v2\/pages\/300"}],"collection":[{"href":"https:\/\/www.educa.itakaescolapios.org\/pt\/wp-json\/wp\/v2\/pages"}],"about":[{"href":"https:\/\/www.educa.itakaescolapios.org\/pt\/wp-json\/wp\/v2\/types\/page"}],"author":[{"embeddable":true,"href":"https:\/\/www.educa.itakaescolapios.org\/pt\/wp-json\/wp\/v2\/users\/1"}],"replies":[{"embeddable":true,"href":"https:\/\/www.educa.itakaescolapios.org\/pt\/wp-json\/wp\/v2\/comments?post=300"}],"version-history":[{"count":1,"href":"https:\/\/www.educa.itakaescolapios.org\/pt\/wp-json\/wp\/v2\/pages\/300\/revisions"}],"predecessor-version":[{"id":301,"href":"https:\/\/www.educa.itakaescolapios.org\/pt\/wp-json\/wp\/v2\/pages\/300\/revisions\/301"}],"up":[{"embeddable":true,"href":"https:\/\/www.educa.itakaescolapios.org\/pt\/wp-json\/wp\/v2\/pages\/234"}],"wp:attachment":[{"href":"https:\/\/www.educa.itakaescolapios.org\/pt\/wp-json\/wp\/v2\/media?parent=300"}],"curies":[{"name":"wp","href":"https:\/\/api.w.org\/{rel}","templated":true}]}}