{"id":316,"date":"2018-04-04T11:00:57","date_gmt":"2018-04-04T09:00:57","guid":{"rendered":"http:\/\/www.educa.itakaescolapios.org\/?page_id=316"},"modified":"2018-04-04T11:00:57","modified_gmt":"2018-04-04T09:00:57","slug":"sugerencia-de-distribucion-de-actividades","status":"publish","type":"page","link":"https:\/\/www.educa.itakaescolapios.org\/pt\/campanas\/2015-2016-al-encuentro-con-atambua\/sugerencia-de-distribucion-de-actividades","title":{"rendered":"SUGERENCIA DE DISTRIBUCI\u00d3N DE ACTIVIDADES"},"content":{"rendered":"<p class=\"qtranxs-available-languages-message qtranxs-available-languages-message-pt\">Desculpe, este conte\u00fado s\u00f3 est\u00e1 dispon\u00edvel em <a href=\"https:\/\/www.educa.itakaescolapios.org\/es\/wp-json\/wp\/v2\/pages\/316\" class=\"qtranxs-available-language-link qtranxs-available-language-link-es\" title=\"Espa\u00f1ol\">Espanhol Europeu<\/a>.<\/p><p><a href=\"http:\/\/www.itakaescolapios.org\/wp-content\/uploads\/2016\/01\/Fotolia_1319557_Subscription_Monthly_L.jpg\"><img decoding=\"async\" loading=\"lazy\" class=\"alignleft size-medium wp-image-14467\" alt=\"chaulkboard\" src=\"http:\/\/www.itakaescolapios.org\/wp-content\/uploads\/2016\/01\/Fotolia_1319557_Subscription_Monthly_L-212x300.jpg\" width=\"212\" height=\"300\" \/><\/a>Dado el gran n\u00famero de actividades propuestas para el aula y para el Movimiento Calasanz os hacemos a continuaci\u00f3n una propuesta de distribuci\u00f3n que puede facilitar la programaci\u00f3n en las aulas y en los grupos.<\/p>\n<p><span style=\"color: #808000;\"><strong><a href=\"http:\/\/www.itakaescolapios.org\/wp-content\/uploads\/2016\/01\/Sugerencia-distribuci\u00f3n-de-las-actividades.pdf\"><span style=\"color: #808000;\">Sugerencia distribuci\u00f3n de las actividades<\/span><\/a><\/strong><\/span><\/p>","protected":false},"excerpt":{"rendered":"<p>Desculpe, este conte\u00fado s\u00f3 est\u00e1 dispon\u00edvel em Espanhol Europeu.Dado el gran n\u00famero de actividades propuestas para el aula y para el Movimiento Calasanz os hacemos a [&hellip;]<\/p>\n","protected":false},"author":1,"featured_media":0,"parent":236,"menu_order":6,"comment_status":"closed","ping_status":"closed","template":"","meta":[],"acf":[],"_links":{"self":[{"href":"https:\/\/www.educa.itakaescolapios.org\/pt\/wp-json\/wp\/v2\/pages\/316"}],"collection":[{"href":"https:\/\/www.educa.itakaescolapios.org\/pt\/wp-json\/wp\/v2\/pages"}],"about":[{"href":"https:\/\/www.educa.itakaescolapios.org\/pt\/wp-json\/wp\/v2\/types\/page"}],"author":[{"embeddable":true,"href":"https:\/\/www.educa.itakaescolapios.org\/pt\/wp-json\/wp\/v2\/users\/1"}],"replies":[{"embeddable":true,"href":"https:\/\/www.educa.itakaescolapios.org\/pt\/wp-json\/wp\/v2\/comments?post=316"}],"version-history":[{"count":1,"href":"https:\/\/www.educa.itakaescolapios.org\/pt\/wp-json\/wp\/v2\/pages\/316\/revisions"}],"predecessor-version":[{"id":317,"href":"https:\/\/www.educa.itakaescolapios.org\/pt\/wp-json\/wp\/v2\/pages\/316\/revisions\/317"}],"up":[{"embeddable":true,"href":"https:\/\/www.educa.itakaescolapios.org\/pt\/wp-json\/wp\/v2\/pages\/236"}],"wp:attachment":[{"href":"https:\/\/www.educa.itakaescolapios.org\/pt\/wp-json\/wp\/v2\/media?parent=316"}],"curies":[{"name":"wp","href":"https:\/\/api.w.org\/{rel}","templated":true}]}}