{"id":328,"date":"2018-04-04T11:04:10","date_gmt":"2018-04-04T09:04:10","guid":{"rendered":"http:\/\/www.educa.itakaescolapios.org\/?page_id=328"},"modified":"2018-04-04T11:04:10","modified_gmt":"2018-04-04T09:04:10","slug":"exploradores-de-itaka-escolapios","status":"publish","type":"page","link":"https:\/\/www.educa.itakaescolapios.org\/pt\/campanas\/2016-2017-expedicion-kamda-educar-anunciar-transformar\/exploradores-de-itaka-escolapios","title":{"rendered":"EXPLORADORES DE ITAKA-ESCOLAPIOS"},"content":{"rendered":"<p class=\"qtranxs-available-languages-message qtranxs-available-languages-message-pt\">Desculpe, este conte\u00fado s\u00f3 est\u00e1 dispon\u00edvel em <a href=\"https:\/\/www.educa.itakaescolapios.org\/es\/wp-json\/wp\/v2\/pages\/328\" class=\"qtranxs-available-language-link qtranxs-available-language-link-es\" title=\"Espa\u00f1ol\">Espanhol Europeu<\/a>.<\/p><p><\/p>\n<p style=\"text-align: justify;\"><a href=\"http:\/\/www.itakaescolapios.org\/wp-content\/uploads\/2016\/11\/AUTOB\u00daS.jpg\"><img decoding=\"async\" loading=\"lazy\" class=\"alignleft  wp-image-16951\" alt=\"autobus\" src=\"http:\/\/www.itakaescolapios.org\/wp-content\/uploads\/2016\/11\/AUTOB\u00daS-1024x720.jpg\" width=\"517\" height=\"363\" \/><\/a><\/p>\n<p style=\"text-align: justify;\">Tras finalizar la campa\u00f1a del curso pasado, que ha facilitado la construcci\u00f3n de un internado en Atamb\u00faa (Indonesia) comenzamos una nueva aventura capitaneados por Calasanz con el objetivo de descubrir la realidad escolapia en Kamda, al noreste de la India.<\/p>\n<p style=\"text-align: justify;\">Comenzamos de esta manera nuestra EXPEDICI\u00d3N KAMDA. Nuestra tripulaci\u00f3n toca tierra y se adentra en la India en un autob\u00fas, con un nuevo miembro Quisap, tras quedarse Look a finalizar sus estudios de secundaria en el internado de Atamb\u00faa.<\/p>\n<p style=\"text-align: justify;\"><strong><a href=\"http:\/\/www.itakaescolapios.org\/wp-content\/uploads\/2016\/11\/CALASANZ-EXPEDICI\u00d3N.pdf\" target=\"_blank\">CALASANZ<\/a><\/strong>. Encabeza la expedici\u00f3n, es el m\u00e1ximo responsable de todo lo que sucede en la misma. Su empe\u00f1o: llenar de &#8220;Piedad y Letras&#8221; todos los rincones del planeta.<\/p>\n<p style=\"text-align: justify;\"><strong><a href=\"http:\/\/www.itakaescolapios.org\/wp-content\/uploads\/2016\/11\/QUISAP-EXPEDICI\u00d3N.pdf\" target=\"_blank\">QUISAP<\/a><\/strong>. Naci\u00f3 en un cercano pueblo a la escuela de Kamda, en la que estudia sexto de primaria. Al igual que sus compa\u00f1eros de colegio le gusta mucho andar en bici, aunque pasa algo de miedo por los senderos que le llevan de su casa a la escuela. Est\u00e1 encantado por poder compartir con el resto del mundo sus paisajes y cultura.<\/p>\n<p style=\"text-align: justify;\"><strong><a href=\"http:\/\/www.itakaescolapios.org\/wp-content\/uploads\/2016\/11\/MARINE-EXPEDICI\u00d3N.pdf\" target=\"_blank\">MARINE<\/a><\/strong> Esta peque\u00f1a ni\u00f1a africana, pese a ser la m\u00e1s joven de la expedici\u00f3n es la responsable junto con Calasanz de guiar al grupo por sendas y caminos. Tiene la habilidad de descifrar mapas y un gran sentido de la orientaci\u00f3n. Le llaman la peque\u00f1a GPS. Preparando la expedici\u00f3n ha descubierto que es un pa\u00eds grand\u00edsimo, el s\u00e9ptimo m\u00e1s grande de la tierra, y el segundo en poblaci\u00f3n, all\u00ed viven m\u00e1s de 1.240 millones de personas.<\/p>\n<p style=\"text-align: justify;\"><strong><a href=\"http:\/\/www.itakaescolapios.org\/wp-content\/uploads\/2016\/11\/SUKAL-EXPEDICI\u00d3N.pdf\" target=\"_blank\">SUKAL<\/a><\/strong>. Ni\u00f1o europeo, el mayor de los expedicionarios. Su misi\u00f3n ser\u00e1 la de alimentar a todos los miembros de la expedici\u00f3n. Le gustan las campa\u00f1as de solidaridad, porque le encanta trabajar con alimentos de todos los pa\u00edses y probar todo tipo de ingredientes. Su lema: \u201chay que poner sal a la vida\u201d. En la India ha descubierto la pasi\u00f3n de sus habitantes por el picante, en este viaje le est\u00e1n sorprendiendo un mont\u00f3n de especias desconocidas.<\/p>\n<p style=\"text-align: justify;\"><strong><a href=\"http:\/\/www.itakaescolapios.org\/wp-content\/uploads\/2016\/11\/BLA-EXPEDICI\u00d3N.pdf\" target=\"_blank\">BLA<\/a><\/strong>. Nuestra adolescente centroamericana es la responsable de comunicar y difundir todo lo que ocurra en la expedici\u00f3n. Se maneja como la mejor en las redes sociales. Lo mismo se comunica en morse que con 140 caracteres. Este viaje a la India es todo un reto, porque all\u00ed se hablan m\u00e1s de 1.600 idiomas y dialectos, con alfabetos totalmente distintos y originales. Ha tenido que practicar mucho para manejar el Mundari, que es la lengua m\u00e1s hablada en Kamda.<\/p>\n<p style=\"text-align: justify;\"><strong><a href=\"http:\/\/www.itakaescolapios.org\/wp-content\/uploads\/2016\/11\/JIWA-EXPEDICI\u00d3N.pdf\" target=\"_blank\">JIWA<\/a><\/strong>. Sudamericana y responsable de que el motor del autob\u00fas no se pare, as\u00ed como de mantener todo a punto. Tiene una pasi\u00f3n: montar, desmontar y arreglar todo tipo de mecanismos. Ha trabajado mucho para poner a punto el autob\u00fas en el que viajan hacia Kamda. Est\u00e1 muy ilusionada por viajar al pa\u00eds que invent\u00f3 la tinta, el acero, algo tan sencillo como los botones.<\/p>\n<p style=\"text-align: justify;\">\n<p><\/p>","protected":false},"excerpt":{"rendered":"<p>Desculpe, este conte\u00fado s\u00f3 est\u00e1 dispon\u00edvel em Espanhol Europeu. Tras finalizar la campa\u00f1a del curso pasado, que ha facilitado la construcci\u00f3n de un internado en Atamb\u00faa [&hellip;]<\/p>\n","protected":false},"author":1,"featured_media":0,"parent":238,"menu_order":4,"comment_status":"closed","ping_status":"closed","template":"","meta":[],"acf":[],"_links":{"self":[{"href":"https:\/\/www.educa.itakaescolapios.org\/pt\/wp-json\/wp\/v2\/pages\/328"}],"collection":[{"href":"https:\/\/www.educa.itakaescolapios.org\/pt\/wp-json\/wp\/v2\/pages"}],"about":[{"href":"https:\/\/www.educa.itakaescolapios.org\/pt\/wp-json\/wp\/v2\/types\/page"}],"author":[{"embeddable":true,"href":"https:\/\/www.educa.itakaescolapios.org\/pt\/wp-json\/wp\/v2\/users\/1"}],"replies":[{"embeddable":true,"href":"https:\/\/www.educa.itakaescolapios.org\/pt\/wp-json\/wp\/v2\/comments?post=328"}],"version-history":[{"count":1,"href":"https:\/\/www.educa.itakaescolapios.org\/pt\/wp-json\/wp\/v2\/pages\/328\/revisions"}],"predecessor-version":[{"id":329,"href":"https:\/\/www.educa.itakaescolapios.org\/pt\/wp-json\/wp\/v2\/pages\/328\/revisions\/329"}],"up":[{"embeddable":true,"href":"https:\/\/www.educa.itakaescolapios.org\/pt\/wp-json\/wp\/v2\/pages\/238"}],"wp:attachment":[{"href":"https:\/\/www.educa.itakaescolapios.org\/pt\/wp-json\/wp\/v2\/media?parent=328"}],"curies":[{"name":"wp","href":"https:\/\/api.w.org\/{rel}","templated":true}]}}