{"id":332,"date":"2018-04-04T11:05:06","date_gmt":"2018-04-04T09:05:06","guid":{"rendered":"http:\/\/www.educa.itakaescolapios.org\/?page_id=332"},"modified":"2018-04-04T11:05:06","modified_gmt":"2018-04-04T09:05:06","slug":"dossier-de-actividades-para-el-aula","status":"publish","type":"page","link":"https:\/\/www.educa.itakaescolapios.org\/pt\/campanas\/2016-2017-expedicion-kamda-educar-anunciar-transformar\/dossier-de-actividades-para-el-aula","title":{"rendered":"DOSSIER DE ACTIVIDADES PARA EL AULA"},"content":{"rendered":"<p class=\"qtranxs-available-languages-message qtranxs-available-languages-message-pt\">Desculpe, este conte\u00fado s\u00f3 est\u00e1 dispon\u00edvel em <a href=\"https:\/\/www.educa.itakaescolapios.org\/es\/wp-json\/wp\/v2\/pages\/332\" class=\"qtranxs-available-language-link qtranxs-available-language-link-es\" title=\"Espa\u00f1ol\">Espanhol Europeu<\/a>.<\/p><p><span style=\"color: #000000;\"><a href=\"http:\/\/www.itakaescolapios.org\/wp-content\/uploads\/2016\/11\/Fotolia_27229888_Subscription_Monthly_XL.jpg\"><img decoding=\"async\" loading=\"lazy\" class=\"wp-image-17072 alignleft\" alt=\"Crayons bien taill\u00e9s\" src=\"http:\/\/www.itakaescolapios.org\/wp-content\/uploads\/2016\/11\/Fotolia_27229888_Subscription_Monthly_XL-904x1024.jpg\" width=\"184\" height=\"209\" \/><\/a>A continuaci\u00f3n presentamos una serie de actividades orientativas para trabajar en las aulas (tambi\u00e9n pueden ser trasladadas al \u00e1mbito extraescolar), la importancia de la educaci\u00f3n como elemento de cambio personal y de transformaci\u00f3n social.<\/span><\/p>\n<p><span style=\"color: #000000;\">Hemos intentado hacer una selecci\u00f3n atractiva que complemente a las seis actividades centrales de la campa\u00f1a: pasaporte solidario, coleccion de cromos, photocall, pedalea por Kamda, certamen de baile Baha-parab y oramos con Kamda. Adem\u00e1s podr\u00e9is encontrar todas las actividades de la Campa\u00f1a de Solidaridad en el portal EDUCA de nuestra p\u00e1gina web.<\/span><\/p>\n<table width=\"495\" border=\"0\" cellspacing=\"0\" cellpadding=\"0\">\n<colgroup>\n<col width=\"108\" \/>\n<col width=\"49\" \/>\n<col width=\"52\" \/>\n<col width=\"286\" \/> <\/colgroup>\n<tbody>\n<tr>\n<td width=\"108\" height=\"20\">ETAPA<\/td>\n<td width=\"49\">CURSO<\/td>\n<td width=\"52\">EDAD<\/td>\n<td width=\"286\">ACTIVIDAD<\/td>\n<\/tr>\n<tr>\n<td rowspan=\"3\" width=\"108\" height=\"81\">INFANTIL<\/td>\n<td width=\"49\">1\u00ba<\/td>\n<td width=\"52\">3-4<\/td>\n<td width=\"286\"><a href=\"http:\/\/www.educa.itakaescolapios.org\/cooperacion-norte-sur\/campana-2016-2017-memory-1\/?searchterm=2016-2017*\" target=\"_blank\">MEMORY<\/a><\/td>\n<\/tr>\n<tr>\n<td width=\"49\" height=\"27\">2\u00ba<\/td>\n<td width=\"52\">4-5<\/td>\n<td width=\"286\"><a href=\"http:\/\/www.educa.itakaescolapios.org\/cooperacion-norte-sur\/campana-2016-2017-complementos\/?searchterm=2016-2017*\" target=\"_blank\">COMPLEMENTOS<\/a><\/td>\n<\/tr>\n<tr>\n<td width=\"49\" height=\"27\">3\u00ba<\/td>\n<td width=\"52\">5-6<\/td>\n<td width=\"286\"><a href=\"http:\/\/www.educa.itakaescolapios.org\/cooperacion-norte-sur\/campana-2016-2017-expedicion-kamda\/\" target=\"_blank\">EXPEDICI\u00d3N KAMDA<\/a><\/td>\n<\/tr>\n<tr>\n<td rowspan=\"6\" width=\"108\" height=\"162\">PRIMARIA<\/td>\n<td width=\"49\">1\u00ba<\/td>\n<td width=\"52\">6-7<\/td>\n<td width=\"286\"><a href=\"http:\/\/www.educa.itakaescolapios.org\/cooperacion-norte-sur\/2016-2017-a1descubre-nuestra-aventura-diaria\/?searchterm=2016-2017*\">DESCUBRE NUESTRA AVENTURA DIARIA<\/a><\/td>\n<\/tr>\n<tr>\n<td width=\"49\" height=\"27\">2\u00ba<\/td>\n<td width=\"52\">7-8<\/td>\n<td width=\"286\"><a href=\"http:\/\/www.educa.itakaescolapios.org\/cooperacion-norte-sur\/campana-2016-2017-al-ritmo-de-kamda-1\/?searchterm=2016-2017*\">AL RITMO DE KAMDA<\/a><\/td>\n<\/tr>\n<tr>\n<td width=\"49\" height=\"27\">3\u00ba<\/td>\n<td width=\"52\">8-9<\/td>\n<td width=\"286\"><a href=\"http:\/\/www.educa.itakaescolapios.org\/cooperacion-norte-sur\/campana-2016-2017-descubriendo-kamda\/?searchterm=2016-2017*\">DESCUBRIENDO KAMDA<\/a><\/td>\n<\/tr>\n<tr>\n<td width=\"49\" height=\"27\">4\u00ba<\/td>\n<td width=\"52\">9-10<\/td>\n<td width=\"286\"><a href=\"http:\/\/www.educa.itakaescolapios.org\/cooperacion-norte-sur\/campana-2016-2017-laberinto-en-kamda\/?searchterm=2016-2017*\">LABERINTO EN KAMDA<\/a><\/td>\n<\/tr>\n<tr>\n<td width=\"49\" height=\"27\">5\u00ba<\/td>\n<td width=\"52\">10-11<\/td>\n<td width=\"286\"><a href=\"http:\/\/www.educa.itakaescolapios.org\/cooperacion-norte-sur\/campana-2016-2017-travesia-en-autobus\/?searchterm=2016-2017*\">TRAVES\u00cdA EN AUTOB\u00daS<\/a><\/td>\n<\/tr>\n<tr>\n<td width=\"49\" height=\"27\">6\u00ba<\/td>\n<td width=\"52\">11-12<\/td>\n<td width=\"286\"><a href=\"http:\/\/www.educa.itakaescolapios.org\/cooperacion-norte-sur\/campana-2016-2017-concurso-sobre-kamda-1\/?searchterm=2016-2017*\" target=\"_blank\">CONCURSO SOBRE KAMDA<\/a><\/td>\n<\/tr>\n<tr>\n<td rowspan=\"4\" width=\"108\" height=\"108\">SECUNDARIA<\/td>\n<td width=\"49\">1\u00ba<\/td>\n<td width=\"52\">12-13<\/td>\n<td width=\"286\"><a href=\"http:\/\/www.educa.itakaescolapios.org\/cooperacion-norte-sur\/campana-2016-2017-imaginacion\/?searchterm=2016-2017*\">IMAGINACI\u00d3N<\/a><\/td>\n<\/tr>\n<tr>\n<td width=\"49\" height=\"27\">2\u00ba<\/td>\n<td width=\"52\">13-14<\/td>\n<td width=\"286\"><a href=\"http:\/\/www.educa.itakaescolapios.org\/cooperacion-norte-sur\/campana-2016-2017-una-comunicacion-diferente\/?searchterm=2016-2017*\">UNA COMUNICACI\u00d3N DIFERENTE<\/a><\/td>\n<\/tr>\n<tr>\n<td width=\"49\" height=\"27\">3\u00ba<\/td>\n<td width=\"52\">14-15<\/td>\n<td width=\"286\"><a href=\"http:\/\/www.educa.itakaescolapios.org\/cooperacion-norte-sur\/campana-2016-2017-absentismo\/?searchterm=2016-2017*\" target=\"_blank\">ABSENTISMO<\/a><\/td>\n<\/tr>\n<tr>\n<td width=\"49\" height=\"27\">4\u00ba<\/td>\n<td width=\"52\">15-16<\/td>\n<td width=\"286\"><a href=\"http:\/\/www.educa.itakaescolapios.org\/cooperacion-norte-sur\/campana-2016-2017-concurso-de-kamda\/?searchterm=2016-2017*\" target=\"_blank\">CONCURSO DE KAMDA<\/a><\/td>\n<\/tr>\n<tr>\n<td rowspan=\"2\" width=\"108\" height=\"54\">BACHILLERATO<\/td>\n<td width=\"49\">1\u00ba<\/td>\n<td width=\"52\">16-17<\/td>\n<td width=\"286\"><a href=\"http:\/\/www.educa.itakaescolapios.org\/cooperacion-norte-sur\/campana-2016-2017-informando-para-que-informeis\/?searchterm=2016-2017*\" target=\"_blank\">INFORMANDO PARA QUE INFORM\u00c9IS<\/a><\/td>\n<\/tr>\n<tr>\n<td width=\"49\" height=\"27\">2\u00ba<\/td>\n<td width=\"52\">17-18<\/td>\n<td width=\"286\"><a href=\"http:\/\/www.educa.itakaescolapios.org\/cooperacion-norte-sur\/campana-2016-2017-robo-en-la-galeria\/?searchterm=2016-2017*\" target=\"_blank\">ROBO EN LA GALER\u00cdA <\/a><\/td>\n<\/tr>\n<\/tbody>\n<\/table>\n<p>A continuaci\u00f3n os apuntamos un posible reparto de actividades para los colegios de la provincia de EMA\u00daS.<\/p>\n<p style=\"text-align: center;\"><strong><span style=\"color: #808000;\"><a href=\"http:\/\/www.itakaescolapios.org\/wp-content\/uploads\/2016\/11\/Distribuci\u00f3n-de-actividades.pdf\" target=\"_blank\"><span style=\"color: #808000;\">Sugerencia distribuci\u00f3n de actividades para el aula y el movimiento Calasanz en Ema\u00fas<\/span><\/a><\/span><\/strong><\/p>\n<p><\/p>","protected":false},"excerpt":{"rendered":"<p>Desculpe, este conte\u00fado s\u00f3 est\u00e1 dispon\u00edvel em Espanhol Europeu.A continuaci\u00f3n presentamos una serie de actividades orientativas para trabajar en las aulas (tambi\u00e9n pueden ser trasladadas al [&hellip;]<\/p>\n","protected":false},"author":1,"featured_media":0,"parent":238,"menu_order":6,"comment_status":"closed","ping_status":"closed","template":"","meta":[],"acf":[],"_links":{"self":[{"href":"https:\/\/www.educa.itakaescolapios.org\/pt\/wp-json\/wp\/v2\/pages\/332"}],"collection":[{"href":"https:\/\/www.educa.itakaescolapios.org\/pt\/wp-json\/wp\/v2\/pages"}],"about":[{"href":"https:\/\/www.educa.itakaescolapios.org\/pt\/wp-json\/wp\/v2\/types\/page"}],"author":[{"embeddable":true,"href":"https:\/\/www.educa.itakaescolapios.org\/pt\/wp-json\/wp\/v2\/users\/1"}],"replies":[{"embeddable":true,"href":"https:\/\/www.educa.itakaescolapios.org\/pt\/wp-json\/wp\/v2\/comments?post=332"}],"version-history":[{"count":1,"href":"https:\/\/www.educa.itakaescolapios.org\/pt\/wp-json\/wp\/v2\/pages\/332\/revisions"}],"predecessor-version":[{"id":333,"href":"https:\/\/www.educa.itakaescolapios.org\/pt\/wp-json\/wp\/v2\/pages\/332\/revisions\/333"}],"up":[{"embeddable":true,"href":"https:\/\/www.educa.itakaescolapios.org\/pt\/wp-json\/wp\/v2\/pages\/238"}],"wp:attachment":[{"href":"https:\/\/www.educa.itakaescolapios.org\/pt\/wp-json\/wp\/v2\/media?parent=332"}],"curies":[{"name":"wp","href":"https:\/\/api.w.org\/{rel}","templated":true}]}}