{"id":3582,"date":"2020-11-18T15:02:05","date_gmt":"2020-11-18T14:02:05","guid":{"rendered":"https:\/\/www.educa.itakaescolapios.org\/?page_id=3582"},"modified":"2024-05-06T09:35:29","modified_gmt":"2024-05-06T07:35:29","slug":"que-es-aps-2","status":"publish","type":"page","link":"https:\/\/www.educa.itakaescolapios.org\/pt\/aprendizaje-y-servicio\/que-es-aps-2","title":{"rendered":"O que \u00e9 Aprendizagem Solid\u00e1ria"},"content":{"rendered":"<p><\/p>\n<div class=\"bloque-show\" style=\"text-align: center;\">\n<div class=\"bloque-img-peq\"><a href=\"https:\/\/www.educa.itakaescolapios.org\/aprendizaje-y-servicio\/que-es-aps-2\"><br \/>\n<img decoding=\"async\" loading=\"lazy\" class=\"aligncenter wp-image-3566 size-medium\" style=\"width: 200px; height: auto;\" src=\"https:\/\/www.educa.itakaescolapios.org\/wp-content\/uploads\/2020\/11\/Que-es-ApS-300x254.png\" alt=\"\" width=\"300\" height=\"254\" srcset=\"https:\/\/www.educa.itakaescolapios.org\/wp-content\/uploads\/2020\/11\/Que-es-ApS-300x254.png 300w, https:\/\/www.educa.itakaescolapios.org\/wp-content\/uploads\/2020\/11\/Que-es-ApS-250x212.png 250w, https:\/\/www.educa.itakaescolapios.org\/wp-content\/uploads\/2020\/11\/Que-es-ApS.png 540w\" sizes=\"(max-width: 300px) 100vw, 300px\" \/><\/a><\/div>\n<p><a href=\"https:\/\/www.educa.itakaescolapios.org\/aprendizaje-y-servicio\/que-es-aps-2\">O que \u00e9 Aprendizagem Solid\u00e1ria<\/a><\/p>\n<\/div>\n<div class=\"bloque-show\" style=\"text-align: center;\">\n<div class=\"bloque-img-peq\"><a href=\"https:\/\/www.educa.itakaescolapios.org\/aprendizaje-y-servicio\/ejemplos-y-buenas-practicas\"><img decoding=\"async\" loading=\"lazy\" class=\"size-medium wp-image-3567 aligncenter\" style=\"width: 100px; height: auto;\" src=\"https:\/\/www.educa.itakaescolapios.org\/wp-content\/uploads\/2020\/11\/comparte-ApS-300x207.png\" alt=\"\" width=\"300\" height=\"207\" srcset=\"https:\/\/www.educa.itakaescolapios.org\/wp-content\/uploads\/2020\/11\/comparte-ApS-300x207.png 300w, https:\/\/www.educa.itakaescolapios.org\/wp-content\/uploads\/2020\/11\/comparte-ApS-250x173.png 250w, https:\/\/www.educa.itakaescolapios.org\/wp-content\/uploads\/2020\/11\/comparte-ApS.png 727w\" sizes=\"(max-width: 300px) 100vw, 300px\" \/><\/a><\/div>\n<p><a href=\"https:\/\/www.educa.itakaescolapios.org\/aprendizaje-y-servicio\/ejemplos-y-buenas-practicas\">Exemplos e boas pr\u00e1ticas<\/a><\/p>\n<\/div>\n<div class=\"bloque-show\" style=\"text-align: center;\">\n<div class=\"bloque-img-peq\"><a href=\"https:\/\/www.educa.itakaescolapios.org\/aprendizaje-y-servicio\/comparte-tu-experiencia-de-aps\"><img decoding=\"async\" loading=\"lazy\" width=\"300\" height=\"231\" class=\"size-medium wp-image-3568 aligncenter\" style=\"width: 100px; height: auto;\" src=\"https:\/\/www.educa.itakaescolapios.org\/wp-content\/uploads\/2020\/11\/Buenas-practicas-APS-300x231.png\" srcset=\"https:\/\/www.educa.itakaescolapios.org\/wp-content\/uploads\/2020\/11\/Buenas-practicas-APS-300x231.png 300w, https:\/\/www.educa.itakaescolapios.org\/wp-content\/uploads\/2020\/11\/Buenas-practicas-APS-250x193.png 250w, https:\/\/www.educa.itakaescolapios.org\/wp-content\/uploads\/2020\/11\/Buenas-practicas-APS.png 310w\" sizes=\"(max-width: 300px) 100vw, 300px\" \/><\/a><\/div>\n<p><a href=\"https:\/\/www.educa.itakaescolapios.org\/aprendizaje-y-servicio\/comparte-tu-experiencia-de-aps\">Compartilhe sua experi\u00eancia ApS<\/a><\/p>\n<\/div>\n<p>Aprendizagem Solid\u00e1ria \u00e9 uma metodologia que integra o aprendizado experimental com o servi\u00e7o comunit\u00e1rio em resposta \u00e0s necessidades identificadas. Abrange, portanto, aspectos pedag\u00f3gicos e transforma\u00e7\u00e3o social, ambiental, formativa&#8230;<br \/>\nCom o ApS, o objetivo \u00e9 fornecer treinamento abrangente e de qualidade que incorpore aspectos \u00e9ticos da pr\u00e1tica de transforma\u00e7\u00e3o, visando ao desenvolvimento de uma sociedade mais justa e sustent\u00e1vel.<\/p>\n<p>Como plataforma educativa, estamos convencidos de que, a partir do campo educacional, \u00e9 necess\u00e1rio promover a\u00e7\u00f5es que ofere\u00e7am aos estudantes a possibilidade de intervir diretamente na modifica\u00e7\u00e3o do ambiente. Dessa forma,\u00a0 o educando se tornar\u00e1 um agente din\u00e2mico na sociedade e um protagonista em sua vida. . Assim, ao analisar, projetar, promover, compartilhar e avaliar seus pr\u00f3prios projetos de PSA, n\u00e3o apenas treinamos os adultos de amanh\u00e3, mas tamb\u00e9m fazemos das crian\u00e7as e dos jovens de hoje os protagonistas da mudan\u00e7a.<\/p>\n<h3>Como se aprofundar e aprender mais sobre Aprendizagem Solid\u00e1ria<\/h3>\n<p>Existem muitos guias e materiais sobre o ApS aos quais voc\u00ea pode ir para obter mais informa\u00e7\u00f5es, fornecemos alguns, se voc\u00ea tiver mais alguma sugest\u00e3o, fa\u00e7a-o escrevendo para o e-mail: <a href=\"mailto:educa@itakaescolapios.org\">educa@itakaescolapios.org<\/a><\/p>\n<p>&nbsp;<\/p>\n<h4 style=\"padding-left: 40px;\"><strong>Alguns websites de refer\u00eancia:<\/strong><\/h4>\n<p style=\"padding-left: 80px;\">CENPEC: Centro de Estudos e Pesquisas em Educa\u00e7\u00e3o, Cultura e A\u00e7\u00e3o Comunit\u00e1ria: <a href=\"https:\/\/www.cenpec.org.br\/premio-aprendizagem-solidaria#oque\" target=\"_blank\" rel=\"noopener noreferrer\">https:\/\/www.cenpec.org.br\/premio-aprendizagem-solidaria#oque<\/a><\/p>\n<p style=\"padding-left: 80px;\">Red Brasilera de Aprendizaje Solidario &#8211; Rede Brasileira de aprendizagem \u00a0solid\u00e1ria <a href=\"https:\/\/www.facebook.com\/RedeBrasileiraAprendizagemSolidaria\/\" target=\"_blank\" rel=\"noopener noreferrer\">https:\/\/www.facebook.com\/RedeBrasileiraAprendizagemSolidaria\/<\/a><\/p>\n<p style=\"padding-left: 80px;\">CLAYSS. Centro Latinoamericano de Aprendizaje y Servicio Solidario: <a href=\"https:\/\/www.clayss.org.ar\/index.html\" target=\"_blank\" rel=\"noopener noreferrer\">https:\/\/www.clayss.org.ar\/index.html<\/a><\/p>\n<p>&nbsp;<\/p>\n<h4 style=\"padding-left: 40px;\"><strong>Alguns Guias:<\/strong><\/h4>\n<p style=\"padding-left: 80px;\"><a href=\"https:\/\/www.educa.itakaescolapios.org\/wp-content\/uploads\/2021\/01\/PT1.guia_aprendizagem_solid\u00e1ria_brasil.pdf\" target=\"_blank\" rel=\"noopener noreferrer\">Guia<\/a> para el o desenvolvimento de projetos de aprendizagem Solid\u00e1ria <a href=\"https:\/\/www.cenpec.org.br\/tematicas\/aprendizagem-solidaria-educacao-alem-dos-muros-da-escola\" target=\"_blank\" rel=\"noopener noreferrer\">https:\/\/www.cenpec.org.br\/tematicas\/aprendizagem-solidaria-educacao-alem-dos-muros-da-escola<\/a><\/p>\n<p style=\"padding-left: 80px;\"><a href=\"https:\/\/www.educa.itakaescolapios.org\/wp-content\/uploads\/2021\/01\/PT2.-Aprendizagem-solidaria_ed-transformadora_publicado-1.pdf\" target=\"_blank\" rel=\"noopener noreferrer\">Guia<\/a> de Aprendizagem Solid\u00e1ria Para una Educa\u00e7\u00e3o Transformadora<\/p>\n<p>&nbsp;<\/p>\n<p><img decoding=\"async\" loading=\"lazy\" class=\"aligncenter size-medium wp-image-3014\" src=\"https:\/\/www.educa.itakaescolapios.org\/wp-content\/uploads\/2020\/11\/mano-click-verde-en-el-medio-300x107.jpg\" alt=\"\" width=\"300\" height=\"107\" srcset=\"https:\/\/www.educa.itakaescolapios.org\/wp-content\/uploads\/2020\/11\/mano-click-verde-en-el-medio-300x107.jpg 300w, https:\/\/www.educa.itakaescolapios.org\/wp-content\/uploads\/2020\/11\/mano-click-verde-en-el-medio-1024x366.jpg 1024w, https:\/\/www.educa.itakaescolapios.org\/wp-content\/uploads\/2020\/11\/mano-click-verde-en-el-medio-768x275.jpg 768w, https:\/\/www.educa.itakaescolapios.org\/wp-content\/uploads\/2020\/11\/mano-click-verde-en-el-medio-1536x549.jpg 1536w, https:\/\/www.educa.itakaescolapios.org\/wp-content\/uploads\/2020\/11\/mano-click-verde-en-el-medio-2048x732.jpg 2048w, https:\/\/www.educa.itakaescolapios.org\/wp-content\/uploads\/2020\/11\/mano-click-verde-en-el-medio-250x89.jpg 250w\" sizes=\"(max-width: 300px) 100vw, 300px\" \/><\/p>","protected":false},"excerpt":{"rendered":"<p>O que \u00e9 Aprendizagem Solid\u00e1ria Exemplos e boas pr\u00e1ticas Compartilhe sua experi\u00eancia ApS Aprendizagem Solid\u00e1ria \u00e9 uma metodologia que integra o aprendizado experimental com o servi\u00e7o [&hellip;]<\/p>\n","protected":false},"author":1,"featured_media":0,"parent":15,"menu_order":0,"comment_status":"closed","ping_status":"closed","template":"","meta":[],"acf":[],"_links":{"self":[{"href":"https:\/\/www.educa.itakaescolapios.org\/pt\/wp-json\/wp\/v2\/pages\/3582"}],"collection":[{"href":"https:\/\/www.educa.itakaescolapios.org\/pt\/wp-json\/wp\/v2\/pages"}],"about":[{"href":"https:\/\/www.educa.itakaescolapios.org\/pt\/wp-json\/wp\/v2\/types\/page"}],"author":[{"embeddable":true,"href":"https:\/\/www.educa.itakaescolapios.org\/pt\/wp-json\/wp\/v2\/users\/1"}],"replies":[{"embeddable":true,"href":"https:\/\/www.educa.itakaescolapios.org\/pt\/wp-json\/wp\/v2\/comments?post=3582"}],"version-history":[{"count":118,"href":"https:\/\/www.educa.itakaescolapios.org\/pt\/wp-json\/wp\/v2\/pages\/3582\/revisions"}],"predecessor-version":[{"id":8479,"href":"https:\/\/www.educa.itakaescolapios.org\/pt\/wp-json\/wp\/v2\/pages\/3582\/revisions\/8479"}],"up":[{"embeddable":true,"href":"https:\/\/www.educa.itakaescolapios.org\/pt\/wp-json\/wp\/v2\/pages\/15"}],"wp:attachment":[{"href":"https:\/\/www.educa.itakaescolapios.org\/pt\/wp-json\/wp\/v2\/media?parent=3582"}],"curies":[{"name":"wp","href":"https:\/\/api.w.org\/{rel}","templated":true}]}}