{"id":3623,"date":"2020-11-18T22:34:24","date_gmt":"2020-11-18T21:34:24","guid":{"rendered":"https:\/\/www.educa.itakaescolapios.org\/?page_id=3623"},"modified":"2021-01-28T13:03:30","modified_gmt":"2021-01-28T12:03:30","slug":"comparte-tu-experiencia-de-aps","status":"publish","type":"page","link":"https:\/\/www.educa.itakaescolapios.org\/pt\/aprendizaje-y-servicio\/comparte-tu-experiencia-de-aps","title":{"rendered":"Compartilhe sua experi\u00eancia ApS"},"content":{"rendered":"<p><\/p>\n<div class=\"bloque-show\" style=\"text-align: center;\">\n<div class=\"bloque-img-peq\"><a href=\"https:\/\/www.educa.itakaescolapios.org\/aprendizaje-y-servicio\/que-es-aps-2\"><br \/>\n<img decoding=\"async\" loading=\"lazy\" class=\"aligncenter wp-image-3566 size-medium\" style=\"width: 100px; height: auto;\" src=\"https:\/\/www.educa.itakaescolapios.org\/wp-content\/uploads\/2020\/11\/Que-es-ApS-300x254.png\" alt=\"\" width=\"300\" height=\"254\" srcset=\"https:\/\/www.educa.itakaescolapios.org\/wp-content\/uploads\/2020\/11\/Que-es-ApS-300x254.png 300w, https:\/\/www.educa.itakaescolapios.org\/wp-content\/uploads\/2020\/11\/Que-es-ApS-250x212.png 250w, https:\/\/www.educa.itakaescolapios.org\/wp-content\/uploads\/2020\/11\/Que-es-ApS.png 540w\" sizes=\"(max-width: 300px) 100vw, 300px\" \/><\/a><\/div>\n<p><a href=\"https:\/\/www.educa.itakaescolapios.org\/aprendizaje-y-servicio\/que-es-aps-2\">O que \u00e9 ApS<\/a><\/p>\n<\/div>\n<div class=\"bloque-show\" style=\"text-align: center;\">\n<div class=\"bloque-img-peq\"><a href=\"https:\/\/www.educa.itakaescolapios.org\/aprendizaje-y-servicio\/ejemplos-y-buenas-practicas\"><img decoding=\"async\" loading=\"lazy\" class=\"size-medium wp-image-3567 aligncenter\" style=\"margin-top: 30px; width: 100px; height: auto;\" src=\"https:\/\/www.educa.itakaescolapios.org\/wp-content\/uploads\/2020\/11\/comparte-ApS-300x207.png\" alt=\"\" width=\"300\" height=\"207\" srcset=\"https:\/\/www.educa.itakaescolapios.org\/wp-content\/uploads\/2020\/11\/comparte-ApS-300x207.png 300w, https:\/\/www.educa.itakaescolapios.org\/wp-content\/uploads\/2020\/11\/comparte-ApS-250x173.png 250w, https:\/\/www.educa.itakaescolapios.org\/wp-content\/uploads\/2020\/11\/comparte-ApS.png 727w\" sizes=\"(max-width: 300px) 100vw, 300px\" \/><\/a><\/div>\n<p><a href=\"https:\/\/www.educa.itakaescolapios.org\/aprendizaje-y-servicio\/ejemplos-y-buenas-practicas\">Exemplos e boas pr\u00e1ticas<\/a><\/p>\n<\/div>\n<div class=\"bloque-show\" style=\"text-align: center;\">\n<div class=\"bloque-img-peq\"><img decoding=\"async\" loading=\"lazy\" width=\"300\" height=\"231\" class=\"size-medium wp-image-3568 aligncenter\" style=\"width: 200px; height: auto;\" src=\"https:\/\/www.educa.itakaescolapios.org\/wp-content\/uploads\/2020\/11\/Buenas-practicas-APS-300x231.png\" srcset=\"https:\/\/www.educa.itakaescolapios.org\/wp-content\/uploads\/2020\/11\/Buenas-practicas-APS-300x231.png 300w, https:\/\/www.educa.itakaescolapios.org\/wp-content\/uploads\/2020\/11\/Buenas-practicas-APS-250x193.png 250w, https:\/\/www.educa.itakaescolapios.org\/wp-content\/uploads\/2020\/11\/Buenas-practicas-APS.png 310w\" sizes=\"(max-width: 300px) 100vw, 300px\" \/><\/div>\n<p><a href=\"https:\/\/www.educa.itakaescolapios.org\/aprendizaje-y-servicio\/comparte-tu-experiencia-de-aps\">Compartilhe sua experi\u00eancia ApS<\/a><\/p>\n<\/div>\n<p>&nbsp;<\/p>\n<p>Entre em contato conosco atrav\u00e9s do formul\u00e1rio para acrescentar suas experi\u00eancias &#8230;<\/p>\n<p><div class=\"wpcf7 no-js\" id=\"wpcf7-f2510-o5\" lang=\"es-ES\" dir=\"ltr\">\n<div class=\"screen-reader-response\"><p role=\"status\" aria-live=\"polite\" aria-atomic=\"true\"><\/p> <ul><\/ul><\/div>\n<form action=\"\/pt\/wp-json\/wp\/v2\/pages\/3623#wpcf7-f2510-o5\" method=\"post\" class=\"wpcf7-form init\" aria-label=\"Formulario de contacto\" enctype=\"multipart\/form-data\" novalidate=\"novalidate\" data-status=\"init\">\n<div style=\"display: none;\">\n<input type=\"hidden\" name=\"_wpcf7\" value=\"2510\" \/>\n<input type=\"hidden\" name=\"_wpcf7_version\" value=\"5.7.2\" \/>\n<input type=\"hidden\" name=\"_wpcf7_locale\" value=\"es_ES\" \/>\n<input type=\"hidden\" name=\"_wpcf7_unit_tag\" value=\"wpcf7-f2510-o5\" \/>\n<input type=\"hidden\" name=\"_wpcf7_container_post\" value=\"0\" \/>\n<input type=\"hidden\" name=\"_wpcf7_posted_data_hash\" value=\"\" \/>\n<\/div>\n<div id=\"formulario_propuestas\">\n\t<p>Preencha, neste formul\u00e1rio, os espa\u00e7os pertinentes, de acordo com a proposta que voc\u00ea deseja compartilhar na rede Educa\u2026 Um recurso educativo, uma experi\u00eancia transformadora, um projeto de aprendizagem solid\u00e1ria ou outros.\n\t<\/p>\n\t<p><label><strong>Tipo de proposta:<\/strong><\/label><br \/>\n<span class=\"wpcf7-form-control-wrap\" data-name=\"tipo_recurso\"><span class=\"wpcf7-form-control wpcf7-checkbox wpcf7-validates-as-required wpcf7-exclusive-checkbox\"><span class=\"wpcf7-list-item first\"><input type=\"checkbox\" name=\"tipo_recurso\" value=\"Recurso educativo\" tabindex=\"\" \/><span class=\"wpcf7-list-item-label\">Recurso educativo<\/span><\/span><span class=\"wpcf7-list-item\"><input type=\"checkbox\" name=\"tipo_recurso\" value=\"Experi\u00eancia transformadora\" tabindex=\"\" \/><span class=\"wpcf7-list-item-label\">Experi\u00eancia transformadora<\/span><\/span><span class=\"wpcf7-list-item\"><input type=\"checkbox\" name=\"tipo_recurso\" value=\"Projeto de aprendizagem solid\u00e1ria\" tabindex=\"\" \/><span class=\"wpcf7-list-item-label\">Projeto de aprendizagem solid\u00e1ria<\/span><\/span><span class=\"wpcf7-list-item last\"><input type=\"checkbox\" name=\"tipo_recurso\" value=\"Outros\" tabindex=\"\" \/><span class=\"wpcf7-list-item-label\">Outros<\/span><\/span><\/span><\/span>\n\t<\/p>\n\t<p><label><strong>T\u00edtulo de la propuesta:<\/strong><br \/>\n<span class=\"wpcf7-form-control-wrap\" data-name=\"titulo\"><input size=\"40\" class=\"wpcf7-form-control wpcf7-text wpcf7-validates-as-required form-lg\" aria-required=\"true\" aria-invalid=\"false\" value=\"\" type=\"text\" name=\"titulo\" \/><\/span> <\/label>\n\t<\/p>\n\t<p><label><strong>Objetivos:<\/strong><span class=\"wpcf7-form-control-wrap\" data-name=\"objetivos\"><textarea cols=\"40\" rows=\"10\" class=\"wpcf7-form-control wpcf7-textarea wpcf7-validates-as-required form-lg\" aria-required=\"true\" aria-invalid=\"false\" name=\"objetivos\"><\/textarea><\/span> <\/label>\n\t<\/p>\n\t<p><label><strong>\u00c2mbito:<\/strong>(podem-se marcar v\u00e1rios \u00e2mbitos) pode-se ver uma defini\u00e7\u00e3o concreta dos \u00e2mbitos<a href=\"https:\/\/www.educa.itakaescolapios.org\/wp-content\/uploads\/2021\/03\/Descripci\u00f3n-de-los-\u00e1mbitos-pt.pdf\" target=\"blank\"> aqui<\/a>.<br \/>\n<\/label><br \/>\n<span class=\"wpcf7-form-control-wrap\" data-name=\"ambito\"><span class=\"wpcf7-form-control wpcf7-checkbox wpcf7-validates-as-required\"><span class=\"wpcf7-list-item first\"><span class=\"wpcf7-list-item-label\">Coeduca\u00e7\u00e3o<\/span><input type=\"checkbox\" name=\"ambito[]\" value=\"Coeduca\u00e7\u00e3o\" tabindex=\"\" \/><\/span><span class=\"wpcf7-list-item\"><span class=\"wpcf7-list-item-label\">Paz<\/span><input type=\"checkbox\" name=\"ambito[]\" value=\"Paz\" tabindex=\"\" \/><\/span><span class=\"wpcf7-list-item\"><span class=\"wpcf7-list-item-label\">Sustentabilidade<\/span><input type=\"checkbox\" name=\"ambito[]\" value=\"Sustentabilidade\" tabindex=\"\" \/><\/span><span class=\"wpcf7-list-item\"><span class=\"wpcf7-list-item-label\">Interculturalidade<\/span><input type=\"checkbox\" name=\"ambito[]\" value=\"Interculturalidade\" tabindex=\"\" \/><\/span><span class=\"wpcf7-list-item\"><span class=\"wpcf7-list-item-label\">Abordagem global-local<\/span><input type=\"checkbox\" name=\"ambito[]\" value=\"Abordagem global-local\" tabindex=\"\" \/><\/span><span class=\"wpcf7-list-item\"><span class=\"wpcf7-list-item-label\">Luta contra a exclus\u00e3o<\/span><input type=\"checkbox\" name=\"ambito[]\" value=\"Luta contra a exclus\u00e3o\" tabindex=\"\" \/><\/span><span class=\"wpcf7-list-item last\"><span class=\"wpcf7-list-item-label\">Direito \u00e0 educa\u00e7\u00e3o<\/span><input type=\"checkbox\" name=\"ambito[]\" value=\"Direito \u00e0 educa\u00e7\u00e3o\" tabindex=\"\" \/><\/span><\/span><\/span>\n\t<\/p>\n\t<p><label><strong>Idade das pessoas-alvo: <\/strong> (podem-se verificar v\u00e1rias idades) <\/label><br \/>\n<span class=\"wpcf7-form-control-wrap\" data-name=\"checkbox-edades\"><span class=\"wpcf7-form-control wpcf7-checkbox wpcf7-validates-as-required\"><span class=\"wpcf7-list-item first\"><input type=\"checkbox\" name=\"checkbox-edades[]\" value=\"3-5 anos\" tabindex=\"\" \/><span class=\"wpcf7-list-item-label\">3-5 anos<\/span><\/span><span class=\"wpcf7-list-item\"><input type=\"checkbox\" name=\"checkbox-edades[]\" value=\"6-8 anos\" tabindex=\"\" \/><span class=\"wpcf7-list-item-label\">6-8 anos<\/span><\/span><span class=\"wpcf7-list-item\"><input type=\"checkbox\" name=\"checkbox-edades[]\" value=\"8-10 anos\" tabindex=\"\" \/><span class=\"wpcf7-list-item-label\">8-10 anos<\/span><\/span><span class=\"wpcf7-list-item\"><input type=\"checkbox\" name=\"checkbox-edades[]\" value=\"10-12 anos\" tabindex=\"\" \/><span class=\"wpcf7-list-item-label\">10-12 anos<\/span><\/span><span class=\"wpcf7-list-item\"><input type=\"checkbox\" name=\"checkbox-edades[]\" value=\"12-14 anos\" tabindex=\"\" \/><span class=\"wpcf7-list-item-label\">12-14 anos<\/span><\/span><span class=\"wpcf7-list-item\"><input type=\"checkbox\" name=\"checkbox-edades[]\" value=\"14-16 anos\" tabindex=\"\" \/><span class=\"wpcf7-list-item-label\">14-16 anos<\/span><\/span><span class=\"wpcf7-list-item\"><input type=\"checkbox\" name=\"checkbox-edades[]\" value=\"16-18 anos\" tabindex=\"\" \/><span class=\"wpcf7-list-item-label\">16-18 anos<\/span><\/span><span class=\"wpcf7-list-item last\"><input type=\"checkbox\" name=\"checkbox-edades[]\" value=\"+ 18 anos\" tabindex=\"\" \/><span class=\"wpcf7-list-item-label\">+ 18 anos<\/span><\/span><\/span><\/span>\n\t<\/p>\n\t<p><label><strong>Desenvolvimento:<\/strong><span class=\"wpcf7-form-control-wrap\" data-name=\"desarrollo\"><textarea cols=\"40\" rows=\"10\" class=\"wpcf7-form-control wpcf7-textarea form-lg\" aria-invalid=\"false\" name=\"desarrollo\"><\/textarea><\/span><\/label>\n\t<\/p>\n\t<p>- <strong>Anexos:<\/strong>(podem-se anexar documentos, imagens, cartazes etc.). Se voc\u00ea encontrar dificuldades para anexar, voc\u00ea pode se comunicar via educa@itakaescolapios.org ou colocar, na caixa de texto, um link para o local onde voc\u00ea pode acessar o anexo em caso de p\u00fablico, caixa de entrega, onedrive, mega, youtube etc.)\n\t<\/p>\n\t<p><span class=\"wpcf7-form-control-wrap\" data-name=\"archivo\"><input size=\"40\" class=\"wpcf7-form-control wpcf7-file\" accept=\".doc,.docx,.jpg,.jpeg,.png,.gif,.txt,.odt,.xls,.xlsx,.bmp,.pptx,.ppt\" aria-invalid=\"false\" type=\"file\" name=\"archivo\" \/><\/span>\n\t<\/p>\n\t<p><span class=\"wpcf7-form-control-wrap\" data-name=\"otro-archivo\"><input size=\"40\" class=\"wpcf7-form-control wpcf7-file\" accept=\".doc,.docx,.jpg,.jpeg,.png,.gif,.txt,.odt,.xls,.xlsx,.bmp,.pptx,.ppt\" aria-invalid=\"false\" type=\"file\" name=\"otro-archivo\" \/><\/span>\n\t<\/p>\n\t<p><span class=\"wpcf7-form-control-wrap\" data-name=\"otro-archivo-mas\"><input size=\"40\" class=\"wpcf7-form-control wpcf7-file\" accept=\".doc,.docx,.jpg,.jpeg,.png,.gif,.txt,.odt,.xls,.xlsx,.bmp,.pptx,.ppt\" aria-invalid=\"false\" type=\"file\" name=\"otro-archivo-mas\" \/><\/span>\n\t<\/p>\n\t<p><span class=\"wpcf7-form-control-wrap\" data-name=\"repositorio\"><input size=\"40\" class=\"wpcf7-form-control wpcf7-text form-lg\" aria-invalid=\"false\" placeholder=\"URL: dropbox, onedrive, mega..\" value=\"\" type=\"text\" name=\"repositorio\" \/><\/span>\n\t<\/p>\n\t<p><label><strong>Contato de refer\u00eancia para maiores informa\u00e7\u00f5es <\/strong>(escola, par\u00f3quia, sede, Centro Social etc.)<\/label><br \/>\n<span class=\"wpcf7-form-control-wrap\" data-name=\"correo_electronico\"><input size=\"40\" class=\"wpcf7-form-control wpcf7-text wpcf7-validates-as-required form-lg-espacio\" aria-required=\"true\" aria-invalid=\"false\" placeholder=\"Endere\u00e7o de e-mail\" value=\"\" type=\"text\" name=\"correo_electronico\" \/><\/span><br \/>\n<span class=\"wpcf7-form-control-wrap\" data-name=\"telefono\"><input size=\"40\" class=\"wpcf7-form-control wpcf7-text wpcf7-validates-as-required form-lg-espacio\" aria-required=\"true\" aria-invalid=\"false\" placeholder=\"Telefone\" value=\"\" type=\"text\" name=\"telefono\" \/><\/span>\n\t<\/p>\n\t<p><label><strong>Lugar:<\/strong><\/label><br \/>\n<span class=\"wpcf7-form-control-wrap\" data-name=\"nombre_presencia\"><input size=\"40\" class=\"wpcf7-form-control wpcf7-text wpcf7-validates-as-required form-lg-espacio\" aria-required=\"true\" aria-invalid=\"false\" placeholder=\"Nome da Presen\u00e7a (escola, par\u00f3quia, centro sociocultural...)\" value=\"\" type=\"text\" name=\"nombre_presencia\" \/><\/span><br \/>\n<span class=\"wpcf7-form-control-wrap\" data-name=\"ciudad_pueblo\"><input size=\"40\" class=\"wpcf7-form-control wpcf7-text wpcf7-validates-as-required form-lg-espacio\" aria-required=\"true\" aria-invalid=\"false\" placeholder=\"Cidade\/localidade\" value=\"\" type=\"text\" name=\"ciudad_pueblo\" \/><\/span><br \/>\n<span class=\"wpcf7-form-control-wrap\" data-name=\"pais\"><input size=\"40\" class=\"wpcf7-form-control wpcf7-text wpcf7-validates-as-required form-lg-espacio\" aria-required=\"true\" aria-invalid=\"false\" placeholder=\"Pa\u00eds\" value=\"\" type=\"text\" name=\"pais\" \/><\/span><br \/>\n<span class=\"wpcf7-form-control-wrap\" data-name=\"GPS\"><input size=\"40\" class=\"wpcf7-form-control wpcf7-text wpcf7-validates-as-required form-lg-espacio\" aria-required=\"true\" aria-invalid=\"false\" placeholder=\"Coordenadas GPS\" value=\"\" type=\"text\" name=\"GPS\" \/><\/span>\n\t<\/p>\n\t<p><input class=\"wpcf7-form-control has-spinner wpcf7-submit\" type=\"submit\" value=\"Enviar\" \/>\n\t<\/p>\n<\/div><div class=\"wpcf7-response-output\" aria-hidden=\"true\"><\/div><\/form><\/div><\/p>","protected":false},"excerpt":{"rendered":"<p>O que \u00e9 ApS Exemplos e boas pr\u00e1ticas Compartilhe sua experi\u00eancia ApS &nbsp; Entre em contato conosco atrav\u00e9s do formul\u00e1rio para acrescentar suas experi\u00eancias &#8230;<\/p>\n","protected":false},"author":1,"featured_media":0,"parent":15,"menu_order":0,"comment_status":"closed","ping_status":"closed","template":"","meta":[],"acf":[],"_links":{"self":[{"href":"https:\/\/www.educa.itakaescolapios.org\/pt\/wp-json\/wp\/v2\/pages\/3623"}],"collection":[{"href":"https:\/\/www.educa.itakaescolapios.org\/pt\/wp-json\/wp\/v2\/pages"}],"about":[{"href":"https:\/\/www.educa.itakaescolapios.org\/pt\/wp-json\/wp\/v2\/types\/page"}],"author":[{"embeddable":true,"href":"https:\/\/www.educa.itakaescolapios.org\/pt\/wp-json\/wp\/v2\/users\/1"}],"replies":[{"embeddable":true,"href":"https:\/\/www.educa.itakaescolapios.org\/pt\/wp-json\/wp\/v2\/comments?post=3623"}],"version-history":[{"count":20,"href":"https:\/\/www.educa.itakaescolapios.org\/pt\/wp-json\/wp\/v2\/pages\/3623\/revisions"}],"predecessor-version":[{"id":4554,"href":"https:\/\/www.educa.itakaescolapios.org\/pt\/wp-json\/wp\/v2\/pages\/3623\/revisions\/4554"}],"up":[{"embeddable":true,"href":"https:\/\/www.educa.itakaescolapios.org\/pt\/wp-json\/wp\/v2\/pages\/15"}],"wp:attachment":[{"href":"https:\/\/www.educa.itakaescolapios.org\/pt\/wp-json\/wp\/v2\/media?parent=3623"}],"curies":[{"name":"wp","href":"https:\/\/api.w.org\/{rel}","templated":true}]}}