{"id":5108,"date":"2021-10-28T10:10:39","date_gmt":"2021-10-28T08:10:39","guid":{"rendered":"https:\/\/www.educa.itakaescolapios.org\/?page_id=5108"},"modified":"2021-12-06T11:13:12","modified_gmt":"2021-12-06T10:13:12","slug":"metodologia-de-la-campana","status":"publish","type":"page","link":"https:\/\/www.educa.itakaescolapios.org\/pt\/campanas\/2021-2022-centros-que-cambian-cambia-tu-centro\/metodologia-de-la-campana","title":{"rendered":"Metodolog\u00eda da campanha"},"content":{"rendered":"<p><span style=\"font-family: arial, helvetica, sans-serif; font-size: 16px;\">A campanha de solidariedade deste ano visa, mais uma vez, incluir os jogos e a gamifica\u00e7\u00e3o entre suas propostas. Para isso, propomos uma &#8220;ambienta\u00e7\u00e3o&#8221; atrav\u00e9s de uma aventura na qual os estudantes ou participantes ter\u00e3o que superar uma s\u00e9rie de miss\u00f5es que os transformar\u00e3o em tripulantes da Itaka-Escol\u00e1pios. Desta forma, tornaremos o aprendizado mais significativo, a experi\u00eancia mais gratificante e, especialmente faremos com que as crian\u00e7as mais novas se sintam mais envolvidas na campanha. Como sempre, esta \u00e9 apenas uma proposta de implementa\u00e7\u00e3o, pois cada centro sabe melhor quais atividades e propostas funcionam melhor em sua pr\u00f3pria realidade.<\/span><\/p>\n<p><span style=\"font-family: arial, helvetica, sans-serif; font-size: 16px;\">As atividades propostas s\u00e3o projetadas para trabalhar em conjunto o conte\u00fado acad\u00eamico e a educa\u00e7\u00e3o transformadora das nossas campanhas. Assim, quem desejar pode trabalhar em sala de aula como um projeto interdisciplinar.<\/span><\/p>\n<p><span style=\"font-family: arial, helvetica, sans-serif; font-size: 16px;\">Se voc\u00ea olhar para as atividades propostas, encontrar\u00e1 quatro miss\u00f5es diferentes. Cada uma delas gira em torno de um valor:<\/span><\/p>\n<p style=\"text-align: center;\"><a href=\"https:\/\/www.educa.itakaescolapios.org\/campanas\/2021-2022-centros-que-cambian-cambia-tu-centro\/actividades\/mision-solidaridad\" target=\"_blank\" rel=\"noopener noreferrer\"><span style=\"font-family: arial, helvetica, sans-serif;\">Miss\u00e3o Solidariedade<\/span><\/a><\/p>\n<p style=\"text-align: center;\"><a href=\"https:\/\/www.educa.itakaescolapios.org\/campanas\/2021-2022-centros-que-cambian-cambia-tu-centro\/actividades\/mision-coeducacion\" target=\"_blank\" rel=\"noopener noreferrer\"><span style=\"font-family: arial, helvetica, sans-serif;\">Miss\u00e3o Coeduca\u00e7\u00e3o<\/span><\/a><\/p>\n<p style=\"text-align: center;\"><a href=\"https:\/\/www.educa.itakaescolapios.org\/campanas\/2021-2022-centros-que-cambian-cambia-tu-centro\/actividades\/mision-medioambiente\" target=\"_blank\" rel=\"noopener noreferrer\"><span style=\"font-family: arial, helvetica, sans-serif;\">Miss\u00e3o Meio Ambiente\u00a0<\/span><\/a><\/p>\n<p style=\"text-align: center;\"><a href=\"https:\/\/www.educa.itakaescolapios.org\/campanas\/2021-2022-centros-que-cambian-cambia-tu-centro\/actividades\/mision-interculturalidad\" target=\"_blank\" rel=\"noopener noreferrer\"><span style=\"font-family: arial, helvetica, sans-serif;\">Miss\u00e3o Interculturalidade<\/span><\/a><\/p>\n<p style=\"text-align: justify;\"><span style=\"font-family: arial, helvetica, sans-serif;\">Escolhemos aqueles valores que consideramos importantes serem promovidos nos centros, de acordo com a proposta educacional da Itaka-Escol\u00e1pios e segundo o Pacto Global de Educa\u00e7\u00e3o proposto pelo Papa Francisco. Propomos quatro para que todos possam trabalhar as que quiserem, iniciando-se sempre pela Miss\u00e3o &#8220;Solidariedade&#8221;. As demais podem ser trabalhada em conjunto ou selecionando alguma delas, de acordo com a ordem desejada.<br \/>\nComo v\u00ea h\u00e1 abundante material. Voc\u00ea \u00e9 livre para us\u00e1-lo em diferentes \u00e9pocas do ano como achar conveniente (exemplo: Miss\u00e3o Coeduca\u00e7\u00e3o, 8 de mar\u00e7o. Dia internacional da mulher, etc.). Voc\u00ea tamb\u00e9m pode optar por realizar uma campanha durante todo o ano, de forma que as miss\u00f5es sejam escalonadas em datas consideradas adequadas.\u00a0<img decoding=\"async\" loading=\"lazy\" class=\"alignright\" style=\"margin: 5px;\" src=\"https:\/\/www.educa.itakaescolapios.org\/wp-content\/uploads\/2021\/11\/CARTEL-campa\u00f1a-2122-PT-scaled.jpg\" alt=\"\" width=\"40%\" height=\"40%\" \/><\/span><\/p>\n<p style=\"text-align: justify;\"><span style=\"font-family: arial, helvetica, sans-serif;\">Convidamos voc\u00ea a preparar o ambiente para o in\u00edcio das miss\u00f5es, tanto quanto poss\u00edvel. Voc\u00ea pode usar uma pequena dramatiza\u00e7\u00e3o, ambienta\u00e7\u00e3o do col\u00e9gio, visitas \u00e0s salas de aula realizadas por Calasanz e Dorotea para explicar as miss\u00f5es, cartas de Calasanz para os alunos pedindo colabora\u00e7\u00e3o, etc.<\/span><br \/>\n<span style=\"font-family: arial, helvetica, sans-serif;\">Nos lugares onde n\u00e3o h\u00e1 uma equipe para promover esta e outras campanhas da Itaka-Escol\u00e1pios, convidamos voc\u00ea a formar uma equipe de coordena\u00e7\u00e3o est\u00e1vel para coordenar e animar as diferentes atividades, tanto em ambientes formais como n\u00e3o formais.<\/span><\/p>\n<p style=\"text-align: justify;\"><span style=\"font-family: arial, helvetica, sans-serif;\">Cada uma das miss\u00f5es segue implicitamente um esquema comum Sinta-Imagine-Mude, para que possamos internalizar o valor e descobrir a necessidade de coloc\u00e1-lo em pr\u00e1tica em nosso ambiente.<\/span><br \/>\n<span style=\"font-family: arial, helvetica, sans-serif;\">Ao finalizar as miss\u00f5es que voc\u00ea decidir trabalhar, propomos que d\u00ea a cada participante seu certificado de tripulante, que encontrar\u00e1 no material que enviamos.<\/span><br \/>\n<span style=\"font-family: arial, helvetica, sans-serif;\">Caso realize atividades diferentes das apresentadas, compartilhe-as conosco para que possam ser realizadas em outros centros e assim criar uma rede de coopera\u00e7\u00e3o. Envie suas contribui\u00e7\u00f5es e\/ou coment\u00e1rios para educa@itakaescolapios.org.<\/span><\/p>\n<p style=\"text-align: justify;\"><span style=\"font-family: arial, helvetica, sans-serif;\">Anime-se e muito obrigado por acompanhar cada participantes nessa aventura!<\/span><\/p>\n<p>&nbsp;<\/p>","protected":false},"excerpt":{"rendered":"<p>A campanha de solidariedade deste ano visa, mais uma vez, incluir os jogos e a gamifica\u00e7\u00e3o entre suas propostas. Para isso, propomos uma &#8220;ambienta\u00e7\u00e3o&#8221; atrav\u00e9s de [&hellip;]<\/p>\n","protected":false},"author":5,"featured_media":0,"parent":4946,"menu_order":3,"comment_status":"closed","ping_status":"closed","template":"","meta":[],"acf":[],"_links":{"self":[{"href":"https:\/\/www.educa.itakaescolapios.org\/pt\/wp-json\/wp\/v2\/pages\/5108"}],"collection":[{"href":"https:\/\/www.educa.itakaescolapios.org\/pt\/wp-json\/wp\/v2\/pages"}],"about":[{"href":"https:\/\/www.educa.itakaescolapios.org\/pt\/wp-json\/wp\/v2\/types\/page"}],"author":[{"embeddable":true,"href":"https:\/\/www.educa.itakaescolapios.org\/pt\/wp-json\/wp\/v2\/users\/5"}],"replies":[{"embeddable":true,"href":"https:\/\/www.educa.itakaescolapios.org\/pt\/wp-json\/wp\/v2\/comments?post=5108"}],"version-history":[{"count":25,"href":"https:\/\/www.educa.itakaescolapios.org\/pt\/wp-json\/wp\/v2\/pages\/5108\/revisions"}],"predecessor-version":[{"id":5674,"href":"https:\/\/www.educa.itakaescolapios.org\/pt\/wp-json\/wp\/v2\/pages\/5108\/revisions\/5674"}],"up":[{"embeddable":true,"href":"https:\/\/www.educa.itakaescolapios.org\/pt\/wp-json\/wp\/v2\/pages\/4946"}],"wp:attachment":[{"href":"https:\/\/www.educa.itakaescolapios.org\/pt\/wp-json\/wp\/v2\/media?parent=5108"}],"curies":[{"name":"wp","href":"https:\/\/api.w.org\/{rel}","templated":true}]}}