{"id":5117,"date":"2021-10-28T11:19:06","date_gmt":"2021-10-28T09:19:06","guid":{"rendered":"https:\/\/www.educa.itakaescolapios.org\/?page_id=5117"},"modified":"2021-12-06T11:19:35","modified_gmt":"2021-12-06T10:19:35","slug":"actividades","status":"publish","type":"page","link":"https:\/\/www.educa.itakaescolapios.org\/pt\/campanas\/2021-2022-centros-que-cambian-cambia-tu-centro\/actividades","title":{"rendered":"Atividades"},"content":{"rendered":"<p><span style=\"font-family: arial, helvetica, sans-serif;\">Aqui est\u00e3o as atividades que voc\u00ea pode realizar para participar da campanha.<\/span><\/p>\n<p><span style=\"font-family: arial, helvetica, sans-serif;\">As atividades est\u00e3o distribu\u00eddas em quatro miss\u00f5es.<\/span><\/p>\n<p><span style=\"font-family: arial, helvetica, sans-serif;\">A miss\u00e3o Solidariedade \u00e9 uma prioridade e deve ser realizada em primeiro lugar. A ordem das outras miss\u00f5es \u00e9 indiferente, voc\u00ea mesmo pode escolh\u00ea-la.<\/span><\/p>\n<p><span style=\"font-family: arial, helvetica, sans-serif;\">Em cada miss\u00e3o, a primeira atividade que aparece \u00e9 a atividade que consideramos central para todas as idades.<\/span><\/p>\n<table style=\"border-collapse: collapse; width: 100%; height: 96px;\" border=\"1\">\n<tbody>\n<tr style=\"height: 24px;\">\n<td style=\"width: 50%; height: 24px; text-align: justify;\"><span style=\"font-family: arial, helvetica, sans-serif;\"><a href=\"https:\/\/www.educa.itakaescolapios.org\/campanas\/2021-2022-centros-que-cambian-cambia-tu-centro\/actividades\/mision-solidaridad\" target=\"_blank\" rel=\"noopener noreferrer\"><strong><span style=\"text-align: center;\">Miss\u00e3o Solidariedade<\/span><\/strong><\/a><\/span><\/td>\n<td style=\"width: 50%; height: 24px; text-align: justify;\"><span style=\"font-family: arial, helvetica, sans-serif;\"><a href=\"https:\/\/www.educa.itakaescolapios.org\/enfoque-local-global\/cadena-de-favores\" target=\"_blank\" rel=\"noopener noreferrer\"><strong><span style=\"text-align: center;\">Corrente de favores.<\/span><\/strong><\/a><\/span><\/td>\n<\/tr>\n<tr style=\"height: 24px;\">\n<td style=\"width: 50%; height: 24px; text-align: justify;\"><span style=\"font-family: arial, helvetica, sans-serif;\"><a href=\"https:\/\/www.educa.itakaescolapios.org\/campanas\/2021-2022-centros-que-cambian-cambia-tu-centro\/actividades\/mision-coeducacion\" target=\"_blank\" rel=\"noopener noreferrer\"><strong><span style=\"text-align: center;\">Miss\u00e3o Coeduca\u00e7\u00e3o<\/span><\/strong><\/a><\/span><\/td>\n<td style=\"width: 50%; height: 24px; text-align: justify;\"><span style=\"font-family: arial, helvetica, sans-serif;\"><a href=\"https:\/\/www.educa.itakaescolapios.org\/coeducacion\/gana-la-igualdad\" target=\"_blank\" rel=\"noopener noreferrer\"><strong><span style=\"text-align: center;\">Igualdade vence.<\/span><\/strong><\/a><\/span><\/td>\n<\/tr>\n<tr style=\"height: 24px;\">\n<td style=\"width: 50%; height: 24px; text-align: justify;\"><span style=\"font-family: arial, helvetica, sans-serif;\"><a href=\"https:\/\/www.educa.itakaescolapios.org\/campanas\/2021-2022-centros-que-cambian-cambia-tu-centro\/actividades\/mision-medioambiente\" target=\"_blank\" rel=\"noopener noreferrer\"><strong><span style=\"text-align: center;\">Miss\u00e3o Meio ambiente<\/span><\/strong><\/a><\/span><\/td>\n<td style=\"width: 50%; height: 24px; text-align: justify;\"><span style=\"font-family: arial, helvetica, sans-serif;\"><a href=\"https:\/\/www.educa.itakaescolapios.org\/sostenibilidad\/sumando-granos-de-arena\" target=\"_blank\" rel=\"noopener noreferrer\"><strong><span style=\"text-align: center;\">Colocando gr\u00e3os de areia, criando montanhas de solu\u00e7\u00f5es.<\/span><\/strong><\/a><\/span><\/td>\n<\/tr>\n<tr style=\"height: 24px;\">\n<td style=\"width: 50%; height: 24px; text-align: justify;\"><span style=\"font-family: arial, helvetica, sans-serif;\"><a href=\"https:\/\/www.educa.itakaescolapios.org\/campanas\/2021-2022-centros-que-cambian-cambia-tu-centro\/actividades\/mision-interculturalidad\" target=\"_blank\" rel=\"noopener noreferrer\"><strong><span style=\"text-align: center;\">Miss\u00e3o Intercultural<\/span><\/strong><\/a><\/span><\/td>\n<td style=\"width: 50%; height: 24px; text-align: justify;\"><span style=\"font-family: arial, helvetica, sans-serif;\"><a href=\"https:\/\/www.educa.itakaescolapios.org\/interculturalidad\/todo-esta-inventado\" target=\"_blank\" rel=\"noopener noreferrer\"><strong><span style=\"text-align: center;\">Tudo \u00e9 inventado (contribui\u00e7\u00f5es do mundo).<\/span><\/strong><\/a><\/span><\/td>\n<\/tr>\n<\/tbody>\n<\/table>\n<p><img decoding=\"async\" loading=\"lazy\" class=\"alignright\" src=\"https:\/\/www.educa.itakaescolapios.org\/wp-content\/uploads\/2020\/11\/mano-click-verde.png\" alt=\"\" width=\"10%\" height=\"10%\" \/><\/p>\n<p><img decoding=\"async\" loading=\"lazy\" src=\"https:\/\/www.educa.itakaescolapios.org\/wp-content\/uploads\/2021\/10\/CARTEL-campa\u00f1a-2122-ESP-scaled.jpg\" alt=\"\" width=\"40%\" height=\"40%\" \/><\/p>","protected":false},"excerpt":{"rendered":"<p>Aqui est\u00e3o as atividades que voc\u00ea pode realizar para participar da campanha. As atividades est\u00e3o distribu\u00eddas em quatro miss\u00f5es. A miss\u00e3o Solidariedade \u00e9 uma prioridade e [&hellip;]<\/p>\n","protected":false},"author":5,"featured_media":0,"parent":4946,"menu_order":4,"comment_status":"closed","ping_status":"closed","template":"","meta":[],"acf":[],"_links":{"self":[{"href":"https:\/\/www.educa.itakaescolapios.org\/pt\/wp-json\/wp\/v2\/pages\/5117"}],"collection":[{"href":"https:\/\/www.educa.itakaescolapios.org\/pt\/wp-json\/wp\/v2\/pages"}],"about":[{"href":"https:\/\/www.educa.itakaescolapios.org\/pt\/wp-json\/wp\/v2\/types\/page"}],"author":[{"embeddable":true,"href":"https:\/\/www.educa.itakaescolapios.org\/pt\/wp-json\/wp\/v2\/users\/5"}],"replies":[{"embeddable":true,"href":"https:\/\/www.educa.itakaescolapios.org\/pt\/wp-json\/wp\/v2\/comments?post=5117"}],"version-history":[{"count":21,"href":"https:\/\/www.educa.itakaescolapios.org\/pt\/wp-json\/wp\/v2\/pages\/5117\/revisions"}],"predecessor-version":[{"id":5675,"href":"https:\/\/www.educa.itakaescolapios.org\/pt\/wp-json\/wp\/v2\/pages\/5117\/revisions\/5675"}],"up":[{"embeddable":true,"href":"https:\/\/www.educa.itakaescolapios.org\/pt\/wp-json\/wp\/v2\/pages\/4946"}],"wp:attachment":[{"href":"https:\/\/www.educa.itakaescolapios.org\/pt\/wp-json\/wp\/v2\/media?parent=5117"}],"curies":[{"name":"wp","href":"https:\/\/api.w.org\/{rel}","templated":true}]}}