{"id":5291,"date":"2021-11-04T17:49:00","date_gmt":"2021-11-04T16:49:00","guid":{"rendered":"https:\/\/www.educa.itakaescolapios.org\/?page_id=5291"},"modified":"2021-12-06T11:57:41","modified_gmt":"2021-12-06T10:57:41","slug":"cuestionario-de-evaluacion","status":"publish","type":"page","link":"https:\/\/www.educa.itakaescolapios.org\/pt\/campanas\/2021-2022-centros-que-cambian-cambia-tu-centro\/cuestionario-de-evaluacion","title":{"rendered":"Question\u00e1rio de avalia\u00e7\u00e3o"},"content":{"rendered":"<p><\/p>\n<p style=\"text-align: justify;\"><span style=\"font-family: arial, helvetica, sans-serif;\">Queremos saber como se desenvolveu a campanha de solidariedade em seu centro. Saber que miss\u00f5es e atividades voc\u00ea empreendeu e como elas funcionaram nos ajudar\u00e1 a conduzir melhores campanhas no futuro.<\/span><\/p>\n<p style=\"text-align: justify;\"><span style=\"font-family: arial, helvetica, sans-serif;\">Para fazer isso, temos um question\u00e1rio online. Um formul\u00e1rio que cada centro participante deve preencher. Entre em contato com <a href=\"mailto:solidarity@itakaescolapios.org\">solidarity@itakaescolapios.org<\/a>\u00a0 e forneceremos o link para responder.<\/span><\/p>\n<hr \/>\n<p><img decoding=\"async\" loading=\"lazy\" src=\"https:\/\/www.educa.itakaescolapios.org\/wp-content\/uploads\/2021\/10\/CARTEL-campa\u00f1a-2122-ESP-scaled.jpg\" alt=\"\" width=\"100%\" height=\"100%\" \/><\/p>\n<p>&nbsp;<\/p>","protected":false},"excerpt":{"rendered":"<p>Queremos saber como se desenvolveu a campanha de solidariedade em seu centro. Saber que miss\u00f5es e atividades voc\u00ea empreendeu e como elas funcionaram nos ajudar\u00e1 a [&hellip;]<\/p>\n","protected":false},"author":5,"featured_media":0,"parent":4946,"menu_order":7,"comment_status":"closed","ping_status":"closed","template":"","meta":[],"acf":[],"_links":{"self":[{"href":"https:\/\/www.educa.itakaescolapios.org\/pt\/wp-json\/wp\/v2\/pages\/5291"}],"collection":[{"href":"https:\/\/www.educa.itakaescolapios.org\/pt\/wp-json\/wp\/v2\/pages"}],"about":[{"href":"https:\/\/www.educa.itakaescolapios.org\/pt\/wp-json\/wp\/v2\/types\/page"}],"author":[{"embeddable":true,"href":"https:\/\/www.educa.itakaescolapios.org\/pt\/wp-json\/wp\/v2\/users\/5"}],"replies":[{"embeddable":true,"href":"https:\/\/www.educa.itakaescolapios.org\/pt\/wp-json\/wp\/v2\/comments?post=5291"}],"version-history":[{"count":8,"href":"https:\/\/www.educa.itakaescolapios.org\/pt\/wp-json\/wp\/v2\/pages\/5291\/revisions"}],"predecessor-version":[{"id":5684,"href":"https:\/\/www.educa.itakaescolapios.org\/pt\/wp-json\/wp\/v2\/pages\/5291\/revisions\/5684"}],"up":[{"embeddable":true,"href":"https:\/\/www.educa.itakaescolapios.org\/pt\/wp-json\/wp\/v2\/pages\/4946"}],"wp:attachment":[{"href":"https:\/\/www.educa.itakaescolapios.org\/pt\/wp-json\/wp\/v2\/media?parent=5291"}],"curies":[{"name":"wp","href":"https:\/\/api.w.org\/{rel}","templated":true}]}}