{"id":5902,"date":"2021-12-29T12:08:10","date_gmt":"2021-12-29T11:08:10","guid":{"rendered":"https:\/\/www.educa.itakaescolapios.org\/?page_id=5902"},"modified":"2022-01-27T16:08:00","modified_gmt":"2022-01-27T15:08:00","slug":"2021-2022-tu-eres-el-cambio","status":"publish","type":"page","link":"https:\/\/www.educa.itakaescolapios.org\/pt\/semanas-de-la-paz\/2021-2022-tu-eres-el-cambio","title":{"rendered":"2021-2022 VOC\u00ca \u00c9 A MUDAN\u00c7A"},"content":{"rendered":"<p>&nbsp;<\/p>\n<p style=\"text-align: justify;\"><strong><span style=\"font-size: 14px;\">\u201cAfinal, onde come\u00e7am os Direitos humanos Universais? Em pequenos lugares, perto de casa t\u00e3o perto e t\u00e3o pequenos que eles n\u00e3o podem ser vistos em qualquer mapa do mundo. Tais s\u00e3o os lugares onde cada homem, mulher e crian\u00e7a procura igualdade de justi\u00e7a, igualdade de oportunidade, igualdade de dignidade sem discrimina\u00e7\u00e3o. A menos que esses direitos tenham significado, a\u00ed eles ter\u00e3o pouco significado em qualquer outro lugar. Sem a a\u00e7\u00e3o organizada do cidad\u00e3o para defender esses direitos perto de casa, n\u00f3s procuraremos em v\u00e3o pelo progresso no mundo maior\u201d<\/span><\/strong><\/p>\n<p style=\"text-align: right;\"><span style=\"font-size: 12px;\"><em>Eleanor Roosvelt.- \u201cEm Nossas M\u00e3os\u201d. Discurso proferido em 1958, por ocasi\u00e3o do 10\u00ba anivers\u00e1rio da Declara\u00e7\u00e3o Universal dos Direitos Humanos<br \/>\n<\/em><\/span><\/p>\n<p style=\"text-align: justify;\"><img decoding=\"async\" loading=\"lazy\" class=\"alignleft\" src=\"https:\/\/www.educa.itakaescolapios.org\/wp-content\/uploads\/2021\/12\/CARTEL-PAZ-2022-scaled.jpg\" alt=\"\" width=\"45%\" height=\"45%\" \/><\/p>\n<p style=\"text-align: justify;\">Fica claro que a defesa do cumprimento dos direitos humanos para todos os povos \u00e9 responsabilidade de todos, e, \u00e9 por isso, que \u00e9 t\u00e3o necess\u00e1rio trabalhar na educa\u00e7\u00e3o (tanto formal quanto n\u00e3o formal) em abordagens de compromisso e participa\u00e7\u00e3o na sociedade, a fim de enfrentar diferentes problemas sociais.<\/p>\n<p style=\"text-align: justify;\">O treinamento em direitos humanos, paz e n\u00e3o-viol\u00eancia \u00e9 outra oportunidade para ajudar escolas e projetos educacionais a se tornarem instrumentos de paz e compreens\u00e3o entre pessoas de diferentes origens, ra\u00e7as, culturas e religi\u00f5es. N\u00f3s, escol\u00e1pios, educamos para a vida e procuramos desenvolver as habilidades e as compet\u00eancias necess\u00e1rias para a participa\u00e7\u00e3o social ativa das crian\u00e7as e jovens com os quais trabalhamos.<\/p>\n<p style=\"text-align: justify;\">Por todas essas raz\u00f5es, convidamos todos os educadores a contribuir, atrav\u00e9s da educa\u00e7\u00e3o, para continuar contribuindo para a constru\u00e7\u00e3o de um mundo melhor, um mundo mais justo e mais humano que permita que todos os indiv\u00edduos, de diferentes partes do mundo, tenham a mesma oportunidade de desenvolver plenamente suas faculdades dentro de uma sociedade democr\u00e1tica, livre, justa, respons\u00e1vel e pac\u00edfica.<\/p>\n<p style=\"text-align: justify;\">E tamb\u00e9m para continuar trabalhando na proposta de educa\u00e7\u00e3o para a transforma\u00e7\u00e3o social que realizamos desde Itaka-Escolapios atrav\u00e9s da\u00a0 <a href=\"https:\/\/www.educa.itakaescolapios.org\/semanas-de-la-paz\/2021-2022-tu-eres-el-cambio\/mision-paz-y-derechos-humanos\" target=\"_blank\" rel=\"noopener noreferrer\"><strong>MISS\u00c3O PARA A PAZ E OS DIREITOS HUMANS<\/strong><\/a><\/p>\n<p><img decoding=\"async\" loading=\"lazy\" class=\"alignright\" src=\"https:\/\/www.educa.itakaescolapios.org\/wp-content\/uploads\/2020\/11\/mano-click-verde.png\" alt=\"\" width=\"5%\" height=\"5%\" \/><\/p>\n<p>&nbsp;<\/p>\n<p>&nbsp;<\/p>\n<p>&nbsp;<\/p>","protected":false},"excerpt":{"rendered":"<p>&nbsp; \u201cAfinal, onde come\u00e7am os Direitos humanos Universais? Em pequenos lugares, perto de casa t\u00e3o perto e t\u00e3o pequenos que eles n\u00e3o podem ser vistos em [&hellip;]<\/p>\n","protected":false},"author":5,"featured_media":5977,"parent":713,"menu_order":0,"comment_status":"closed","ping_status":"closed","template":"","meta":[],"acf":[],"_links":{"self":[{"href":"https:\/\/www.educa.itakaescolapios.org\/pt\/wp-json\/wp\/v2\/pages\/5902"}],"collection":[{"href":"https:\/\/www.educa.itakaescolapios.org\/pt\/wp-json\/wp\/v2\/pages"}],"about":[{"href":"https:\/\/www.educa.itakaescolapios.org\/pt\/wp-json\/wp\/v2\/types\/page"}],"author":[{"embeddable":true,"href":"https:\/\/www.educa.itakaescolapios.org\/pt\/wp-json\/wp\/v2\/users\/5"}],"replies":[{"embeddable":true,"href":"https:\/\/www.educa.itakaescolapios.org\/pt\/wp-json\/wp\/v2\/comments?post=5902"}],"version-history":[{"count":38,"href":"https:\/\/www.educa.itakaescolapios.org\/pt\/wp-json\/wp\/v2\/pages\/5902\/revisions"}],"predecessor-version":[{"id":6187,"href":"https:\/\/www.educa.itakaescolapios.org\/pt\/wp-json\/wp\/v2\/pages\/5902\/revisions\/6187"}],"up":[{"embeddable":true,"href":"https:\/\/www.educa.itakaescolapios.org\/pt\/wp-json\/wp\/v2\/pages\/713"}],"wp:featuredmedia":[{"embeddable":true,"href":"https:\/\/www.educa.itakaescolapios.org\/pt\/wp-json\/wp\/v2\/media\/5977"}],"wp:attachment":[{"href":"https:\/\/www.educa.itakaescolapios.org\/pt\/wp-json\/wp\/v2\/media?parent=5902"}],"curies":[{"name":"wp","href":"https:\/\/api.w.org\/{rel}","templated":true}]}}