{"id":5996,"date":"2021-12-31T09:05:01","date_gmt":"2021-12-31T08:05:01","guid":{"rendered":"https:\/\/www.educa.itakaescolapios.org\/?page_id=5996"},"modified":"2022-01-31T13:12:27","modified_gmt":"2022-01-31T12:12:27","slug":"oraciones-por-la-paz","status":"publish","type":"page","link":"https:\/\/www.educa.itakaescolapios.org\/pt\/semanas-de-la-paz\/2021-2022-tu-eres-el-cambio\/oraciones-por-la-paz","title":{"rendered":"Ora\u00e7\u00f5es pela paz"},"content":{"rendered":"<p><img decoding=\"async\" loading=\"lazy\" class=\"alignright\" src=\"https:\/\/www.educa.itakaescolapios.org\/wp-content\/uploads\/2021\/12\/calasanz-en-africa.png\" alt=\"\" width=\"50%\" height=\"50%\" \/><\/p>\n<p>&nbsp;<\/p>\n<ul>\n<li style=\"list-style-type: none;\">\n<ul style=\"list-style-type: square;\">\n<li><a href=\"https:\/\/www.educa.itakaescolapios.org\/wp-content\/uploads\/2022\/01\/PT.12a-Oraci\u00f3n-3-8.pdf\" target=\"_blank\" rel=\"noopener noreferrer\">Ora\u00e7\u00e3o de 3 a 8 anos de idade<\/a><\/li>\n<li><a href=\"https:\/\/www.educa.itakaescolapios.org\/wp-content\/uploads\/2022\/01\/PT.12b-Oraci\u00f3n-8-10.pdf\" target=\"_blank\" rel=\"noopener noreferrer\">Ora\u00e7\u00e3o de 8 a 10 anos de idade<\/a><\/li>\n<li><a href=\"https:\/\/www.educa.itakaescolapios.org\/wp-content\/uploads\/2022\/01\/PT.12c-Oraci\u00f3n-10-12.pdf\" target=\"_blank\" rel=\"noopener noreferrer\">Ora\u00e7\u00e3o de 10 a 12 anos de idade<\/a><\/li>\n<li><a href=\"https:\/\/www.educa.itakaescolapios.org\/wp-content\/uploads\/2022\/01\/PT.12d-Oraci\u00f3n-12-16.pdf\" target=\"_blank\" rel=\"noopener noreferrer\">Ora\u00e7\u00e3o de 12 a 16 anos de idade<\/a><\/li>\n<li><a href=\"https:\/\/www.educa.itakaescolapios.org\/wp-content\/uploads\/2022\/01\/PT.12e-Oraci\u00f3n-16-18.pdf\" target=\"_blank\" rel=\"noopener noreferrer\">Ora\u00e7\u00e3o de 16 a 18 anos de idade<\/a><\/li>\n<\/ul>\n<\/li>\n<\/ul>\n<p><\/p>","protected":false},"excerpt":{"rendered":"<p>&nbsp; Ora\u00e7\u00e3o de 3 a 8 anos de idade Ora\u00e7\u00e3o de 8 a 10 anos de idade Ora\u00e7\u00e3o de 10 a 12 anos de idade Ora\u00e7\u00e3o [&hellip;]<\/p>\n","protected":false},"author":5,"featured_media":0,"parent":5902,"menu_order":0,"comment_status":"closed","ping_status":"closed","template":"","meta":[],"acf":[],"_links":{"self":[{"href":"https:\/\/www.educa.itakaescolapios.org\/pt\/wp-json\/wp\/v2\/pages\/5996"}],"collection":[{"href":"https:\/\/www.educa.itakaescolapios.org\/pt\/wp-json\/wp\/v2\/pages"}],"about":[{"href":"https:\/\/www.educa.itakaescolapios.org\/pt\/wp-json\/wp\/v2\/types\/page"}],"author":[{"embeddable":true,"href":"https:\/\/www.educa.itakaescolapios.org\/pt\/wp-json\/wp\/v2\/users\/5"}],"replies":[{"embeddable":true,"href":"https:\/\/www.educa.itakaescolapios.org\/pt\/wp-json\/wp\/v2\/comments?post=5996"}],"version-history":[{"count":7,"href":"https:\/\/www.educa.itakaescolapios.org\/pt\/wp-json\/wp\/v2\/pages\/5996\/revisions"}],"predecessor-version":[{"id":6200,"href":"https:\/\/www.educa.itakaescolapios.org\/pt\/wp-json\/wp\/v2\/pages\/5996\/revisions\/6200"}],"up":[{"embeddable":true,"href":"https:\/\/www.educa.itakaescolapios.org\/pt\/wp-json\/wp\/v2\/pages\/5902"}],"wp:attachment":[{"href":"https:\/\/www.educa.itakaescolapios.org\/pt\/wp-json\/wp\/v2\/media?parent=5996"}],"curies":[{"name":"wp","href":"https:\/\/api.w.org\/{rel}","templated":true}]}}