{"id":6355,"date":"2022-11-02T09:33:41","date_gmt":"2022-11-02T08:33:41","guid":{"rendered":"https:\/\/www.educa.itakaescolapios.org\/?page_id=6355"},"modified":"2022-11-25T12:28:45","modified_gmt":"2022-11-25T11:28:45","slug":"2022-2023-una-voz-un-millon-de-cambios","status":"publish","type":"page","link":"https:\/\/www.educa.itakaescolapios.org\/pt\/campanas\/2022-2023-una-voz-un-millon-de-cambios","title":{"rendered":"2022-2023 Uma voz, um milh\u00e3o de mudan\u00e7as"},"content":{"rendered":"<p><\/p>\n<p style=\"text-align: left;\"><span style=\"font-family: arial, helvetica, sans-serif; font-size: 16px;\">Desde sua cria\u00e7\u00e3o, a rede Itaka-Escol\u00e1pios atua na conscientiza\u00e7\u00e3o para a transforma\u00e7\u00e3o social por meio de a\u00e7\u00f5es e atividades educativas desenvolvidas na Educa\u00e7\u00e3o Formal e N\u00e3o Formal.<\/span><\/p>\n<p style=\"text-align: left;\"><span style=\"font-family: arial, helvetica, sans-serif; font-size: 16px;\">Uma das principais propostas nessa \u00e1rea s\u00e3o as campanhas solid\u00e1rias que, a cada ano, nos aproximam da realidade da miss\u00e3o escol\u00e1pia que \u00e9 vivida em diferentes lugares da Rede, com a inten\u00e7\u00e3o de conhecer melhor e sentir como pr\u00f3pria a tarefa de tantos escol\u00e1pios, religiosos e leigos, em todo o mundo. Voc\u00ea vai se lembrar, por exemplo: &#8220;Ao encontro com Atambua&#8221;, &#8220;O tesouro do Senegal&#8221;, &#8220;Ao ritmo do Congo&#8221;, ou o \u00faltimo, &#8220;Centros que mudam, mude seu centro&#8221;.<\/span><\/p>\n<p style=\"text-align: left;\"><span style=\"font-family: arial, helvetica, sans-serif; font-size: 16px;\">Este ano, seguindo o lema pastoral da Ordem, lan\u00e7amos a campanha &#8220;Uma voz, um milh\u00e3o de mudan\u00e7as&#8221;, porque acreditamos verdadeiramente que, para mudar o mundo, precisamos de cada uma das pessoas que nos l\u00ea e, sobretudo, das crian\u00e7as e dos jovens que, de uma forma ou de outra, participam das Escolas Pias. O mundo precisa da sua voz e n\u00f3s precisamos ouvi-los.<\/span><\/p>\n<p style=\"text-align: left;\"><span style=\"font-family: arial, helvetica, sans-serif; font-size: 16px;\">Por isso, de Itaka-Escol\u00e1pios, convidamos voc\u00ea a continuar trabalhando para que as novas gera\u00e7\u00f5es sejam capazes de dar o melhor de si para construir um mundo como Deus planejou.<\/span><\/p>\n<p style=\"text-align: center;\"><iframe loading=\"lazy\" src=\"\/\/www.youtube.com\/embed\/FJMId-xm8gk\" width=\"100%\" height=\"400\" allowfullscreen=\"allowfullscreen\" data-mce-fragment=\"1\"><\/iframe><\/p>\n<p>&nbsp;<\/p>\n<p style=\"text-align: left;\"><span style=\"text-decoration: underline; font-family: arial, helvetica, sans-serif; font-size: 20px;\">Links para o conteudo da campanha:<\/span><\/p>\n<ul class=\"children\">\n<li class=\"page_item page-item-6357\" style=\"text-align: left;\"><span style=\"font-family: arial, helvetica, sans-serif; font-size: 16px;\"><a href=\"https:\/\/www.educa.itakaescolapios.org\/campanas\/2022-2023-una-voz-un-millon-de-cambios\/recordamos-centros-que-cambian-cambia-tu-centro\">Relembrando a campanha anterior &#8220;Centros que mudam, mude seu centro&#8221;.<\/a><\/span><\/li>\n<li class=\"page_item page-item-6357\" style=\"text-align: left;\"><span style=\"font-family: arial, helvetica, sans-serif; font-size: 16px;\"><a href=\"https:\/\/www.educa.itakaescolapios.org\/campanas\/2022-2023-una-voz-un-millon-de-cambios\/conoce-mejor-la-campana\">Apresenta\u00e7\u00e3o da campanha \u201cUma voz, um milh\u00e3o de mudan\u00e7as\u201d.<\/a><\/span><\/li>\n<li class=\"page_item page-item-6357\" style=\"text-align: left;\"><span style=\"font-family: arial, helvetica, sans-serif; font-size: 16px;\"><a href=\"https:\/\/www.educa.itakaescolapios.org\/campanas\/2022-2023-una-voz-un-millon-de-cambios\/metodologia-de-trabajo\">Metodologia de trabalho<\/a><\/span>\n<ul>\n<li style=\"list-style-type: none;\">\n<ul class=\"children\">\n<li class=\"page_item page-item-6357\" style=\"text-align: left;\"><span style=\"font-size: 16px; font-family: arial, helvetica, sans-serif;\"><a href=\"https:\/\/www.educa.itakaescolapios.org\/derecho-a-la-educacion\/actividad-inicial-claustro-campana-solidaridad-2022-23\" target=\"_blank\" rel=\"noopener noreferrer\">Atividade inicial para o corpo docente<\/a><\/span><\/li>\n<li class=\"page_item page-item-6357\" style=\"text-align: left;\"><span style=\"font-size: 16px; font-family: arial, helvetica, sans-serif;\"><a href=\"https:\/\/www.educa.itakaescolapios.org\/campanas\/2022-2023-una-voz-un-millon-de-cambios\/metodologia-de-trabajo\/mision-paz\">Miss\u00e3o Paz\u00a0<\/a><\/span><\/li>\n<li class=\"page_item page-item-6385\"><span style=\"font-family: arial, helvetica, sans-serif; font-size: 16px;\"><a href=\"https:\/\/www.educa.itakaescolapios.org\/campanas\/2022-2023-una-voz-un-millon-de-cambios\/metodologia-de-trabajo\/mision-conectate\">Miss\u00e3o Conectar<\/a><\/span><\/li>\n<li class=\"page_item page-item-6387 current_page_item\"><span style=\"font-size: 16px; font-family: arial, helvetica, sans-serif;\"><a href=\"https:\/\/www.educa.itakaescolapios.org\/campanas\/2022-2023-una-voz-un-millon-de-cambios\/metodologia-de-trabajo\/mision-expresate\" aria-current=\"page\">Miss\u00e3o Expresar-se<\/a><img decoding=\"async\" loading=\"lazy\" class=\"size-thumbnail wp-image-3014 alignright\" src=\"https:\/\/www.educa.itakaescolapios.org\/wp-content\/uploads\/2020\/11\/mano-click-verde-en-el-medio-150x150.jpg\" alt=\"\" width=\"150\" height=\"150\" \/><\/span><\/li>\n<\/ul>\n<\/li>\n<\/ul>\n<\/li>\n<li class=\"page_item page-item-6391\" style=\"text-align: left;\"><span style=\"font-family: arial, helvetica, sans-serif; font-size: 16px;\"><a href=\"https:\/\/www.educa.itakaescolapios.org\/campanas\/2022-2023-una-voz-un-millon-de-cambios\/https-www-ecampanas-2022-2023-una-voz-un-millon-de-cambios-carteleria-y-ambientacion\">Cartazes e ambienta\u00e7\u00e3o\u00a0<\/a><\/span><\/li>\n<li class=\"page_item page-item-6393\" style=\"text-align: left;\"><span style=\"font-family: arial, helvetica, sans-serif; font-size: 16px;\"><a href=\"https:\/\/www.educa.itakaescolapios.org\/campanas\/2022-2023-una-voz-un-millon-de-cambios\/acciones-locales\">Boas pr\u00e1ticas<\/a><\/span><\/li>\n<li class=\"page_item page-item-6395\" style=\"text-align: left;\"><span style=\"font-family: arial, helvetica, sans-serif; font-size: 16px;\"><a href=\"https:\/\/www.educa.itakaescolapios.org\/campanas\/2022-2023-una-voz-un-millon-de-cambios\/evaluacion\">Avalia\u00e7\u00e3o<\/a><\/span><\/li>\n<li class=\"page_item page-item-5055\" style=\"text-align: left;\"><span style=\"font-family: arial, helvetica, sans-serif; font-size: 16px;\"><a href=\"https:\/\/www.educa.itakaescolapios.org\/campanas\/2022-2023-una-voz-un-millon-de-cambios\/haz-un-donativo-y-cambia-el-mundo\">Doa\u00e7\u00f5es<\/a><\/span><\/li>\n<\/ul>\n<p>&nbsp;<\/p>\n<p>&nbsp;<\/p>\n<p><img decoding=\"async\" loading=\"lazy\" class=\"align:center\" src=\"https:\/\/www.educa.itakaescolapios.org\/wp-content\/uploads\/2022\/11\/PT.CARTEL-campan\u0303a-2023.png\" alt=\"\" width=\"90%\" height=\"90%\" \/><\/p>","protected":false},"excerpt":{"rendered":"<p>Desde sua cria\u00e7\u00e3o, a rede Itaka-Escol\u00e1pios atua na conscientiza\u00e7\u00e3o para a transforma\u00e7\u00e3o social por meio de a\u00e7\u00f5es e atividades educativas desenvolvidas na Educa\u00e7\u00e3o Formal e N\u00e3o [&hellip;]<\/p>\n","protected":false},"author":5,"featured_media":6380,"parent":70,"menu_order":0,"comment_status":"closed","ping_status":"closed","template":"","meta":[],"acf":[],"_links":{"self":[{"href":"https:\/\/www.educa.itakaescolapios.org\/pt\/wp-json\/wp\/v2\/pages\/6355"}],"collection":[{"href":"https:\/\/www.educa.itakaescolapios.org\/pt\/wp-json\/wp\/v2\/pages"}],"about":[{"href":"https:\/\/www.educa.itakaescolapios.org\/pt\/wp-json\/wp\/v2\/types\/page"}],"author":[{"embeddable":true,"href":"https:\/\/www.educa.itakaescolapios.org\/pt\/wp-json\/wp\/v2\/users\/5"}],"replies":[{"embeddable":true,"href":"https:\/\/www.educa.itakaescolapios.org\/pt\/wp-json\/wp\/v2\/comments?post=6355"}],"version-history":[{"count":71,"href":"https:\/\/www.educa.itakaescolapios.org\/pt\/wp-json\/wp\/v2\/pages\/6355\/revisions"}],"predecessor-version":[{"id":6869,"href":"https:\/\/www.educa.itakaescolapios.org\/pt\/wp-json\/wp\/v2\/pages\/6355\/revisions\/6869"}],"up":[{"embeddable":true,"href":"https:\/\/www.educa.itakaescolapios.org\/pt\/wp-json\/wp\/v2\/pages\/70"}],"wp:featuredmedia":[{"embeddable":true,"href":"https:\/\/www.educa.itakaescolapios.org\/pt\/wp-json\/wp\/v2\/media\/6380"}],"wp:attachment":[{"href":"https:\/\/www.educa.itakaescolapios.org\/pt\/wp-json\/wp\/v2\/media?parent=6355"}],"curies":[{"name":"wp","href":"https:\/\/api.w.org\/{rel}","templated":true}]}}