{"id":6357,"date":"2022-11-02T09:54:53","date_gmt":"2022-11-02T08:54:53","guid":{"rendered":"https:\/\/www.educa.itakaescolapios.org\/?page_id=6357"},"modified":"2023-02-14T13:08:42","modified_gmt":"2023-02-14T12:08:42","slug":"recordamos-centros-que-cambian-cambia-tu-centro","status":"publish","type":"page","link":"https:\/\/www.educa.itakaescolapios.org\/pt\/campanas\/2022-2023-una-voz-un-millon-de-cambios\/recordamos-centros-que-cambian-cambia-tu-centro","title":{"rendered":"Recordando: Centros que mudam, muda teu centro"},"content":{"rendered":"<p><span style=\"font-family: arial, helvetica, sans-serif;\">OBRIGADO!<\/span><\/p>\n<p><span style=\"font-family: arial, helvetica, sans-serif;\">Faz aproximadamente um ano, abria-se um novo espa\u00e7o nesta mesma web para apresentar a campanha\u201c<em>Centros que mudan, muda teu centro\u201d.<\/em> Uma campanha focada em potencializar e apoiar a for\u00e7a transformadora da educa\u00e7\u00e3o de nossos centros educativos, muito diferentes entre si, por\u00e9m com algo em comum: desenvolver a miss\u00e3o escol\u00e1pia atrav\u00e9s de a\u00e7\u00f5es que v\u00e3o al\u00e9m das salas de aulas.<img decoding=\"async\" loading=\"lazy\" class=\"alignright\" style=\"font-family: arial, helvetica, sans-serif; text-align: justify;\" src=\"https:\/\/www.educa.itakaescolapios.org\/wp-content\/uploads\/2021\/11\/Dorotea-portada-.png\" alt=\"\" width=\"20%\" height=\"20%\" \/><\/span><\/p>\n<p><span style=\"font-family: arial, helvetica, sans-serif;\">Essa Campanha se desenvolveu durante 12 meses em 10 pa\u00edses e mais de 60 localidades ou presen\u00e7as. Em cada lugar, foi realizado em um determinado momento, conforme sua organiza\u00e7\u00e3o pr\u00f3pria, mas a for\u00e7a que d\u00e1 unir-se em uma mesma a\u00e7\u00e3o com um mesmo prop\u00f3sito favorece que, efetivamente, possamos mudar nossos centros, para que se convertam em centros que, por sua vez, mudem seu entorno.<\/span><\/p>\n<p><span style=\"font-family: arial, helvetica, sans-serif;\">Ao longo do ano, durante a campanha 2021-2022, valorizamos a figura dos educadores e educadoras escol\u00e1pios que compartilham sua vida com todas as pessoas com que se encontram em sua tarefa di\u00e1ria. Uma figura representada pela Doroteia, nossa nova tripulante, que, desde ent\u00e3o, acompanha Calasanz e seus amigos em cada uma das miss\u00f5es que enfrentam. Este ano, certamente, seguiremos contando com ela.<\/span><\/p>\n<p><span style=\"font-family: arial, helvetica, sans-serif;\">Estamos convencidos de que os educadores e educadoras s\u00e3o chaves para a miss\u00e3o escol\u00e1pia, e, por isso, consideramos muito importante poder fechar a campanha \u201c<em>Centros que mudam, muda teu centro\u201d <\/em>enviando-lhe uma carta de agradecimento por seu trabalho e entrega. Por isso, convidamos voc\u00eas a fazer essa tarefa com quem est\u00e1 mais perto <a href=\"https:\/\/www.educa.itakaescolapios.org\/wp-content\/uploads\/2023\/02\/Carta-aos-educadores.pdf\">(Link carta a os educadores)<\/a> <img decoding=\"async\" loading=\"lazy\" class=\"alignright size-medium wp-image-2975\" src=\"https:\/\/www.educa.itakaescolapios.org\/wp-content\/uploads\/2020\/11\/mano-click-verde-por-dos-300x156.jpg\" alt=\"\" width=\"20%\" height=\"20%\" srcset=\"https:\/\/www.educa.itakaescolapios.org\/wp-content\/uploads\/2020\/11\/mano-click-verde-por-dos-300x156.jpg 300w, https:\/\/www.educa.itakaescolapios.org\/wp-content\/uploads\/2020\/11\/mano-click-verde-por-dos-1024x532.jpg 1024w, https:\/\/www.educa.itakaescolapios.org\/wp-content\/uploads\/2020\/11\/mano-click-verde-por-dos-768x399.jpg 768w, https:\/\/www.educa.itakaescolapios.org\/wp-content\/uploads\/2020\/11\/mano-click-verde-por-dos-1536x799.jpg 1536w, https:\/\/www.educa.itakaescolapios.org\/wp-content\/uploads\/2020\/11\/mano-click-verde-por-dos-2048x1065.jpg 2048w, https:\/\/www.educa.itakaescolapios.org\/wp-content\/uploads\/2020\/11\/mano-click-verde-por-dos-250x130.jpg 250w\" sizes=\"(max-width: 300px) 100vw, 300px\" \/><\/span><\/p>\n<p><span style=\"font-family: arial, helvetica, sans-serif;\">Por \u00faltimo, lembre-se que pode baixar aqui mesmo a <a href=\"https:\/\/www.educa.itakaescolapios.org\/wp-content\/uploads\/2022\/12\/PT.Obrigado-BRL-scaled.jpg\" target=\"_blank\" rel=\"noopener noreferrer\">carta de agradecimiento<\/a>, com os detalhes da arrecada\u00e7\u00e3o total da campanha, a fim de faz\u00ea-la chegar aos meninos, meninas, jovens, fam\u00edlias, religiosos, fraternidade etc. que colaboraram para chegar a esse resultado.<\/span><\/p>\n<p><span style=\"font-family: arial, helvetica, sans-serif;\">E, novamente: OBRIGADO!\u00a0<\/span><\/p>\n<p>&nbsp;<\/p>\n<p>&nbsp;<\/p>\n<p><span style=\"font-family: arial, helvetica, sans-serif;\">Carteles de agradecimiento en distintos idiomas y monedas:<\/span><\/p>\n<table style=\"border-collapse: collapse; width: 100%; height: 230px;\" border=\"1\">\n<tbody>\n<tr style=\"height: 33px;\">\n<td style=\"width: 32.9888%; height: 33px;\" height=\"34\"><span style=\"font-family: arial, helvetica, sans-serif;\"><strong><span style=\"color: #000000;\">ESPA\u00d1OL<\/span><\/strong><\/span><\/td>\n<td style=\"width: 8.3764%; text-align: center;\"><a href=\"https:\/\/www.educa.itakaescolapios.org\/wp-content\/uploads\/2022\/12\/ES.Gracias-EUR-scaled.jpg\" target=\"_blank\" rel=\"noopener noreferrer\"><span style=\"font-family: arial, helvetica, sans-serif;\">EUR<\/span><\/a><\/td>\n<td style=\"width: 8.3764%; text-align: center;\"><a href=\"https:\/\/www.educa.itakaescolapios.org\/wp-content\/uploads\/2022\/12\/ES.Gracias-BOB-scaled.jpg\" target=\"_blank\" rel=\"noopener noreferrer\"><span style=\"font-family: arial, helvetica, sans-serif;\">BOB<\/span><\/a><\/td>\n<td style=\"width: 16.7528%; text-align: center;\"><a href=\"https:\/\/www.educa.itakaescolapios.org\/wp-content\/uploads\/2022\/12\/ES.Gracias-MXN-scaled.jpg\" target=\"_blank\" rel=\"noopener noreferrer\"><span style=\"font-family: arial, helvetica, sans-serif;\">MXN<\/span><\/a><\/td>\n<td style=\"width: 33.5056%; text-align: center; height: 33px;\"><a href=\"https:\/\/www.educa.itakaescolapios.org\/wp-content\/uploads\/2022\/12\/ES.Gracias-USD-scaled.jpg\" target=\"_blank\" rel=\"noopener noreferrer\"><span style=\"font-family: arial, helvetica, sans-serif;\">USD<\/span><\/a><\/td>\n<\/tr>\n<tr style=\"height: 33px;\">\n<td style=\"width: 32.9888%; height: 33px;\" height=\"34\"><span style=\"font-family: arial, helvetica, sans-serif;\"><strong><span style=\"color: #000000;\">ENGLISH<\/span><\/strong><\/span><\/td>\n<td style=\"width: 8.3764%; text-align: center;\"><a href=\"https:\/\/www.educa.itakaescolapios.org\/wp-content\/uploads\/2022\/12\/EN.Thanks-INR.jpg\" target=\"_blank\" rel=\"noopener noreferrer\"><span style=\"font-family: arial, helvetica, sans-serif;\">INR<\/span><\/a><\/td>\n<td style=\"width: 8.3764%; text-align: center;\"><a href=\"https:\/\/www.educa.itakaescolapios.org\/wp-content\/uploads\/2022\/12\/EN.Thanks-PHP-scaled.jpg\" target=\"_blank\" rel=\"noopener noreferrer\"><span style=\"font-family: arial, helvetica, sans-serif;\">PHP<\/span><\/a><\/td>\n<td style=\"width: 16.7528%; text-align: center;\"><a href=\"https:\/\/www.educa.itakaescolapios.org\/wp-content\/uploads\/2022\/12\/EN.Thanks-XAF-scaled.jpg\" target=\"_blank\" rel=\"noopener noreferrer\"><span style=\"font-family: arial, helvetica, sans-serif;\">XAF<\/span><\/a><\/td>\n<td style=\"width: 33.5056%; height: 33px; text-align: center;\"><\/td>\n<\/tr>\n<tr style=\"height: 33px;\">\n<td style=\"width: 32.9888%; height: 33px;\" height=\"34\"><span style=\"color: #000000; font-family: arial, helvetica, sans-serif;\"><strong>FRAN\u00c7AIS<\/strong><\/span><\/td>\n<td style=\"width: 8.3764%; text-align: center;\"><a href=\"https:\/\/www.educa.itakaescolapios.org\/wp-content\/uploads\/2022\/12\/FR.Merci-XOF-scaled.jpg\" target=\"_blank\" rel=\"noopener noreferrer\"><span style=\"font-family: arial, helvetica, sans-serif;\">XOF<\/span><\/a><\/td>\n<td style=\"width: 8.3764%; text-align: center;\"><a href=\"https:\/\/www.educa.itakaescolapios.org\/wp-content\/uploads\/2022\/12\/FR.Merci-XAF-scaled.jpg\" target=\"_blank\" rel=\"noopener noreferrer\"><span style=\"font-family: arial, helvetica, sans-serif;\">XAF<\/span><\/a><\/td>\n<td style=\"width: 16.7528%; text-align: center;\"><\/td>\n<td style=\"width: 33.5056%; height: 33px; text-align: center;\"><\/td>\n<\/tr>\n<tr style=\"height: 33px;\">\n<td style=\"width: 32.9888%; height: 33px;\" height=\"34\"><span style=\"color: #000000; font-family: arial, helvetica, sans-serif;\"><strong>PORTUGU\u00caS<\/strong><\/span><\/td>\n<td style=\"width: 8.3764%; text-align: center;\"><a href=\"https:\/\/www.educa.itakaescolapios.org\/wp-content\/uploads\/2022\/12\/PT.Obrigado-BRL-scaled.jpg\" target=\"_blank\" rel=\"noopener noreferrer\"><span style=\"font-family: arial, helvetica, sans-serif;\">BRL<\/span><\/a><\/td>\n<td style=\"width: 8.3764%; text-align: center;\"><a href=\"https:\/\/www.educa.itakaescolapios.org\/wp-content\/uploads\/2022\/12\/PT.Obrigado-MZN-scaled.jpg\" target=\"_blank\" rel=\"noopener noreferrer\"><span style=\"font-family: arial, helvetica, sans-serif;\">MZN<\/span><\/a><\/td>\n<td style=\"width: 16.7528%; text-align: center;\"><\/td>\n<td style=\"width: 33.5056%; height: 33px; text-align: center;\"><\/td>\n<\/tr>\n<tr style=\"height: 33px;\">\n<td style=\"width: 32.9888%; height: 33px;\" height=\"34\"><span style=\"color: #000000; font-family: arial, helvetica, sans-serif;\"><strong>EUSKERA<\/strong><\/span><\/td>\n<td style=\"width: 8.3764%; text-align: center;\"><a href=\"https:\/\/www.educa.itakaescolapios.org\/wp-content\/uploads\/2022\/12\/EU.Eskerrik-asko-EUR-scaled.jpg\" target=\"_blank\" rel=\"noopener noreferrer\"><span style=\"font-family: arial, helvetica, sans-serif;\">EUR<\/span><\/a><\/td>\n<td style=\"width: 8.3764%; text-align: center;\"><\/td>\n<td style=\"width: 16.7528%; text-align: center;\"><\/td>\n<td style=\"width: 33.5056%; height: 33px; text-align: center;\"><\/td>\n<\/tr>\n<tr style=\"height: 32px;\">\n<td style=\"width: 32.9888%; height: 32px;\" height=\"34\"><span style=\"color: #000000; font-family: arial, helvetica, sans-serif;\"><strong>VALENCI\u00c0<\/strong><\/span><\/td>\n<td style=\"width: 8.3764%; text-align: center;\"><a href=\"https:\/\/www.educa.itakaescolapios.org\/wp-content\/uploads\/2022\/12\/VA.Gr\u00e0cies-EUR-scaled.jpg\" target=\"_blank\" rel=\"noopener noreferrer\"><span style=\"font-family: arial, helvetica, sans-serif;\">EUR<\/span><\/a><\/td>\n<td style=\"width: 8.3764%; text-align: center;\"><\/td>\n<td style=\"width: 16.7528%; text-align: center;\"><\/td>\n<td style=\"width: 33.5056%; height: 32px; text-align: center;\"><\/td>\n<\/tr>\n<\/tbody>\n<\/table>\n<p><img decoding=\"async\" loading=\"lazy\" class=\"aligncenter\" src=\"https:\/\/www.educa.itakaescolapios.org\/wp-content\/uploads\/2022\/12\/multiple-gracias-scaled.jpg\" alt=\"\" width=\"100%\" height=\"100%\" \/><\/p>","protected":false},"excerpt":{"rendered":"<p>OBRIGADO! Faz aproximadamente um ano, abria-se um novo espa\u00e7o nesta mesma web para apresentar a campanha\u201cCentros que mudan, muda teu centro\u201d. Uma campanha focada em potencializar [&hellip;]<\/p>\n","protected":false},"author":5,"featured_media":0,"parent":6355,"menu_order":1,"comment_status":"closed","ping_status":"closed","template":"","meta":[],"acf":[],"_links":{"self":[{"href":"https:\/\/www.educa.itakaescolapios.org\/pt\/wp-json\/wp\/v2\/pages\/6357"}],"collection":[{"href":"https:\/\/www.educa.itakaescolapios.org\/pt\/wp-json\/wp\/v2\/pages"}],"about":[{"href":"https:\/\/www.educa.itakaescolapios.org\/pt\/wp-json\/wp\/v2\/types\/page"}],"author":[{"embeddable":true,"href":"https:\/\/www.educa.itakaescolapios.org\/pt\/wp-json\/wp\/v2\/users\/5"}],"replies":[{"embeddable":true,"href":"https:\/\/www.educa.itakaescolapios.org\/pt\/wp-json\/wp\/v2\/comments?post=6357"}],"version-history":[{"count":33,"href":"https:\/\/www.educa.itakaescolapios.org\/pt\/wp-json\/wp\/v2\/pages\/6357\/revisions"}],"predecessor-version":[{"id":7251,"href":"https:\/\/www.educa.itakaescolapios.org\/pt\/wp-json\/wp\/v2\/pages\/6357\/revisions\/7251"}],"up":[{"embeddable":true,"href":"https:\/\/www.educa.itakaescolapios.org\/pt\/wp-json\/wp\/v2\/pages\/6355"}],"wp:attachment":[{"href":"https:\/\/www.educa.itakaescolapios.org\/pt\/wp-json\/wp\/v2\/media?parent=6357"}],"curies":[{"name":"wp","href":"https:\/\/api.w.org\/{rel}","templated":true}]}}