{"id":6362,"date":"2022-11-02T10:28:13","date_gmt":"2022-11-02T09:28:13","guid":{"rendered":"https:\/\/www.educa.itakaescolapios.org\/?page_id=6362"},"modified":"2023-04-17T17:39:02","modified_gmt":"2023-04-17T15:39:02","slug":"conoce-mejor-la-campana","status":"publish","type":"page","link":"https:\/\/www.educa.itakaescolapios.org\/pt\/campanas\/2022-2023-una-voz-un-millon-de-cambios\/conoce-mejor-la-campana","title":{"rendered":"Saiba mais sobre a campanha"},"content":{"rendered":"<p><\/p>\n<p style=\"text-align: justify;\"><span style=\"text-decoration: underline; font-family: arial, helvetica, sans-serif;\"><span style=\"font-size: 20px;\">Objetivos da campanha 2022-2023: \u201cUma voz, un milh\u00e3o de mudan\u00e7as\u201d<\/span><\/span><\/p>\n<ol>\n<li style=\"text-align: justify;\"><span style=\"font-family: arial, helvetica, sans-serif;\">Conhecer e apoiar o trabalho educativo, pastoral e transformador dos 7 projetos apoiados pela rede Itaka-Escol\u00e1pios que se apresentam, para assumir a responsabilidade de sua miss\u00e3o e contribuir para cobrir a despesa ordin\u00e1ria que permita sua viabilidade.<\/span><\/li>\n<li style=\"text-align: justify;\"><span style=\"font-family: arial, helvetica, sans-serif;\">Destacar, rever e promover o car\u00e1ter transformador dos centros escol\u00e1pios, oferecendo tamb\u00e9m EDUCA, como rede de apoio e conex\u00e3o dos centros educativos para a transforma\u00e7\u00e3o social.<\/span><\/li>\n<li style=\"text-align: justify;\"><span style=\"font-family: arial, helvetica, sans-serif;\">Contribuir para que todos os centros que realizam a campanha proposta possam dar passos para ser centros mais escol\u00e1pios e transformadores, alinhados com a proposta do Pacto Educativo Global, que convida a ouvir as jovens gera\u00e7\u00f5es para a constru\u00e7\u00e3o de uma vida para todos.<br \/>\n<\/span><\/li>\n<\/ol>\n<p>&nbsp;<\/p>\n<p style=\"text-align: center;\"><iframe loading=\"lazy\" src=\"\/\/www.youtube.com\/embed\/HamdBtINONA\" width=\"100%\" height=\"400\" allowfullscreen=\"allowfullscreen\"><\/iframe><\/p>\n<p><span style=\"font-family: arial, helvetica, sans-serif;\"><a href=\"https:\/\/www.educa.itakaescolapios.org\/wp-content\/uploads\/2023\/02\/03.01.-Uma-voz-um-milhao-de-mudancas.pdf\" target=\"_blank\" rel=\"noopener noreferrer\">Clicar aqui para o texto do v\u00eddeo.<\/a><\/span><\/p>\n<p><span style=\"text-decoration: underline; font-family: arial, helvetica, sans-serif;\"><span style=\"font-size: 20px;\">Destino solid\u00e1rio da campanha \u201cuma voz, um milh\u00e3o de mudan\u00e7as\u201d<\/span><\/span><\/p>\n<p style=\"text-align: left;\"><span style=\"font-family: arial, helvetica, sans-serif; font-size: 16px;\">Desde a sua cria\u00e7\u00e3o, a Rede Itaka-Escol\u00e1pios apoia a miss\u00e3o escol\u00e1pia em diferentes partes do mundo. Especificamente, aqueles de voc\u00eas que colaboraram nas campanhas de solidariedade nos \u00faltimos anos contribu\u00edram para apoiar, educacional, pastoral e financeiramente, v\u00e1rias obras e projetos escol\u00e1pios em pa\u00edses t\u00e3o distantes como: Brasil, Bol\u00edvia, Camar\u00f5es, Espanha, Gab\u00e3o, \u00cdndia, Indon\u00e9sia, M\u00e9xico, Mo\u00e7ambique, Rep\u00fablica Democr\u00e1tica do Congo, Senegal e Venezuela.<\/span><\/p>\n<p><span style=\"font-family: arial, helvetica, sans-serif; font-size: 16px;\">Durante este ano, todas as doa\u00e7\u00f5es arrecadadas com a campanha \u201cUma voz, um milh\u00e3o de mudan\u00e7as\u201d apoiar\u00e3o diversas obras de Educa\u00e7\u00e3o Escol\u00e1pia N\u00e3o Formal, uma das grandes prioridades atuais para Itaka- Escol\u00e1pios e, tamb\u00e9m, para a Ordem. Ou seja, com seu apoio, voc\u00ea poder\u00e1 favorecer a sustentabilidade da miss\u00e3o escol\u00e1pia para que continuemos educando para alcan\u00e7ar a mudan\u00e7a social em busca de um mundo mais justo e humano.<\/span><\/p>\n<p><span style=\"font-family: arial, helvetica, sans-serif; font-size: 16px;\">Especificamente, atrav\u00e9s das diferentes miss\u00f5es que a tripula\u00e7\u00e3o do Calasanz prop\u00f5e, poderemos nos aproximar e conhecer melhor algumas das a\u00e7\u00f5es e projetos do Itaka-Escol\u00e1pios que atuam no campo da educa\u00e7\u00e3o n\u00e3o formal. Projetos escol\u00e1pios que buscam transformar a sociedade e se relacionam por meio da rede:<\/span><\/p>\n<ul>\n<li><span style=\"font-family: arial, helvetica, sans-serif; font-size: 16px;\"><u>Com a miss\u00e3o PAZ<\/u>, apresenta-se o acolhimento de pessoas deslocadas pelo conflito de guerra na zona franc\u00f3fona dos Camar\u00f5es e as experi\u00eancias de voluntariado em projetos de inser\u00e7\u00e3o social em Venezuela.<\/span><\/li>\n<li><span style=\"font-family: arial, helvetica, sans-serif; font-size: 16px;\">Atrav\u00e9s da<u> miss\u00e3o CON\u00c9CTATE<\/u>, abordaremos a vida cotidiana dos internatos escol\u00e1pios na Indon\u00e9sia\/\u00cdndia, Senegal e Bol\u00edvia, suas rotinas, seu trabalho e sua proposta educativa.<\/span><\/li>\n<li><span style=\"font-family: arial, helvetica, sans-serif; font-size: 16px;\">Com a <u>miss\u00e3o EXPR\u00c9SATE<\/u>, aprofunda-se a import\u00e2ncia de trabalhar com adultos nos programas de <strong>acolhimento e alfabetiza\u00e7\u00e3o de migrantes<\/strong>, que desenvolvemos tanto na Espanha como no Senegal.<\/span><\/li>\n<\/ul>\n<p><span style=\"font-family: arial, helvetica, sans-serif;\"><em>\u00a0<\/em><\/span><\/p>\n<p><span style=\"text-decoration: underline; font-family: arial, helvetica, sans-serif; font-size: 20px;\">Conhe\u00e7a melhor esses projetos atrav\u00e9s dos trabalhos propostos e revisando suas fichas..<\/span><\/p>\n<ol>\n<li><a href=\"https:\/\/www.educa.itakaescolapios.org\/wp-content\/uploads\/2023\/02\/PAZ-CAMAROES-PORT.pdf\"><span style=\"font-family: arial, helvetica, sans-serif; font-size: 16px;\">Ficha: Recep\u00e7\u00e3o de refugiados em Camar\u00f5es (PAZ)<\/span><\/a><\/li>\n<li><a href=\"https:\/\/www.educa.itakaescolapios.org\/wp-content\/uploads\/2023\/02\/PAZ-VENEZUELA-PORT.pdf\"><span style=\"font-family: arial, helvetica, sans-serif; font-size: 16px;\">Ficha: Volunt\u00e1rio Venezuela (PAZ)<\/span><\/a><\/li>\n<li><a href=\"https:\/\/www.educa.itakaescolapios.org\/wp-content\/uploads\/2023\/02\/SE-CONECTE-SENEGAL-PORT.pdf\"><span style=\"font-family: arial, helvetica, sans-serif; font-size: 16px;\">Ficha: internato Senegal (CONNECTE-SE)<\/span><\/a><\/li>\n<li><a href=\"https:\/\/www.educa.itakaescolapios.org\/wp-content\/uploads\/2023\/04\/SE-CONECTE-ASRAMA-PORT.pdf\"><span style=\"font-family: arial, helvetica, sans-serif; font-size: 16px;\">Ficha: Internato Atambua (CONNECTE-SE)<\/span><\/a><\/li>\n<li><a href=\"https:\/\/www.educa.itakaescolapios.org\/wp-content\/uploads\/2023\/02\/SE-CONECTE-BOLIVIA-PORT.pdf\"><span style=\"font-family: arial, helvetica, sans-serif; font-size: 16px;\">Ficha: Internato Bolivia (CONNECTE-SE)<\/span><\/a><\/li>\n<li><a href=\"https:\/\/www.educa.itakaescolapios.org\/wp-content\/uploads\/2023\/02\/SE-EXPRESSE-EMAUS-PORT.pdf\"><span style=\"font-family: arial, helvetica, sans-serif; font-size: 16px;\">Ficha: Recep\u00e7\u00e3o de migrantes em Ema\u00fas (EXPRESSE-SE)<\/span><\/a><\/li>\n<\/ol>\n<p><\/p>","protected":false},"excerpt":{"rendered":"<p>Objetivos da campanha 2022-2023: \u201cUma voz, un milh\u00e3o de mudan\u00e7as\u201d Conhecer e apoiar o trabalho educativo, pastoral e transformador dos 7 projetos apoiados pela rede Itaka-Escol\u00e1pios [&hellip;]<\/p>\n","protected":false},"author":5,"featured_media":0,"parent":6355,"menu_order":2,"comment_status":"closed","ping_status":"closed","template":"","meta":[],"acf":[],"_links":{"self":[{"href":"https:\/\/www.educa.itakaescolapios.org\/pt\/wp-json\/wp\/v2\/pages\/6362"}],"collection":[{"href":"https:\/\/www.educa.itakaescolapios.org\/pt\/wp-json\/wp\/v2\/pages"}],"about":[{"href":"https:\/\/www.educa.itakaescolapios.org\/pt\/wp-json\/wp\/v2\/types\/page"}],"author":[{"embeddable":true,"href":"https:\/\/www.educa.itakaescolapios.org\/pt\/wp-json\/wp\/v2\/users\/5"}],"replies":[{"embeddable":true,"href":"https:\/\/www.educa.itakaescolapios.org\/pt\/wp-json\/wp\/v2\/comments?post=6362"}],"version-history":[{"count":54,"href":"https:\/\/www.educa.itakaescolapios.org\/pt\/wp-json\/wp\/v2\/pages\/6362\/revisions"}],"predecessor-version":[{"id":7572,"href":"https:\/\/www.educa.itakaescolapios.org\/pt\/wp-json\/wp\/v2\/pages\/6362\/revisions\/7572"}],"up":[{"embeddable":true,"href":"https:\/\/www.educa.itakaescolapios.org\/pt\/wp-json\/wp\/v2\/pages\/6355"}],"wp:attachment":[{"href":"https:\/\/www.educa.itakaescolapios.org\/pt\/wp-json\/wp\/v2\/media?parent=6362"}],"curies":[{"name":"wp","href":"https:\/\/api.w.org\/{rel}","templated":true}]}}