{"id":6393,"date":"2022-11-02T13:45:59","date_gmt":"2022-11-02T12:45:59","guid":{"rendered":"https:\/\/www.educa.itakaescolapios.org\/?page_id=6393"},"modified":"2023-02-21T12:25:18","modified_gmt":"2023-02-21T11:25:18","slug":"acciones-locales","status":"publish","type":"page","link":"https:\/\/www.educa.itakaescolapios.org\/pt\/campanas\/2022-2023-una-voz-un-millon-de-cambios\/acciones-locales","title":{"rendered":"Acciones locales"},"content":{"rendered":"<p><\/p>\n<p style=\"text-align: justify;\"><span style=\"font-family: arial, helvetica, sans-serif;\">Nesta se\u00e7\u00e3o, descreveremos as a\u00e7\u00f5es que voc\u00ea realiza localmente para desenvolver a campanha.<\/span><\/p>\n<p style=\"text-align: justify;\"><span style=\"font-family: arial, helvetica, sans-serif;\">Envie suas a\u00e7\u00f5es (algumas fotos e algumas linhas explicativas, se desejar) para este e-mail: <a href=\"mailto:educa@itakaescolapios.org\">educa@itakaescolapios.org<\/a><\/span><\/p>\n<p style=\"text-align: justify;\"><span style=\"font-family: arial, helvetica, sans-serif;\">Reuniremos todas as suas a\u00e7\u00f5es. Suas a\u00e7\u00f5es podem inspirar outros locais no desenvolvimento de sua campanha.<\/span><\/p>\n<p style=\"text-align: justify;\"><span style=\"font-family: arial, helvetica, sans-serif;\">ANIME-SE A COMPARTILHAR!<\/span><\/p>\n<p><\/p>","protected":false},"excerpt":{"rendered":"<p>Nesta se\u00e7\u00e3o, descreveremos as a\u00e7\u00f5es que voc\u00ea realiza localmente para desenvolver a campanha. Envie suas a\u00e7\u00f5es (algumas fotos e algumas linhas explicativas, se desejar) para este [&hellip;]<\/p>\n","protected":false},"author":5,"featured_media":0,"parent":6355,"menu_order":5,"comment_status":"closed","ping_status":"closed","template":"","meta":[],"acf":[],"_links":{"self":[{"href":"https:\/\/www.educa.itakaescolapios.org\/pt\/wp-json\/wp\/v2\/pages\/6393"}],"collection":[{"href":"https:\/\/www.educa.itakaescolapios.org\/pt\/wp-json\/wp\/v2\/pages"}],"about":[{"href":"https:\/\/www.educa.itakaescolapios.org\/pt\/wp-json\/wp\/v2\/types\/page"}],"author":[{"embeddable":true,"href":"https:\/\/www.educa.itakaescolapios.org\/pt\/wp-json\/wp\/v2\/users\/5"}],"replies":[{"embeddable":true,"href":"https:\/\/www.educa.itakaescolapios.org\/pt\/wp-json\/wp\/v2\/comments?post=6393"}],"version-history":[{"count":15,"href":"https:\/\/www.educa.itakaescolapios.org\/pt\/wp-json\/wp\/v2\/pages\/6393\/revisions"}],"predecessor-version":[{"id":7355,"href":"https:\/\/www.educa.itakaescolapios.org\/pt\/wp-json\/wp\/v2\/pages\/6393\/revisions\/7355"}],"up":[{"embeddable":true,"href":"https:\/\/www.educa.itakaescolapios.org\/pt\/wp-json\/wp\/v2\/pages\/6355"}],"wp:attachment":[{"href":"https:\/\/www.educa.itakaescolapios.org\/pt\/wp-json\/wp\/v2\/media?parent=6393"}],"curies":[{"name":"wp","href":"https:\/\/api.w.org\/{rel}","templated":true}]}}