{"id":6395,"date":"2022-11-02T13:46:18","date_gmt":"2022-11-02T12:46:18","guid":{"rendered":"https:\/\/www.educa.itakaescolapios.org\/?page_id=6395"},"modified":"2023-02-15T14:12:27","modified_gmt":"2023-02-15T13:12:27","slug":"evaluacion","status":"publish","type":"page","link":"https:\/\/www.educa.itakaescolapios.org\/pt\/campanas\/2022-2023-una-voz-un-millon-de-cambios\/evaluacion","title":{"rendered":"Avalia\u00e7\u00e3o"},"content":{"rendered":"<p><\/p>\n<p style=\"text-align: justify;\"><span style=\"font-family: arial, helvetica, sans-serif;\">Queremos saber como se desenvolveu a campanha de solidariedade em seu centro. Saber que miss\u00f5es e atividades voc\u00ea empreendeu e como elas funcionaram nos ajudar\u00e1 a conduzir melhores campanhas no futuro.<\/span><\/p>\n<p style=\"text-align: justify;\"><span style=\"font-family: arial, helvetica, sans-serif;\">Para fazer isso, temos um question\u00e1rio online. Um formul\u00e1rio que cada centro participante deve preencher. Entre em contato com <a href=\"mailto:educa@itakaescolapios.org\" target=\"_blank\" rel=\"noopener noreferrer\">educa@itakaescolapios.org<\/a>\u00a0 e forneceremos o link para responder.<\/span><\/p>\n<p><span style=\"font-family: arial, helvetica, sans-serif;\"><img decoding=\"async\" loading=\"lazy\" class=\"align:center alignleft\" src=\"https:\/\/www.educa.itakaescolapios.org\/wp-content\/uploads\/2023\/02\/PT.CARTEL-campana-2023.pdf\" alt=\"\" width=\"90%\" height=\"90%\" \/><\/span><\/p>","protected":false},"excerpt":{"rendered":"<p>Queremos saber como se desenvolveu a campanha de solidariedade em seu centro. Saber que miss\u00f5es e atividades voc\u00ea empreendeu e como elas funcionaram nos ajudar\u00e1 a [&hellip;]<\/p>\n","protected":false},"author":5,"featured_media":0,"parent":6355,"menu_order":6,"comment_status":"closed","ping_status":"closed","template":"","meta":[],"acf":[],"_links":{"self":[{"href":"https:\/\/www.educa.itakaescolapios.org\/pt\/wp-json\/wp\/v2\/pages\/6395"}],"collection":[{"href":"https:\/\/www.educa.itakaescolapios.org\/pt\/wp-json\/wp\/v2\/pages"}],"about":[{"href":"https:\/\/www.educa.itakaescolapios.org\/pt\/wp-json\/wp\/v2\/types\/page"}],"author":[{"embeddable":true,"href":"https:\/\/www.educa.itakaescolapios.org\/pt\/wp-json\/wp\/v2\/users\/5"}],"replies":[{"embeddable":true,"href":"https:\/\/www.educa.itakaescolapios.org\/pt\/wp-json\/wp\/v2\/comments?post=6395"}],"version-history":[{"count":8,"href":"https:\/\/www.educa.itakaescolapios.org\/pt\/wp-json\/wp\/v2\/pages\/6395\/revisions"}],"predecessor-version":[{"id":7301,"href":"https:\/\/www.educa.itakaescolapios.org\/pt\/wp-json\/wp\/v2\/pages\/6395\/revisions\/7301"}],"up":[{"embeddable":true,"href":"https:\/\/www.educa.itakaescolapios.org\/pt\/wp-json\/wp\/v2\/pages\/6355"}],"wp:attachment":[{"href":"https:\/\/www.educa.itakaescolapios.org\/pt\/wp-json\/wp\/v2\/media?parent=6395"}],"curies":[{"name":"wp","href":"https:\/\/api.w.org\/{rel}","templated":true}]}}