{"id":7081,"date":"2023-01-20T13:42:18","date_gmt":"2023-01-20T12:42:18","guid":{"rendered":"https:\/\/www.educa.itakaescolapios.org\/?page_id=7081"},"modified":"2023-01-20T15:25:19","modified_gmt":"2023-01-20T14:25:19","slug":"2022-2023-mision-paz","status":"publish","type":"page","link":"https:\/\/www.educa.itakaescolapios.org\/pt\/semanas-de-la-paz\/2022-2023-mision-paz","title":{"rendered":"2022-2023 Miss\u00e3o Paz"},"content":{"rendered":"<p><\/p>\n<p style=\"text-align: left;\"><span style=\"font-size: 24px; font-family: arial, helvetica, sans-serif;\">A Semana da Paz deste ano \u00e9 parte da campanha Solidariedade 2022-2023 &#8220;Uma voz, um milh\u00e3o de mudan\u00e7as&#8221;.<\/span><\/p>\n<p style=\"text-align: left;\"><span style=\"font-size: 24px; font-family: arial, helvetica, sans-serif;\">V\u00e1 diretamente para a Miss\u00e3o de Paz clicando no cartaz:<\/span><\/p>\n<p><a href=\"https:\/\/www.educa.itakaescolapios.org\/campanas\/2022-2023-una-voz-un-millon-de-cambios\/metodologia-de-trabajo\/mision-paz\"><img decoding=\"async\" loading=\"lazy\" class=\"aligncenter\" src=\"https:\/\/www.educa.itakaescolapios.org\/wp-content\/uploads\/2023\/01\/Mision-PAZ-cartel-banner.jpg\" alt=\"\" width=\"80%\" height=\"80%\" \/><\/a><\/p>","protected":false},"excerpt":{"rendered":"<p>A Semana da Paz deste ano \u00e9 parte da campanha Solidariedade 2022-2023 &#8220;Uma voz, um milh\u00e3o de mudan\u00e7as&#8221;. V\u00e1 diretamente para a Miss\u00e3o de Paz clicando [&hellip;]<\/p>\n","protected":false},"author":7,"featured_media":7082,"parent":713,"menu_order":0,"comment_status":"closed","ping_status":"closed","template":"","meta":[],"acf":[],"_links":{"self":[{"href":"https:\/\/www.educa.itakaescolapios.org\/pt\/wp-json\/wp\/v2\/pages\/7081"}],"collection":[{"href":"https:\/\/www.educa.itakaescolapios.org\/pt\/wp-json\/wp\/v2\/pages"}],"about":[{"href":"https:\/\/www.educa.itakaescolapios.org\/pt\/wp-json\/wp\/v2\/types\/page"}],"author":[{"embeddable":true,"href":"https:\/\/www.educa.itakaescolapios.org\/pt\/wp-json\/wp\/v2\/users\/7"}],"replies":[{"embeddable":true,"href":"https:\/\/www.educa.itakaescolapios.org\/pt\/wp-json\/wp\/v2\/comments?post=7081"}],"version-history":[{"count":12,"href":"https:\/\/www.educa.itakaescolapios.org\/pt\/wp-json\/wp\/v2\/pages\/7081\/revisions"}],"predecessor-version":[{"id":7095,"href":"https:\/\/www.educa.itakaescolapios.org\/pt\/wp-json\/wp\/v2\/pages\/7081\/revisions\/7095"}],"up":[{"embeddable":true,"href":"https:\/\/www.educa.itakaescolapios.org\/pt\/wp-json\/wp\/v2\/pages\/713"}],"wp:featuredmedia":[{"embeddable":true,"href":"https:\/\/www.educa.itakaescolapios.org\/pt\/wp-json\/wp\/v2\/media\/7082"}],"wp:attachment":[{"href":"https:\/\/www.educa.itakaescolapios.org\/pt\/wp-json\/wp\/v2\/media?parent=7081"}],"curies":[{"name":"wp","href":"https:\/\/api.w.org\/{rel}","templated":true}]}}