{"id":7679,"date":"2023-11-14T12:03:09","date_gmt":"2023-11-14T11:03:09","guid":{"rendered":"https:\/\/www.educa.itakaescolapios.org\/?page_id=7679"},"modified":"2024-12-09T17:55:53","modified_gmt":"2024-12-09T16:55:53","slug":"2023-2024-en-algun-lugar-del-mundo","status":"publish","type":"page","link":"https:\/\/www.educa.itakaescolapios.org\/pt\/campanas\/2023-2024-en-algun-lugar-del-mundo","title":{"rendered":"2023-2024 Em algum lugar do mundo"},"content":{"rendered":"<p>&nbsp;<\/p>\n<p style=\"text-align: justify;\"><span style=\"font-family: arial, helvetica, sans-serif;\">Uma das nossas chaves para promover a miss\u00e3o escol\u00e1pia em todo o mundo \u00e9 trabalhar num modelo de conscientiza\u00e7\u00e3o que busque a transforma\u00e7\u00e3o social. Por isso, al\u00e9m de outras iniciativas, h\u00e1 muitos anos que temos um cuidado especial com as campanhas de solidariedade com as quais, todos os anos, damos a conhecer mais as a\u00e7\u00f5es, projetos e obras partilhadas na rede internacional de Itaka-Escol\u00e1pios.<br \/>\nN\u00e3o \u00e9 estranho ouvir slogans como, por exemplo: <em>\u201cEncontrar Atambua\u201d, \u201cO tesouro do Senegal\u201d, \u201cAo ritmo do Congo\u201d, \u201cCentros que mudam, muda o seu centro\u201d<\/em>, ou no \u00faltimo ano, \u201c<em>Uma voz, um milh\u00e3o de mudan\u00e7as<\/em>&#8220;.<\/span><\/p>\n<p style=\"text-align: justify;\"><span style=\"font-family: arial, helvetica, sans-serif;\">Durante este per\u00edodo, atrav\u00e9s do lema \u201cEm algum lugar do mundo\u2026\u201d, queremos convidar voc\u00ea a conhecer e refletir sobre as diversas realidades que existem para al\u00e9m do nosso ambiente imediato, bem como a explorar, compreender e melhorar o nosso mundo, atrav\u00e9s da educa\u00e7\u00e3o, tanto formal como n\u00e3o formal. Esse lema encoraja-nos a reconhecer que cada canto do planeta tem a sua pr\u00f3pria hist\u00f3ria, cultura e desafios e lembra-nos que as nossas a\u00e7\u00f5es podem ter um impacto significativo no bem-estar de outras pessoas e na constru\u00e7\u00e3o de um mundo mais justo e humano. \u2026 um mundo \u201ccomo Deus ordena\u201d.<\/span><\/p>\n<p style=\"text-align: justify;\"><span style=\"font-family: arial, helvetica, sans-serif;\">Para isso, desde Itaka-Escol\u00e1pios, queremos incentivar voc\u00ea a fomentar nas nossas crian\u00e7as e jovens: a curiosidade, a empatia e o respeito por outras culturas e contextos nem sempre pr\u00f3ximos; mas tamb\u00e9m para acompanh\u00e1-los na descoberta de certos problemas sociais e na procura de solu\u00e7\u00f5es. Porque eles t\u00eam muito a dizer e contribuir para o mundo. Eles s\u00e3o o futuro e a esperan\u00e7a.<\/span><\/p>\n<p style=\"text-align: center;\"><iframe loading=\"lazy\" src=\"\/\/www.youtube.com\/embed\/3MxYB3seE6M\" width=\"100%\" height=\"400\" allowfullscreen=\"allowfullscreen\" data-mce-fragment=\"1\">&lt;span data-mce-type=&#8221;bookmark&#8221; style=&#8221;display: inline-block; width: 0px; overflow: hidden; line-height: 0;&#8221; class=&#8221;mce_SELRES_start&#8221;&gt;\ufeff&lt;\/span&gt;&amp;lt;span data-mce-type=&#8221;bookmark&#8221; style=&#8221;display: inline-block; width: 0px; overflow: hidden; line-height: 0;&#8221; class=&#8221;mce_SELRES_start&#8221;&amp;gt;\ufeff&amp;lt;\/span&amp;gt;<\/iframe><\/p>\n<p>&nbsp;<\/p>\n<ul class=\"children\">\n<li class=\"page_item page-item-5055\" style=\"text-align: left;\"><span style=\"text-decoration: underline;\"><span style=\"font-size: 20px;\"><a href=\"https:\/\/www.educa.itakaescolapios.org\/campanas\/2023-2024-en-algun-lugar-del-mundo\/recordando-una-voz-un-millon-de-cambios\" target=\"_blank\" rel=\"noopener\"><span style=\"font-family: arial, helvetica, sans-serif;\">Relembrando a campanha anterior \u201cUma voz, um milh\u00e3o de mudan\u00e7as&#8221;<\/span><\/a><\/span><\/span><\/li>\n<li class=\"page_item page-item-5055\" style=\"text-align: left;\"><span style=\"text-decoration: underline;\"><span style=\"font-family: arial, helvetica, sans-serif; font-size: 20px;\"><a href=\"https:\/\/www.educa.itakaescolapios.org\/campanas\/2023-2024-en-algun-lugar-del-mundo\/conoce-mejor-la-campana-en-algun-lugar-del-mundo\" target=\"_blank\" rel=\"noopener\">Conhe\u00e7a a campanha \u201cEm algum lugar do mundo\u201d.<\/a><\/span><\/span><\/li>\n<li class=\"page_item page-item-5055\" style=\"text-align: left;\"><span style=\"text-decoration: underline;\"><span style=\"font-family: arial, helvetica, sans-serif; font-size: 20px;\"><a href=\"https:\/\/www.educa.itakaescolapios.org\/campanas\/2023-2024-en-algun-lugar-del-mundo\/metodologia-de-la-campana-en-algun-lugar-del-mundo\" target=\"_blank\" rel=\"noopener\">Metodologia de trabalho<\/a><\/span><\/span><\/li>\n<li class=\"page_item page-item-5055\" style=\"text-align: left;\"><span style=\"text-decoration: underline;\"><span style=\"font-family: arial, helvetica, sans-serif; font-size: 20px;\"><a href=\"https:\/\/www.educa.itakaescolapios.org\/campanas\/2023-2024-en-algun-lugar-del-mundo\/carteleria-y-ambientacion-en-algun-lugar-del-mundo\" target=\"_blank\" rel=\"noopener\">Sinaliza\u00e7\u00e3o e configura\u00e7\u00e3o<\/a><\/span><\/span><\/li>\n<li class=\"page_item page-item-5055\" style=\"text-align: left;\"><span style=\"text-decoration: underline;\"><span style=\"font-family: arial, helvetica, sans-serif; font-size: 20px;\"><a href=\"https:\/\/www.educa.itakaescolapios.org\/campanas\/2023-2024-en-algun-lugar-del-mundo\/7784-2\" target=\"_blank\" rel=\"noopener\">Boas pr\u00e1ticas<\/a><\/span><\/span><\/li>\n<li class=\"page_item page-item-5055\" style=\"text-align: left;\"><span style=\"text-decoration: underline;\"><span style=\"font-family: arial, helvetica, sans-serif; font-size: 20px;\"><a href=\"https:\/\/www.educa.itakaescolapios.org\/campanas\/2023-2024-en-algun-lugar-del-mundo\/evaluacion-en-algun-lugar-del-mundo\" target=\"_blank\" rel=\"noopener\">Avalia\u00e7\u00e3o<\/a><\/span><\/span><\/li>\n<li class=\"page_item page-item-5055\" style=\"text-align: left;\"><span style=\"text-decoration: underline;\"><span style=\"font-family: arial, helvetica, sans-serif; font-size: 20px;\"><a href=\"https:\/\/www.educa.itakaescolapios.org\/campanas\/2023-2024-en-algun-lugar-del-mundo\/haz-un-donativo\" target=\"_blank\" rel=\"noopener\">Doa\u00e7\u00f5es<\/a><\/span><\/span><\/li>\n<\/ul>\n<p><img decoding=\"async\" loading=\"lazy\" class=\"aligncenter\" style=\"font-family: arial, helvetica, sans-serif; font-size: 20px;\" src=\"https:\/\/www.educa.itakaescolapios.org\/wp-content\/uploads\/2020\/11\/mano-click-verde-en-el-medio-scaled.jpg\" alt=\"\" width=\"20%\" height=\"20%\" \/><\/p>","protected":false},"excerpt":{"rendered":"<p>&nbsp; Uma das nossas chaves para promover a miss\u00e3o escol\u00e1pia em todo o mundo \u00e9 trabalhar num modelo de conscientiza\u00e7\u00e3o que busque a transforma\u00e7\u00e3o social. Por [&hellip;]<\/p>\n","protected":false},"author":7,"featured_media":7745,"parent":70,"menu_order":0,"comment_status":"closed","ping_status":"closed","template":"","meta":[],"acf":[],"_links":{"self":[{"href":"https:\/\/www.educa.itakaescolapios.org\/pt\/wp-json\/wp\/v2\/pages\/7679"}],"collection":[{"href":"https:\/\/www.educa.itakaescolapios.org\/pt\/wp-json\/wp\/v2\/pages"}],"about":[{"href":"https:\/\/www.educa.itakaescolapios.org\/pt\/wp-json\/wp\/v2\/types\/page"}],"author":[{"embeddable":true,"href":"https:\/\/www.educa.itakaescolapios.org\/pt\/wp-json\/wp\/v2\/users\/7"}],"replies":[{"embeddable":true,"href":"https:\/\/www.educa.itakaescolapios.org\/pt\/wp-json\/wp\/v2\/comments?post=7679"}],"version-history":[{"count":36,"href":"https:\/\/www.educa.itakaescolapios.org\/pt\/wp-json\/wp\/v2\/pages\/7679\/revisions"}],"predecessor-version":[{"id":8668,"href":"https:\/\/www.educa.itakaescolapios.org\/pt\/wp-json\/wp\/v2\/pages\/7679\/revisions\/8668"}],"up":[{"embeddable":true,"href":"https:\/\/www.educa.itakaescolapios.org\/pt\/wp-json\/wp\/v2\/pages\/70"}],"wp:featuredmedia":[{"embeddable":true,"href":"https:\/\/www.educa.itakaescolapios.org\/pt\/wp-json\/wp\/v2\/media\/7745"}],"wp:attachment":[{"href":"https:\/\/www.educa.itakaescolapios.org\/pt\/wp-json\/wp\/v2\/media?parent=7679"}],"curies":[{"name":"wp","href":"https:\/\/api.w.org\/{rel}","templated":true}]}}