{"id":7699,"date":"2023-11-13T16:03:39","date_gmt":"2023-11-13T15:03:39","guid":{"rendered":"https:\/\/www.educa.itakaescolapios.org\/?page_id=7699"},"modified":"2024-02-14T11:05:52","modified_gmt":"2024-02-14T10:05:52","slug":"metodologia-de-la-campana-en-algun-lugar-del-mundo","status":"publish","type":"page","link":"https:\/\/www.educa.itakaescolapios.org\/pt\/campanas\/2023-2024-en-algun-lugar-del-mundo\/metodologia-de-la-campana-en-algun-lugar-del-mundo","title":{"rendered":"Metodologia da campanha"},"content":{"rendered":"<p>&nbsp;<\/p>\n<p style=\"text-align: justify;\"><span style=\"font-family: arial, helvetica, sans-serif;\">Mais um ano, damos as boas-vindas a este site e agradecemos o trabalho que, a partir de agora, v\u00e3o realizar no seu centro para o desenvolvimento da Campanha de Solidariedade: \u201cEm algum lugar do mundo\u2026\u201d<\/span><\/p>\n<p style=\"text-align: justify;\"><span style=\"font-family: arial, helvetica, sans-serif;\">Como sempre, propomos uma campanha que tenta adaptar-se \u00e0s diversas formas de trabalhar, facilitando assim o seu desenvolvimento em cada uma das obras, projetos e presen\u00e7as nos quatro continentes onde promovemos a miss\u00e3o Escol\u00e1pia, atrav\u00e9s da rede Itaka-Escol\u00e1pios.<\/span><\/p>\n<p style=\"text-align: justify;\"><span style=\"font-family: arial, helvetica, sans-serif;\">Neste ano, tendo em conta os objetivos da Campanha Solid\u00e1ria e ouvindo as propostas de melhoria, pensamos em uma nova abordagem que pode ajudar a aprofundar melhor os projetos que s\u00e3o apresentados, bem como o valor ou tema que lhe d\u00e1 nome a cada miss\u00e3o. Uma abordagem focada no desenvolvimento de projetos interdisciplinares simples de Aprendizagem-Servi\u00e7o, como proposta para a aula, que busca maior significa\u00e7\u00e3o da aprendizagem curricular a se colocar em pr\u00e1tica, para a melhoria da sociedade, tudo o que \u00e9 aprendido nos diferentes materiais.<\/span><\/p>\n<p style=\"text-align: justify;\"><span style=\"font-family: arial, helvetica, sans-serif;\">Por isso, as cinco miss\u00f5es propostas ser\u00e3o trabalhadas exclusivamente por faixas et\u00e1rias. Assim, em cada uma delas, tanto em sala de aula quanto no Movimento Calasanz, tratar\u00e3o de um \u00fanico tema vinculado a um ou dois projetos escol\u00e1pios, conforme indicado neste quadro-resumo:<\/span><\/p>\n<p style=\"text-align: left;\"><a href=\"https:\/\/www.educa.itakaescolapios.org\/wp-content\/uploads\/2024\/02\/ESQUEMA-CAMPANA-ITAKA-PORT.pdf\" target=\"_blank\" rel=\"noopener\"><span style=\"font-family: arial, helvetica, sans-serif;\"><img decoding=\"async\" loading=\"lazy\" class=\"aligncenter\" style=\"font-family: arial, helvetica, sans-serif; text-align: justify;\" src=\"https:\/\/www.educa.itakaescolapios.org\/wp-content\/uploads\/2024\/02\/CAPTURA-Esquema-campana-2024-PORT.png\" alt=\"\" width=\"836\" height=\"592\" \/><\/span><\/a><\/p>\n<p style=\"text-align: justify;\"><span style=\"font-family: arial, helvetica, sans-serif;\">N\u00e3o nos esque\u00e7amos dos mais antigos (Equipes Mission\u00e1rias Partilhadas, Grupos e Comunidades da Fraternidade), pois t\u00eam o privil\u00e9gio de ter propostas espec\u00edficas em cada uma das miss\u00f5es.<\/span><\/p>\n<p style=\"text-align: justify;\"><span style=\"font-family: arial, helvetica, sans-serif;\"> Nem o compromisso de continuar a promover a constru\u00e7\u00e3o do Pacto Educativo Global j\u00e1 que, atrav\u00e9s das atividades desenhadas, trabalharemos, por exemplo, os Direitos das Crian\u00e7as ou a reflex\u00e3o sobre a necess\u00e1ria renova\u00e7\u00e3o da economia e da pol\u00edtica da nossa sociedade. Dois dos desafios que o Papa nos fala na sua proposta.<\/span><\/p>\n<p style=\"text-align: justify;\"><span style=\"font-family: arial, helvetica, sans-serif;\">Lembre-se de que uma das chaves para o sucesso <span style=\"text-decoration: underline;\"><mark><strong><a href=\"https:\/\/www.educa.itakaescolapios.org\/campanas\/2023-2024-en-algun-lugar-del-mundo\/carteleria-y-ambientacion-en-algun-lugar-del-mundo\" target=\"_blank\" rel=\"noopener\">\u00e9 preparar bem a Campanha de Solidariedade conhecendo todos os recursos que oferecemos a voc\u00ea:<\/a><\/strong><\/mark>:<\/span> atividades para o Movimento Calasanz, projetos de Aprendizagem de Servi\u00e7o, atividades para trabalhar com adultos vinculados ao EEPP, v\u00eddeos, m\u00fasicas, folhas de projeto, etc. Convidamos voc\u00ea a navegar e descobrir todas as propostas da m\u00e3o de nossa querida tripula\u00e7\u00e3o da Itaka-Escol\u00e1pios, capitaneada por Calasanz.<\/span><\/p>\n<p style=\"text-align: justify;\"><span style=\"font-family: arial, helvetica, sans-serif;\">Tenha em mente que a sua experi\u00eancia \u00e9 fundamental para melhorar a cada ano, por isso, por mais um ano, pedimos que se voc\u00ea realizar atividades pr\u00f3prias diferentes das aqui propostas, compartilhe-as para que possam ser publicadas e inspirar outros centros, para que, aos poucos, aumentemos nossa rede. Envie suas contribui\u00e7\u00f5es e\/ou coment\u00e1rios para <span style=\"text-decoration: underline;\"><a href=\"mailto:educa@itakaescolapios.org\">educa@itakaescolapios.org<\/a>.<\/span><\/span><\/p>\n<p style=\"text-align: justify;\"><span style=\"font-family: arial, helvetica, sans-serif;\">Anime-se e, desde j\u00e1, muito obrigado por tanto esfor\u00e7o e entusiasmo. Que comece a aventura!<\/span><\/p>\n<p><\/p>","protected":false},"excerpt":{"rendered":"<p>&nbsp; Mais um ano, damos as boas-vindas a este site e agradecemos o trabalho que, a partir de agora, v\u00e3o realizar no seu centro para o [&hellip;]<\/p>\n","protected":false},"author":9,"featured_media":0,"parent":7679,"menu_order":3,"comment_status":"closed","ping_status":"closed","template":"","meta":[],"acf":[],"_links":{"self":[{"href":"https:\/\/www.educa.itakaescolapios.org\/pt\/wp-json\/wp\/v2\/pages\/7699"}],"collection":[{"href":"https:\/\/www.educa.itakaescolapios.org\/pt\/wp-json\/wp\/v2\/pages"}],"about":[{"href":"https:\/\/www.educa.itakaescolapios.org\/pt\/wp-json\/wp\/v2\/types\/page"}],"author":[{"embeddable":true,"href":"https:\/\/www.educa.itakaescolapios.org\/pt\/wp-json\/wp\/v2\/users\/9"}],"replies":[{"embeddable":true,"href":"https:\/\/www.educa.itakaescolapios.org\/pt\/wp-json\/wp\/v2\/comments?post=7699"}],"version-history":[{"count":20,"href":"https:\/\/www.educa.itakaescolapios.org\/pt\/wp-json\/wp\/v2\/pages\/7699\/revisions"}],"predecessor-version":[{"id":8406,"href":"https:\/\/www.educa.itakaescolapios.org\/pt\/wp-json\/wp\/v2\/pages\/7699\/revisions\/8406"}],"up":[{"embeddable":true,"href":"https:\/\/www.educa.itakaescolapios.org\/pt\/wp-json\/wp\/v2\/pages\/7679"}],"wp:attachment":[{"href":"https:\/\/www.educa.itakaescolapios.org\/pt\/wp-json\/wp\/v2\/media?parent=7699"}],"curies":[{"name":"wp","href":"https:\/\/api.w.org\/{rel}","templated":true}]}}