{"id":7705,"date":"2023-11-13T16:48:23","date_gmt":"2023-11-13T15:48:23","guid":{"rendered":"https:\/\/www.educa.itakaescolapios.org\/?page_id=7705"},"modified":"2024-03-26T11:10:04","modified_gmt":"2024-03-26T10:10:04","slug":"carteleria-y-ambientacion-en-algun-lugar-del-mundo","status":"publish","type":"page","link":"https:\/\/www.educa.itakaescolapios.org\/pt\/campanas\/2023-2024-en-algun-lugar-del-mundo\/carteleria-y-ambientacion-en-algun-lugar-del-mundo","title":{"rendered":"CARTAZES E AMBIENTA\u00c7\u00c3O"},"content":{"rendered":"<p><\/p>\n<p lang=\"en-US\" style=\"text-align: justify;\" align=\"CENTER\"><span style=\"font-family: arial, helvetica, sans-serif;\">Quer voc\u00ea j\u00e1 tenha experi\u00eancia ou esteja apenas come\u00e7ando, devemos lembrar que a chave do sucesso \u00e9 o amor, o entusiasmo e a dedica\u00e7\u00e3o na elabora\u00e7\u00e3o da Campanha Solid\u00e1ria. Para isso <strong>\u00e9 importante que voc\u00ea conhe\u00e7a todos os recursos que oferecemos, <\/strong> ppor isso, a seguir, voc\u00ea encontrar\u00e1 uma lista completa de todos eles.<\/span><\/p>\n<p lang=\"en-US\" style=\"text-align: justify;\" align=\"CENTER\"><span style=\"font-family: arial, helvetica, sans-serif;\">Convidamos voc\u00ea a navegar e descobrir todas as propostas com a ajuda da nossa querida tripula\u00e7\u00e3o de Itaka-Escol\u00e1pios, capitaneada por Calasanz. (Todos os conte\u00fados est\u00e3o listados abaixo com links diretos para eles)<\/span><\/p>\n<p lang=\"en-US\" align=\"CENTER\"><img decoding=\"async\" loading=\"lazy\" class=\"alignright\" src=\"https:\/\/www.educa.itakaescolapios.org\/wp-content\/uploads\/2020\/07\/ELIKIA-ESENGO_color-scaled.jpg\" alt=\"\" width=\"312\" height=\"437\" \/><\/p>\n<ol>\n<li lang=\"en-US\" style=\"text-align: justify;\"><span style=\"font-family: arial, helvetica, sans-serif;\"><a href=\"https:\/\/www.educa.itakaescolapios.org\/wp-content\/uploads\/2024\/01\/TODAS_Esp.pdf\" target=\"_blank\" rel=\"noopener\"><span style=\"text-decoration: underline;\">Fichas do projeto<\/span><\/a>.<\/span><\/li>\n<li><span style=\"font-family: arial, helvetica, sans-serif;\"><a href=\"https:\/\/www.educa.itakaescolapios.org\/wp-content\/uploads\/2023\/11\/Presentacion-EN-ALGUN-LUGAR-DEL-MUNDO.pdf\" target=\"_blank\" rel=\"noopener\"><span style=\"text-decoration: underline;\">Atividade para o conselho de docentes<\/span><\/a>.<\/span><\/li>\n<li lang=\"en-US\" style=\"text-align: justify;\"><a href=\"https:\/\/www.educa.itakaescolapios.org\/campanas\/2023-2024-en-algun-lugar-del-mundo\/carteleria-y-ambientacion-en-algun-lugar-del-mundo\/actividades-para-la-transformacion-social\" target=\"_blank\" rel=\"noopener\"><span style=\"font-family: arial, helvetica, sans-serif;\"><span style=\"text-decoration: underline;\">Atividades de conscientiza\u00e7\u00e3o<\/span>.<\/span><\/a><\/li>\n<li lang=\"en-US\" style=\"text-align: justify;\"><span style=\"font-family: arial, helvetica, sans-serif;\"><a href=\"https:\/\/www.educa.itakaescolapios.org\/wp-content\/uploads\/2024\/02\/ESQUEMA-CAMPANA-ITAKA-PORT.pdf\" target=\"_blank\" rel=\"noopener\"><span style=\"text-decoration: underline;\">Mesa de apresenta\u00e7\u00e3o da miss\u00e3o<\/span><\/a>.<\/span><\/li>\n<li lang=\"en-US\" style=\"text-align: justify;\"><span style=\"font-family: arial, helvetica, sans-serif;\"><a href=\"https:\/\/www.educa.itakaescolapios.org\/wp-content\/uploads\/2024\/02\/CARTEL-CAMPANA-ITAKA-2324-PORT.jpg\" target=\"_blank\" rel=\"noopener\"><span style=\"text-decoration: underline;\">Cartaz da campanha<\/span><\/a>.<br \/>\n<\/span><\/li>\n<li lang=\"en-US\" style=\"text-align: justify;\"><span style=\"font-family: arial, helvetica, sans-serif;\"><a href=\"https:\/\/www.youtube.com\/watch?v=3MxYB3seE6M\" target=\"_blank\" rel=\"noopener\"><span style=\"text-decoration: underline;\">Video promocional<\/span><\/a>.<\/span><\/li>\n<li lang=\"en-US\" style=\"text-align: justify;\"><span style=\"font-family: arial, helvetica, sans-serif;\"><span style=\"text-decoration: underline;\"><a href=\"https:\/\/youtu.be\/MouQS0ZRT0I\" target=\"_blank\" rel=\"noopener\">V\u00eddeo de apresenta\u00e7\u00e3o<\/a><\/span>.<\/span><\/li>\n<li lang=\"en-US\" style=\"text-align: justify;\"><span style=\"font-family: arial, helvetica, sans-serif;\">Obrigado cartaz (<span style=\"text-decoration: underline;\"><a href=\"https:\/\/www.educa.itakaescolapios.org\/wp-content\/uploads\/2024\/02\/Obrigado-BRA.png\" target=\"_blank\" rel=\"noopener\">Brasil\u00a0<\/a><\/span>\/ <span style=\"text-decoration: underline;\"><a href=\"https:\/\/www.educa.itakaescolapios.org\/wp-content\/uploads\/2024\/02\/O-brigado-MZN.png\" target=\"_blank\" rel=\"noopener\">Mozambique\u00a0<\/a><\/span>\/ todos los idiomas y divisas aqu\u00ed).<\/span><\/li>\n<li lang=\"en-US\" style=\"text-align: justify;\"><span style=\"font-family: arial, helvetica, sans-serif;\"><a href=\"https:\/\/www.educa.itakaescolapios.org\/wp-content\/uploads\/2024\/02\/LCI-2324-PORT-scaled.jpg\" target=\"_blank\" rel=\"noopener\"><span style=\"text-decoration: underline;\">Logotipo<\/span><\/a><\/span><\/li>\n<li lang=\"en-US\" style=\"text-align: justify;\"><span style=\"font-family: arial, helvetica, sans-serif;\">Banner (<span style=\"text-decoration: underline;\"><a href=\"https:\/\/www.educa.itakaescolapios.org\/wp-content\/uploads\/2024\/02\/Banner-camp2024-horiz-PORT.png\" target=\"_blank\" rel=\"noopener\">horizontal<\/a> <\/span>\/ <span style=\"text-decoration: underline;\"><a href=\"https:\/\/www.educa.itakaescolapios.org\/wp-content\/uploads\/2024\/02\/Banner-camp2024-cuadrado-PORT.png\" target=\"_blank\" rel=\"noopener\">quadrado<\/a><\/span>)<\/span><\/li>\n<li lang=\"en-US\" style=\"text-align: justify;\"><span style=\"text-decoration: underline;\"><span style=\"font-family: arial, helvetica, sans-serif;\"><a href=\"https:\/\/www.educa.itakaescolapios.org\/personajes\" target=\"_blank\" rel=\"noopener\">Personagens<\/a>.<\/span><\/span><\/li>\n<\/ol>\n<h3><span style=\"font-family: arial, helvetica, sans-serif; font-size: 20px;\"><strong><u><img decoding=\"async\" loading=\"lazy\" class=\"aligncenter\" src=\"https:\/\/www.educa.itakaescolapios.org\/wp-content\/uploads\/2020\/11\/mano-click-verde-en-el-medio-scaled.jpg\" alt=\"\" width=\"20%\" height=\"20%\" \/><\/u><\/strong><\/span><\/h3>\n<p>&nbsp;<\/p>\n<p><span style=\"font-family: arial, helvetica, sans-serif;\"><img decoding=\"async\" loading=\"lazy\" class=\"aligncenter\" src=\"https:\/\/www.educa.itakaescolapios.org\/wp-content\/uploads\/2024\/02\/Banner-camp2024-horiz-PORT.png\" alt=\"\" width=\"100%\" height=\"100%\" \/><\/span><\/p>\n<p>&nbsp;<\/p>","protected":false},"excerpt":{"rendered":"<p>Quer voc\u00ea j\u00e1 tenha experi\u00eancia ou esteja apenas come\u00e7ando, devemos lembrar que a chave do sucesso \u00e9 o amor, o entusiasmo e a dedica\u00e7\u00e3o na elabora\u00e7\u00e3o [&hellip;]<\/p>\n","protected":false},"author":9,"featured_media":0,"parent":7679,"menu_order":4,"comment_status":"closed","ping_status":"closed","template":"","meta":[],"acf":[],"_links":{"self":[{"href":"https:\/\/www.educa.itakaescolapios.org\/pt\/wp-json\/wp\/v2\/pages\/7705"}],"collection":[{"href":"https:\/\/www.educa.itakaescolapios.org\/pt\/wp-json\/wp\/v2\/pages"}],"about":[{"href":"https:\/\/www.educa.itakaescolapios.org\/pt\/wp-json\/wp\/v2\/types\/page"}],"author":[{"embeddable":true,"href":"https:\/\/www.educa.itakaescolapios.org\/pt\/wp-json\/wp\/v2\/users\/9"}],"replies":[{"embeddable":true,"href":"https:\/\/www.educa.itakaescolapios.org\/pt\/wp-json\/wp\/v2\/comments?post=7705"}],"version-history":[{"count":51,"href":"https:\/\/www.educa.itakaescolapios.org\/pt\/wp-json\/wp\/v2\/pages\/7705\/revisions"}],"predecessor-version":[{"id":8476,"href":"https:\/\/www.educa.itakaescolapios.org\/pt\/wp-json\/wp\/v2\/pages\/7705\/revisions\/8476"}],"up":[{"embeddable":true,"href":"https:\/\/www.educa.itakaescolapios.org\/pt\/wp-json\/wp\/v2\/pages\/7679"}],"wp:attachment":[{"href":"https:\/\/www.educa.itakaescolapios.org\/pt\/wp-json\/wp\/v2\/media?parent=7705"}],"curies":[{"name":"wp","href":"https:\/\/api.w.org\/{rel}","templated":true}]}}