{"id":7738,"date":"2023-11-16T11:14:18","date_gmt":"2023-11-16T10:14:18","guid":{"rendered":"https:\/\/www.educa.itakaescolapios.org\/?page_id=7738"},"modified":"2023-12-04T12:49:38","modified_gmt":"2023-12-04T11:49:38","slug":"haz-un-donativo","status":"publish","type":"page","link":"https:\/\/www.educa.itakaescolapios.org\/pt\/campanas\/2023-2024-en-algun-lugar-del-mundo\/haz-un-donativo","title":{"rendered":"Haz un donativo"},"content":{"rendered":"<p><\/p>\n<p lang=\"en-US\" align=\"CENTER\"><span style=\"font-family: arial, helvetica, sans-serif;\">a\u00e7a uma doa\u00e7\u00e3o \u00e0 Itaka-Escol\u00e1pios e participe do processo de transforma\u00e7\u00e3o social que se desenvolve atrav\u00e9s da educa\u00e7\u00e3o e assist\u00eancia social.<\/span><\/p>\n<p><span style=\"font-family: arial, helvetica, sans-serif;\">\u00a0Ou fa\u00e7a a sua aporta\u00e7\u00e3o na seguinte Conta Corrente:<\/span><\/p>\n<p><span style=\"font-family: arial, helvetica, sans-serif;\"><img decoding=\"async\" loading=\"lazy\" class=\"alignleft wp-image-31021\" src=\"https:\/\/www.itakaescolapios.org\/wp-content\/uploads\/2020\/06\/Itau-300x285.png\" sizes=\"(max-width: 124px) 100vw, 124px\" srcset=\"https:\/\/www.itakaescolapios.org\/wp-content\/uploads\/2020\/06\/Itau-300x285.png 300w, https:\/\/www.itakaescolapios.org\/wp-content\/uploads\/2020\/06\/Itau-250x237.png 250w, https:\/\/www.itakaescolapios.org\/wp-content\/uploads\/2020\/06\/Itau.png 450w\" alt=\"\" width=\"124\" height=\"118\" \/><\/span><\/p>\n<p><span style=\"font-family: arial, helvetica, sans-serif;\">Banco: 341 \u2013 Ita\u00fa Unibanco<\/span><\/p>\n<p><span style=\"font-family: arial, helvetica, sans-serif;\">Ag\u00eancia: 3158<\/span><\/p>\n<p><span style=\"font-family: arial, helvetica, sans-serif;\">Conta Corrente: 95941-5<\/span><\/p>\n<p lang=\"en-US\" align=\"JUSTIFY\"><span style=\"font-family: arial, helvetica, sans-serif;\">Para fazer doa\u00e7\u00f5es mediante trasfer\u00eancia, fa\u00e7a-nos uma consulta atrav\u00e9s do e-mail:\u00a0<a href=\"mailto:mobilizacaobrasil@itakaescolapios.org\">mobilizacaobrasil@itakaescolapios.org<\/a><\/span><\/p>\n<p><\/p>","protected":false},"excerpt":{"rendered":"<p>a\u00e7a uma doa\u00e7\u00e3o \u00e0 Itaka-Escol\u00e1pios e participe do processo de transforma\u00e7\u00e3o social que se desenvolve atrav\u00e9s da educa\u00e7\u00e3o e assist\u00eancia social. \u00a0Ou fa\u00e7a a sua aporta\u00e7\u00e3o [&hellip;]<\/p>\n","protected":false},"author":7,"featured_media":0,"parent":7679,"menu_order":7,"comment_status":"closed","ping_status":"closed","template":"","meta":[],"acf":[],"_links":{"self":[{"href":"https:\/\/www.educa.itakaescolapios.org\/pt\/wp-json\/wp\/v2\/pages\/7738"}],"collection":[{"href":"https:\/\/www.educa.itakaescolapios.org\/pt\/wp-json\/wp\/v2\/pages"}],"about":[{"href":"https:\/\/www.educa.itakaescolapios.org\/pt\/wp-json\/wp\/v2\/types\/page"}],"author":[{"embeddable":true,"href":"https:\/\/www.educa.itakaescolapios.org\/pt\/wp-json\/wp\/v2\/users\/7"}],"replies":[{"embeddable":true,"href":"https:\/\/www.educa.itakaescolapios.org\/pt\/wp-json\/wp\/v2\/comments?post=7738"}],"version-history":[{"count":30,"href":"https:\/\/www.educa.itakaescolapios.org\/pt\/wp-json\/wp\/v2\/pages\/7738\/revisions"}],"predecessor-version":[{"id":8187,"href":"https:\/\/www.educa.itakaescolapios.org\/pt\/wp-json\/wp\/v2\/pages\/7738\/revisions\/8187"}],"up":[{"embeddable":true,"href":"https:\/\/www.educa.itakaescolapios.org\/pt\/wp-json\/wp\/v2\/pages\/7679"}],"wp:attachment":[{"href":"https:\/\/www.educa.itakaescolapios.org\/pt\/wp-json\/wp\/v2\/media?parent=7738"}],"curies":[{"name":"wp","href":"https:\/\/api.w.org\/{rel}","templated":true}]}}