{"id":7784,"date":"2023-11-16T14:09:20","date_gmt":"2023-11-16T13:09:20","guid":{"rendered":"https:\/\/www.educa.itakaescolapios.org\/?page_id=7784"},"modified":"2024-03-07T17:12:15","modified_gmt":"2024-03-07T16:12:15","slug":"7784-2","status":"publish","type":"page","link":"https:\/\/www.educa.itakaescolapios.org\/pt\/campanas\/2023-2024-en-algun-lugar-del-mundo\/7784-2","title":{"rendered":"Boas pr\u00e1ticas"},"content":{"rendered":"<p><span style=\"font-family: arial, helvetica, sans-serif;\">Nesta se\u00e7\u00e3o, coletamos as a\u00e7\u00f5es que voc\u00ea realiza localmente para desenvolver a campanha.<\/span><\/p>\n<p><span style=\"font-family: arial, helvetica, sans-serif;\">Envie suas a\u00e7\u00f5es (uma foto e algumas linhas explicativas, se desejar) para este e-mail: <span style=\"text-decoration: underline;\"><a href=\"mailto:educa@itakaescolapios.org\">educa@itakaescolapios.org<\/a><\/span><\/span><\/p>\n<p><span style=\"font-family: arial, helvetica, sans-serif;\">Coletaremos todas as suas a\u00e7\u00f5es..<\/span><\/p>\n<p><span style=\"font-family: arial, helvetica, sans-serif;\">Talvez suas a\u00e7\u00f5es possam inspirar outros locais no desenvolvimento de suas campanhas.<\/span><\/p>\n<p><span style=\"font-family: arial, helvetica, sans-serif;\">INCENTIVAMOS VOC\u00ca A COMPARTILHAR<\/span><\/p>\n<hr \/>\n<p><span style=\"font-family: arial, helvetica, sans-serif;\">Em Pamplona, no ano passado, eles compartilharam esses adesivos que podemos usar livremente.<\/span><\/p>\n<table style=\"border-collapse: collapse; width: 100%;\" border=\"1\">\n<tbody>\n<tr>\n<td style=\"width: 16.6667%; text-align: center;\"><a href=\"https:\/\/www.educa.itakaescolapios.org\/wp-content\/uploads\/2023\/02\/calasanz-Sticker.png\" target=\"_blank\" rel=\"noopener\"><img decoding=\"async\" loading=\"lazy\" src=\"https:\/\/www.educa.itakaescolapios.org\/wp-content\/uploads\/2023\/02\/calasanz-Sticker.png\" alt=\"\" width=\"65%\" height=\"65%\" \/><\/a><\/td>\n<td style=\"width: 16.6667%; text-align: center;\"><a href=\"https:\/\/www.educa.itakaescolapios.org\/wp-content\/uploads\/2023\/02\/Bla-Sticker.png\" target=\"_blank\" rel=\"noopener\"><img decoding=\"async\" loading=\"lazy\" src=\"https:\/\/www.educa.itakaescolapios.org\/wp-content\/uploads\/2023\/02\/Bla-Sticker.png\" alt=\"\" width=\"65%\" height=\"65%\" \/><\/a><\/td>\n<td style=\"width: 16.6667%; text-align: center;\"><a href=\"https:\/\/www.educa.itakaescolapios.org\/wp-content\/uploads\/2023\/02\/look-Sticker.png\" target=\"_blank\" rel=\"noopener\"><img decoding=\"async\" loading=\"lazy\" src=\"https:\/\/www.educa.itakaescolapios.org\/wp-content\/uploads\/2023\/02\/look-Sticker.png\" alt=\"\" width=\"65%\" height=\"65%\" \/><\/a><\/td>\n<td style=\"width: 16.6667%; text-align: center;\"><a href=\"https:\/\/www.educa.itakaescolapios.org\/wp-content\/uploads\/2023\/02\/Jiwa-Sticker.png\" target=\"_blank\" rel=\"noopener\"><img decoding=\"async\" loading=\"lazy\" src=\"https:\/\/www.educa.itakaescolapios.org\/wp-content\/uploads\/2023\/02\/Jiwa-Sticker.png\" alt=\"\" width=\"65%\" height=\"65%\" \/><\/a><\/td>\n<td style=\"width: 16.6667%; text-align: center;\"><a href=\"https:\/\/www.educa.itakaescolapios.org\/wp-content\/uploads\/2023\/02\/sukal-Sticker.png\" target=\"_blank\" rel=\"noopener\"><img decoding=\"async\" loading=\"lazy\" src=\"https:\/\/www.educa.itakaescolapios.org\/wp-content\/uploads\/2023\/02\/sukal-Sticker.png\" alt=\"\" width=\"65%\" height=\"65%\" \/><\/a><\/td>\n<td style=\"width: 16.6667%; text-align: center;\"><a href=\"https:\/\/www.educa.itakaescolapios.org\/wp-content\/uploads\/2023\/02\/marine-sticker.png\" target=\"_blank\" rel=\"noopener\"><img decoding=\"async\" loading=\"lazy\" src=\"https:\/\/www.educa.itakaescolapios.org\/wp-content\/uploads\/2023\/02\/marine-sticker.png\" alt=\"\" width=\"65%\" height=\"65%\" \/><\/a><\/td>\n<\/tr>\n<\/tbody>\n<\/table>\n<p>&nbsp;<\/p>\n<p>&nbsp;<\/p>\n<p>&nbsp;<\/p>\n<p>&nbsp;<\/p>\n<p><span style=\"font-family: arial, helvetica, sans-serif;\"><img decoding=\"async\" loading=\"lazy\" class=\"aligncenter\" src=\"https:\/\/www.educa.itakaescolapios.org\/wp-content\/uploads\/2023\/11\/BANNER-PORTADA-FB-CI-2324-ESP-scaled.jpg\" alt=\"\" width=\"100%\" height=\"100%\" \/><\/span><\/p>","protected":false},"excerpt":{"rendered":"<p>Nesta se\u00e7\u00e3o, coletamos as a\u00e7\u00f5es que voc\u00ea realiza localmente para desenvolver a campanha. Envie suas a\u00e7\u00f5es (uma foto e algumas linhas explicativas, se desejar) para este [&hellip;]<\/p>\n","protected":false},"author":9,"featured_media":0,"parent":7679,"menu_order":5,"comment_status":"closed","ping_status":"closed","template":"","meta":[],"acf":[],"_links":{"self":[{"href":"https:\/\/www.educa.itakaescolapios.org\/pt\/wp-json\/wp\/v2\/pages\/7784"}],"collection":[{"href":"https:\/\/www.educa.itakaescolapios.org\/pt\/wp-json\/wp\/v2\/pages"}],"about":[{"href":"https:\/\/www.educa.itakaescolapios.org\/pt\/wp-json\/wp\/v2\/types\/page"}],"author":[{"embeddable":true,"href":"https:\/\/www.educa.itakaescolapios.org\/pt\/wp-json\/wp\/v2\/users\/9"}],"replies":[{"embeddable":true,"href":"https:\/\/www.educa.itakaescolapios.org\/pt\/wp-json\/wp\/v2\/comments?post=7784"}],"version-history":[{"count":19,"href":"https:\/\/www.educa.itakaescolapios.org\/pt\/wp-json\/wp\/v2\/pages\/7784\/revisions"}],"predecessor-version":[{"id":8468,"href":"https:\/\/www.educa.itakaescolapios.org\/pt\/wp-json\/wp\/v2\/pages\/7784\/revisions\/8468"}],"up":[{"embeddable":true,"href":"https:\/\/www.educa.itakaescolapios.org\/pt\/wp-json\/wp\/v2\/pages\/7679"}],"wp:attachment":[{"href":"https:\/\/www.educa.itakaescolapios.org\/pt\/wp-json\/wp\/v2\/media?parent=7784"}],"curies":[{"name":"wp","href":"https:\/\/api.w.org\/{rel}","templated":true}]}}