{"id":8191,"date":"2024-01-02T11:38:12","date_gmt":"2024-01-02T10:38:12","guid":{"rendered":"https:\/\/www.educa.itakaescolapios.org\/?page_id=8191"},"modified":"2024-01-15T10:51:23","modified_gmt":"2024-01-15T09:51:23","slug":"2024-mi-lugar-es-el-mundo-mi-lugar-es-la-paz","status":"publish","type":"page","link":"https:\/\/www.educa.itakaescolapios.org\/pt\/semanas-de-la-paz\/2024-mi-lugar-es-el-mundo-mi-lugar-es-la-paz","title":{"rendered":"2024 &#8211; Meu lugar \u00e9 o mundo, meu lugar \u00e9 a Paz."},"content":{"rendered":"<p>&nbsp;<\/p>\n<p style=\"font-weight: 400;\">Em alguns lugares do mundo, onde Itaka-Escol\u00e1pios est\u00e1 presente, o Dia Escolar pela N\u00e3o Viol\u00eancia e pela Paz \u00e9 comemorado por volta de 30 de janeiro, anivers\u00e1rio da morte de Gandhi. Em outros lugares, n\u00e3o se chama assim, mas tamb\u00e9m trabalhamos em propostas educativas que promovam uma cultura de paz e justi\u00e7a. Seja porque ocorrem em sociedades onde a paz n\u00e3o \u00e9 vis\u00edvel, seja porque temos empatia e solidariedade com pessoas e sociedades que vivem em guerra ou na aus\u00eancia de paz.<\/p>\n<p style=\"font-weight: 400;\">Lamentavelmente, todos os anos (e repetidamente, infelizmente), h\u00e1 motivos para continuar a trabalhar para promover, nos meninos, meninas, jovens e adultos das Escolas Pias, ambientes, comportamentos e propostas onde a PAZ e o AMOR sejam prioridades nos planos social, pol\u00edtico e qualquer outro tipo de rela\u00e7\u00f5es.<\/p>\n<p style=\"font-weight: 400;\">Itaka-Escol\u00e1pios \u00e9 uma entidade claramente crist\u00e3 e escol\u00e1pia, por isso lan\u00e7amos propostas pastorais educativas que nos ajudam a promover uma cultura de paz em todas as nossas obras e projetos. Este ano, mais do que nunca, unimo-nos \u00e0 ora\u00e7\u00e3o de tantos crist\u00e3os em todo o mundo, do Papa Francisco e da Igreja em geral. Uma ora\u00e7\u00e3o com a qual nos aproximamos da realidade, temos empatia, acompanhamos ou oferecemos consola\u00e7\u00e3o e, sobretudo, insistimos para que Deus Pai nunca se esque\u00e7a da dor humana nos lugares de conflito e que se fa\u00e7a presente em cada cora\u00e7\u00e3o que sofre.<\/p>\n<p style=\"font-weight: 400;\">Porque, em algum lugar do mundo, algu\u00e9m precisa das nossas ora\u00e7\u00f5es. E \u00e9 por isso que propomos uma s\u00e9rie de atividades simples baseadas numa proposta de ora\u00e7\u00e3o matinal, que ser\u00e1 um pouco mais extensa que os outros dias. Uma ora\u00e7\u00e3o com a qual nos aproximamos da dor dos outros e podemos dizer bem alto em nome de qualquer pessoa: <span style=\"text-decoration: underline;\"><strong><a href=\"https:\/\/www.educa.itakaescolapios.org\/2024-mi-lugar-es-el-mundo-mi-lugar-es-la-paz\/actividades-paz-2024\" target=\"_blank\" rel=\"noopener\">MEU LUGAR \u00c9 O MUNDO, MEU LUGAR \u00c9 A PAZ<\/a><\/strong><\/span>.<\/p>\n<p>&nbsp;<\/p>\n<p><img decoding=\"async\" loading=\"lazy\" class=\"aligncenter\" src=\"https:\/\/www.educa.itakaescolapios.org\/wp-content\/uploads\/2024\/01\/Caertel-PORT-Paz-24.png\" alt=\"\" width=\"800\" height=\"1119,9\" \/><\/p>","protected":false},"excerpt":{"rendered":"<p>&nbsp; Em alguns lugares do mundo, onde Itaka-Escol\u00e1pios est\u00e1 presente, o Dia Escolar pela N\u00e3o Viol\u00eancia e pela Paz \u00e9 comemorado por volta de 30 de [&hellip;]<\/p>\n","protected":false},"author":9,"featured_media":8290,"parent":713,"menu_order":0,"comment_status":"closed","ping_status":"closed","template":"","meta":[],"acf":[],"_links":{"self":[{"href":"https:\/\/www.educa.itakaescolapios.org\/pt\/wp-json\/wp\/v2\/pages\/8191"}],"collection":[{"href":"https:\/\/www.educa.itakaescolapios.org\/pt\/wp-json\/wp\/v2\/pages"}],"about":[{"href":"https:\/\/www.educa.itakaescolapios.org\/pt\/wp-json\/wp\/v2\/types\/page"}],"author":[{"embeddable":true,"href":"https:\/\/www.educa.itakaescolapios.org\/pt\/wp-json\/wp\/v2\/users\/9"}],"replies":[{"embeddable":true,"href":"https:\/\/www.educa.itakaescolapios.org\/pt\/wp-json\/wp\/v2\/comments?post=8191"}],"version-history":[{"count":30,"href":"https:\/\/www.educa.itakaescolapios.org\/pt\/wp-json\/wp\/v2\/pages\/8191\/revisions"}],"predecessor-version":[{"id":8316,"href":"https:\/\/www.educa.itakaescolapios.org\/pt\/wp-json\/wp\/v2\/pages\/8191\/revisions\/8316"}],"up":[{"embeddable":true,"href":"https:\/\/www.educa.itakaescolapios.org\/pt\/wp-json\/wp\/v2\/pages\/713"}],"wp:featuredmedia":[{"embeddable":true,"href":"https:\/\/www.educa.itakaescolapios.org\/pt\/wp-json\/wp\/v2\/media\/8290"}],"wp:attachment":[{"href":"https:\/\/www.educa.itakaescolapios.org\/pt\/wp-json\/wp\/v2\/media?parent=8191"}],"curies":[{"name":"wp","href":"https:\/\/api.w.org\/{rel}","templated":true}]}}