{"id":8551,"date":"2024-11-14T16:23:54","date_gmt":"2024-11-14T15:23:54","guid":{"rendered":"https:\/\/www.educa.itakaescolapios.org\/?page_id=8551"},"modified":"2025-02-12T13:31:16","modified_gmt":"2025-02-12T12:31:16","slug":"conoce-la-campana","status":"publish","type":"page","link":"https:\/\/www.educa.itakaescolapios.org\/pt\/campanas\/2024-2025-abriendo-caminos\/conoce-la-campana","title":{"rendered":"Conhe\u00e7a a campanha"},"content":{"rendered":"<p><\/p>\n<p style=\"text-align: justify;\"><span style=\"font-family: arial, helvetica, sans-serif;\"><strong>OBJETIVOS CAMPANHA 2024-2025: \u201cABRINDO CAMINHOS\u201d<\/strong><\/span><\/p>\n<p style=\"text-align: justify;\"><span style=\"font-family: arial, helvetica, sans-serif;\">Anualmente, Itaka-Escol\u00e1pios promove uma campanha de solidariedade em todos os locais onde estamos presentes. Este ano, queremos incentivar todos os participantes a abrirem novos caminhos de esperan\u00e7a em nosso mundo, em nossas cidades, em nossos centros&#8230; Porque podemos ser verdadeiros protagonistas da mudan\u00e7a social, por meio da educa\u00e7\u00e3o. Seguindo o exemplo de S\u00e3o Jos\u00e9 de Calasanz, trabalhamos para abrir caminhos que levem a um mundo mais justo, fraterno e humano.<\/span><\/p>\n<p style=\"text-align: justify;\"><span style=\"font-family: arial, helvetica, sans-serif;\">Especificamente, este ano, a campanha Abrindo Caminhos busca:<\/span><\/p>\n<ol>\n<li style=\"text-align: justify;\"><span style=\"font-family: arial, helvetica, sans-serif;\">Redescobrir Calasanz como modelo de resposta \u00e0 sua voca\u00e7\u00e3o de evangelizar educando em busca da transforma\u00e7\u00e3o da sociedade romana do s\u00e9culo XVI.<\/span><\/li>\n<li style=\"text-align: justify;\"><span style=\"font-family: arial, helvetica, sans-serif;\">Conhecer mais profundamente o trabalho educativo, pastoral e transformador dos projetos Itaka-Escol\u00e1pios, que se apresentam, este ano, nas atividades elaboradas.<\/span><\/li>\n<li style=\"text-align: justify;\"><span style=\"font-family: arial, helvetica, sans-serif;\">Assumir a responsabilidade conjunta de promover a miss\u00e3o escol\u00e1pia em qualquer lugar do mundo, apoiando projetos educacionais de qualidade para todos, tanto por meio de voluntariado quanto financeiramente.<\/span><\/li>\n<li style=\"text-align: justify;\"><span style=\"font-family: arial, helvetica, sans-serif;\">Promover a participa\u00e7\u00e3o ativa de toda a comunidade educativa por meio de projetos de Aprendizagem-Servi\u00e7o (ASL), apoiando com essa ferramenta a proposta eclesial de constru\u00e7\u00e3o de um novo Pacto Educativo Global.<\/span><\/li>\n<\/ol>\n<p>&nbsp;<\/p>\n<p style=\"text-align: center;\"><iframe loading=\"lazy\" title=\"YouTube video player\" src=\"https:\/\/www.youtube.com\/embed\/ffHqeqbNRF8?si=S0z1fl79d-r7YQas\" width=\"100%\" height=\"500\" frameborder=\"0\" allowfullscreen=\"allowfullscreen\" data-mce-fragment=\"1\"><\/iframe><\/p>\n<h1 style=\"text-align: justify;\"><span style=\"font-size: 16px; font-family: arial, helvetica, sans-serif;\">DESTINO SOLID\u00c1RIO DA CAMPANHA \u201cABRINDO CAMINHOS\u201d<\/span><\/h1>\n<p style=\"text-align: justify;\"><span style=\"font-family: arial, helvetica, sans-serif;\">Desde o in\u00edcio da rede Itaka-Escol\u00e1pios, trabalhamos para apoiar a miss\u00e3o escol\u00e1pia em diferentes partes do mundo. Na campanha \u201cAbrindo Caminhos\u201d deste ano letivo 2024-2025, as doa\u00e7\u00f5es arrecadadas nos permitir\u00e3o manter e ampliar o alcance de projetos educacionais e sociais em diversos pa\u00edses, proporcionando uma oportunidade de transformar a vida de muitas pessoas.<\/span><\/p>\n<p style=\"text-align: justify;\"><span style=\"font-family: arial, helvetica, sans-serif;\">Os fundos arrecadados contribuir\u00e3o para os projetos que apoiamos nos pa\u00edses da REDE, onde as Escolas Pias continuam abrindo caminhos de esperan\u00e7a, por meio da educa\u00e7\u00e3o formal e n\u00e3o formal. Com a sua ajuda, continuaremos a oferecer educa\u00e7\u00e3o de qualidade, atendimento socioeducativo, cantinas escolares, programas de desenvolvimento sustent\u00e1vel e apoio aos grupos mais vulner\u00e1veis, sejam eles crian\u00e7as, jovens, idosos&#8230;<\/span><\/p>\n<p style=\"text-align: justify;\"><span style=\"font-family: arial, helvetica, sans-serif;\">Com a sua colabora\u00e7\u00e3o, estamos ajudando a criar um futuro melhor, mais justo e mais solid\u00e1rio. Abrindo Caminhos nos convida a caminhar juntos, em dire\u00e7\u00e3o a um mundo em que a educa\u00e7\u00e3o seja a chave para a mudan\u00e7a e a justi\u00e7a social.<\/span><\/p>\n<p style=\"text-align: justify;\"><span style=\"font-family: arial, helvetica, sans-serif;\">Voc\u00ea pode se aproximar de alguns desses projetos agora mesmo, por meio do trabalho que propomos em cada uma das <a href=\"https:\/\/www.educa.itakaescolapios.org\/campanas\/2024-2025-abriendo-caminos\/actividades-carteleria-y-ambientacion\/actividades-para-trabajar\" target=\"_blank\" rel=\"noopener\">ATIVIDADES (link direto)<\/a>,\u00a0ou analisando todas as informa\u00e7\u00f5es inclu\u00eddas em seus arquivos:<\/span><\/p>\n<ul>\n<li><a href=\"https:\/\/www.educa.itakaescolapios.org\/wp-content\/uploads\/2025\/02\/TERANGA-2425-PORT.pdf\" target=\"_blank\" rel=\"noopener\"><span style=\"font-family: arial, helvetica, sans-serif;\">Projeto Teranga (Pamplona, Espanha)<\/span><\/a><\/li>\n<li><a href=\"https:\/\/www.educa.itakaescolapios.org\/wp-content\/uploads\/2025\/02\/LLUM-2425-PORT.pdf\" target=\"_blank\" rel=\"noopener\"><span style=\"font-family: arial, helvetica, sans-serif;\">Projeto Llum (Val\u00e8ncia, Espanha)<\/span><\/a><\/li>\n<li><a href=\"https:\/\/www.educa.itakaescolapios.org\/wp-content\/uploads\/2025\/02\/SORRISOS-2425-PORT.pdf\" target=\"_blank\" rel=\"noopener\"><span style=\"font-family: arial, helvetica, sans-serif;\">Projeto Sorrisos de ontem e de hoje (Venezuela)<\/span><\/a><\/li>\n<li><a href=\"https:\/\/www.educa.itakaescolapios.org\/wp-content\/uploads\/2025\/02\/MULHER-2425-PORT.pdf\" target=\"_blank\" rel=\"noopener\"><span style=\"font-family: arial, helvetica, sans-serif;\">Projeto Promo\u00e7\u00e3o de mulheres e meninas(RD Congo)<\/span><\/a><\/li>\n<\/ul>\n<p>&nbsp;<\/p>\n<h3><span style=\"font-family: arial, helvetica, sans-serif;\"><strong><u><img decoding=\"async\" loading=\"lazy\" class=\"aligncenter\" src=\"https:\/\/www.educa.itakaescolapios.org\/wp-content\/uploads\/2020\/11\/mano-click-verde-en-el-medio-scaled.jpg\" alt=\"\" width=\"20%\" height=\"20%\" \/><\/u><\/strong><\/span><\/h3>\n<p><\/p>","protected":false},"excerpt":{"rendered":"<p>OBJETIVOS CAMPANHA 2024-2025: \u201cABRINDO CAMINHOS\u201d Anualmente, Itaka-Escol\u00e1pios promove uma campanha de solidariedade em todos os locais onde estamos presentes. Este ano, queremos incentivar todos os participantes [&hellip;]<\/p>\n","protected":false},"author":7,"featured_media":0,"parent":8543,"menu_order":2,"comment_status":"closed","ping_status":"closed","template":"","meta":[],"acf":[],"_links":{"self":[{"href":"https:\/\/www.educa.itakaescolapios.org\/pt\/wp-json\/wp\/v2\/pages\/8551"}],"collection":[{"href":"https:\/\/www.educa.itakaescolapios.org\/pt\/wp-json\/wp\/v2\/pages"}],"about":[{"href":"https:\/\/www.educa.itakaescolapios.org\/pt\/wp-json\/wp\/v2\/types\/page"}],"author":[{"embeddable":true,"href":"https:\/\/www.educa.itakaescolapios.org\/pt\/wp-json\/wp\/v2\/users\/7"}],"replies":[{"embeddable":true,"href":"https:\/\/www.educa.itakaescolapios.org\/pt\/wp-json\/wp\/v2\/comments?post=8551"}],"version-history":[{"count":37,"href":"https:\/\/www.educa.itakaescolapios.org\/pt\/wp-json\/wp\/v2\/pages\/8551\/revisions"}],"predecessor-version":[{"id":8867,"href":"https:\/\/www.educa.itakaescolapios.org\/pt\/wp-json\/wp\/v2\/pages\/8551\/revisions\/8867"}],"up":[{"embeddable":true,"href":"https:\/\/www.educa.itakaescolapios.org\/pt\/wp-json\/wp\/v2\/pages\/8543"}],"wp:attachment":[{"href":"https:\/\/www.educa.itakaescolapios.org\/pt\/wp-json\/wp\/v2\/media?parent=8551"}],"curies":[{"name":"wp","href":"https:\/\/api.w.org\/{rel}","templated":true}]}}