{"id":8553,"date":"2024-11-14T16:25:09","date_gmt":"2024-11-14T15:25:09","guid":{"rendered":"https:\/\/www.educa.itakaescolapios.org\/?page_id=8553"},"modified":"2025-02-26T17:20:52","modified_gmt":"2025-02-26T16:20:52","slug":"metodologia-de-la-campana","status":"publish","type":"page","link":"https:\/\/www.educa.itakaescolapios.org\/pt\/campanas\/2024-2025-abriendo-caminos\/metodologia-de-la-campana","title":{"rendered":"Metodologia da campanha"},"content":{"rendered":"<p><strong>METODOLOGIA \u201cABRINDO CAMINHOS\u201d<\/strong><\/p>\n<p style=\"text-align: justify;\">Bem-vindos mais uma vez \u00e0 campanha solid\u00e1ria Itaka-Escol\u00e1pios que, sob o lema \u201cAbrindo Caminhos\u201d, busca nos envolver em um processo de aprendizagem e transforma\u00e7\u00e3o social, em que possamos nos tornar agentes de mudan\u00e7a.<\/p>\n<p style=\"text-align: justify;\">Na \u00e1rea da educa\u00e7\u00e3o formal, este ano, continuamos a apostar na metodologia de Aprendizagem-Servi\u00e7o (ApS), para trabalhar em projetos interdisciplinares, que permitir\u00e1 aplicar o que aprendemos em sala de aula, a fim de melhorar o ambiente. Somos apaixonados por essa abordagem, porque ela promove a participa\u00e7\u00e3o ativa de todos em atividades que fomentam valores, como solidariedade, comprometimento e justi\u00e7a social.<\/p>\n<p style=\"text-align: justify;\">As diferentes miss\u00f5es propostas ser\u00e3o trabalhadas por faixas et\u00e1rias, adaptando os conte\u00fados e atividades \u00e0s diferentes etapas educativas e permitindo conhecer alguns dos projetos escol\u00e1pios e comprometer-nos com causas reais. Por meio das atividades elaboradas, teremos a oportunidade de aprender sobre temas, como a defesa dos direitos das crian\u00e7as ou a interculturalidade, entre outros.<\/p>\n<p style=\"text-align: justify;\">A seguir s\u00e3o apresentados os diferentes temas trabalhados por faixa et\u00e1ria:<\/p>\n<p><strong><img decoding=\"async\" loading=\"lazy\" class=\" wp-image-8595 alignleft\" src=\"https:\/\/www.educa.itakaescolapios.org\/wp-content\/uploads\/2024\/11\/Calasanz-mochila-140x300.png\" alt=\"\" width=\"222\" height=\"476\" srcset=\"https:\/\/www.educa.itakaescolapios.org\/wp-content\/uploads\/2024\/11\/Calasanz-mochila-140x300.png 140w, https:\/\/www.educa.itakaescolapios.org\/wp-content\/uploads\/2024\/11\/Calasanz-mochila-478x1024.png 478w, https:\/\/www.educa.itakaescolapios.org\/wp-content\/uploads\/2024\/11\/Calasanz-mochila-250x536.png 250w, https:\/\/www.educa.itakaescolapios.org\/wp-content\/uploads\/2024\/11\/Calasanz-mochila.png 674w\" sizes=\"(max-width: 222px) 100vw, 222px\" \/><\/strong><\/p>\n<p><b>\u00a0<\/b><\/p>\n<table style=\"height: 397px; width: 52.6849%;\">\n<tbody>\n<tr style=\"height: 56px;\">\n<td style=\"height: 56px; width: 17.8715%;\" width=\"85\"><strong>ETAPA<\/strong><\/td>\n<td style=\"height: 56px; width: 84.1365%;\" width=\"397\"><strong>TEM\u00c1TICA<\/strong><\/td>\n<\/tr>\n<tr style=\"height: 56px;\">\n<td style=\"height: 56px; width: 17.8715%;\" width=\"85\"><strong>3 a 5<\/strong><\/td>\n<td style=\"height: 56px; width: 84.1365%;\" width=\"397\">EDUCA\u00c7\u00c3O EMOCIONAL<\/td>\n<\/tr>\n<tr style=\"height: 56px;\">\n<td style=\"height: 56px; width: 17.8715%;\" width=\"85\"><strong>6 a 8<\/strong><\/td>\n<td style=\"height: 56px; width: 84.1365%;\" width=\"397\">INTERCULTURALIDADE.<\/td>\n<\/tr>\n<tr style=\"height: 56px;\">\n<td style=\"height: 56px; width: 17.8715%;\" width=\"85\"><strong>8 a 10<\/strong><\/td>\n<td style=\"height: 56px; width: 84.1365%;\" width=\"397\">MEIO AMBIENTE. Cuidado da casa comum.<\/td>\n<\/tr>\n<tr style=\"height: 56px;\">\n<td style=\"height: 56px; width: 17.8715%;\" width=\"85\"><strong>10 a 12<\/strong><\/td>\n<td style=\"height: 56px; width: 84.1365%;\" width=\"397\">DEFESA DOS DDHH. Ativismo e participa\u00e7\u00e3o social.<\/td>\n<\/tr>\n<tr style=\"height: 56px;\">\n<td style=\"height: 56px; width: 17.8715%;\" width=\"85\"><strong>12 a 15<\/strong><\/td>\n<td style=\"height: 56px; width: 84.1365%;\" width=\"397\">ARTE como ferramenta de transforma\u00e7\u00e3o social<\/td>\n<\/tr>\n<tr style=\"height: 56px;\">\n<td style=\"height: 56px; width: 17.8715%;\" width=\"85\"><strong>15 a 18<\/strong><\/td>\n<td style=\"height: 56px; width: 84.1365%;\" width=\"397\">O PAPEL DA MULHER HOJE<\/td>\n<\/tr>\n<\/tbody>\n<\/table>\n<p><strong>\u00a0<\/strong><\/p>\n<p>&nbsp;<\/p>\n<p style=\"text-align: justify;\">Tamb\u00e9m exploraremos esses t\u00f3picos em profundidade, por meio do Movimento Calasanz e das propostas de ora\u00e7\u00e3o.<\/p>\n<p style=\"text-align: justify;\">Lembre-se de que a chave para o sucesso dessa campanha \u00e9 preparar cuidadosamente cada atividade. Para isso, oferecemos uma grande variedade de recursos: atividades de conscientiza\u00e7\u00e3o, planilhas de projetos, v\u00eddeos, m\u00fasicas e muito mais. Convidamos voc\u00ea a navegar pelo site e descobrir todas as propostas da Calasanz.<\/p>\n<p style=\"text-align: justify;\">Juntos, abramos caminhos de esperan\u00e7a e construamos um futuro melhor, cheio de solidariedade, justi\u00e7a e comprometimento.<\/p>\n<p><\/p>","protected":false},"excerpt":{"rendered":"<p>METODOLOGIA \u201cABRINDO CAMINHOS\u201d Bem-vindos mais uma vez \u00e0 campanha solid\u00e1ria Itaka-Escol\u00e1pios que, sob o lema \u201cAbrindo Caminhos\u201d, busca nos envolver em um processo de aprendizagem e [&hellip;]<\/p>\n","protected":false},"author":7,"featured_media":0,"parent":8543,"menu_order":3,"comment_status":"closed","ping_status":"closed","template":"","meta":[],"acf":[],"_links":{"self":[{"href":"https:\/\/www.educa.itakaescolapios.org\/pt\/wp-json\/wp\/v2\/pages\/8553"}],"collection":[{"href":"https:\/\/www.educa.itakaescolapios.org\/pt\/wp-json\/wp\/v2\/pages"}],"about":[{"href":"https:\/\/www.educa.itakaescolapios.org\/pt\/wp-json\/wp\/v2\/types\/page"}],"author":[{"embeddable":true,"href":"https:\/\/www.educa.itakaescolapios.org\/pt\/wp-json\/wp\/v2\/users\/7"}],"replies":[{"embeddable":true,"href":"https:\/\/www.educa.itakaescolapios.org\/pt\/wp-json\/wp\/v2\/comments?post=8553"}],"version-history":[{"count":20,"href":"https:\/\/www.educa.itakaescolapios.org\/pt\/wp-json\/wp\/v2\/pages\/8553\/revisions"}],"predecessor-version":[{"id":8891,"href":"https:\/\/www.educa.itakaescolapios.org\/pt\/wp-json\/wp\/v2\/pages\/8553\/revisions\/8891"}],"up":[{"embeddable":true,"href":"https:\/\/www.educa.itakaescolapios.org\/pt\/wp-json\/wp\/v2\/pages\/8543"}],"wp:attachment":[{"href":"https:\/\/www.educa.itakaescolapios.org\/pt\/wp-json\/wp\/v2\/media?parent=8553"}],"curies":[{"name":"wp","href":"https:\/\/api.w.org\/{rel}","templated":true}]}}