{"id":8555,"date":"2024-11-14T16:25:48","date_gmt":"2024-11-14T15:25:48","guid":{"rendered":"https:\/\/www.educa.itakaescolapios.org\/?page_id=8555"},"modified":"2025-03-11T09:18:43","modified_gmt":"2025-03-11T08:18:43","slug":"actividades-carteleria-y-ambientacion","status":"publish","type":"page","link":"https:\/\/www.educa.itakaescolapios.org\/pt\/campanas\/2024-2025-abriendo-caminos\/actividades-carteleria-y-ambientacion","title":{"rendered":"Atividades, cartazes e ambienta\u00e7\u00e3o"},"content":{"rendered":"<p><\/p>\n<p lang=\"en-US\" style=\"text-align: justify;\" align=\"CENTER\">Quer voc\u00ea j\u00e1 tenha experi\u00eancia ou esteja apenas come\u00e7ando, devemos lembrar que a chave para o sucesso \u00e9 o amor, o entusiasmo e a dedica\u00e7\u00e3o na prepara\u00e7\u00e3o da Campanha de Solidariedade. Para isso,<strong>\u00e9 importante que voc\u00ea conhe\u00e7a todos os recursos que oferecemos a voc\u00ea,\u00a0<\/strong>portanto, abaixo voc\u00ea encontrar\u00e1 uma lista completa de todos eles.<\/p>\n<p lang=\"en-US\" style=\"text-align: justify;\" align=\"CENTER\">Convidamos voc\u00ea a navegar e descobrir todas as propostas da m\u00e3o de nossa querida equipe da Itaka-Escol\u00e1pios, capitaneada por Calasanz. (Todos os conte\u00fados est\u00e3o listados abaixo com seus links diretos)<\/p>\n<p lang=\"en-US\" align=\"CENTER\"><img decoding=\"async\" loading=\"lazy\" class=\"alignright\" src=\"https:\/\/www.educa.itakaescolapios.org\/wp-content\/uploads\/2023\/11\/SUKAL_ALPHA-731x1024-11.png\" alt=\"\" width=\"312\" height=\"437\" \/><\/p>\n<ol>\n<li lang=\"en-US\"><a href=\"https:\/\/www.educa.itakaescolapios.org\/wp-content\/uploads\/2025\/02\/Todas-las-fichas-25-PORT.pdf\" target=\"_blank\" rel=\"noopener\">Fichas de projeto<\/a>.<\/li>\n<li>Apresenta\u00e7\u00e3o para a equipe educacional.<\/li>\n<li lang=\"en-US\"><a href=\"https:\/\/www.educa.itakaescolapios.org\/campanas\/2024-2025-abriendo-caminos\/actividades-carteleria-y-ambientacion\/actividades-para-trabajar\" target=\"_blank\" rel=\"noopener\">Atividades para trabalhar.<\/a><\/li>\n<li lang=\"en-US\"><a href=\"https:\/\/www.educa.itakaescolapios.org\/wp-content\/uploads\/2025\/02\/CARTEL-2425-POR-scaled.jpg\" target=\"_blank\" rel=\"noopener\">P\u00f4ster da campanha.<\/a><\/li>\n<li lang=\"en-US\"><a href=\"https:\/\/www.educa.itakaescolapios.org\/wp-content\/uploads\/2025\/02\/CARTEL-GRACIAS-brl-POR-scaled.jpg\" target=\"_blank\" rel=\"noopener\">Cartaz de agradecimento<\/a><\/li>\n<li lang=\"en-US\"><a href=\"https:\/\/www.educa.itakaescolapios.org\/wp-content\/uploads\/2025\/02\/LOGO-ITAKA-2425-PORT.png\" target=\"_blank\" rel=\"noopener\">Logotipo<\/a><\/li>\n<li lang=\"en-US\"><a href=\"https:\/\/youtu.be\/ffHqeqbNRF8\" target=\"_blank\" rel=\"noopener\">V\u00eddeo sobre o slogan<\/a> (ativar legendas)<\/li>\n<li lang=\"en-US\"><a href=\"https:\/\/www.youtube.com\/watch?v=dsaCjYKWOAg\" target=\"_blank\" rel=\"noopener\">V\u00eddeo promocional<\/a><\/li>\n<li lang=\"en-US\"><a href=\"https:\/\/www.educa.itakaescolapios.org\/wp-content\/uploads\/2024\/11\/Calasanz.png\">Calasanz<\/a> e sua mochila (<a href=\"https:\/\/www.educa.itakaescolapios.org\/wp-content\/uploads\/2024\/11\/BRUJULA-ITAKA.png\">b\u00fassola<\/a>, <a href=\"https:\/\/www.educa.itakaescolapios.org\/wp-content\/uploads\/2024\/11\/BOTELLA-DE-AGUA-ITAKA.png\">garrafa<\/a>, <a href=\"https:\/\/www.educa.itakaescolapios.org\/wp-content\/uploads\/2024\/11\/LIBRO-ITAKA.png\">livro<\/a>, <a href=\"https:\/\/www.educa.itakaescolapios.org\/wp-content\/uploads\/2024\/11\/CORAZON-ITAKA.png\">cora\u00e7\u00e3o<\/a>)<\/li>\n<\/ol>\n<h3><strong><u><img decoding=\"async\" loading=\"lazy\" class=\"aligncenter\" src=\"https:\/\/www.educa.itakaescolapios.org\/wp-content\/uploads\/2020\/11\/mano-click-verde-en-el-medio-scaled.jpg\" alt=\"\" width=\"20%\" height=\"20%\" \/><\/u><\/strong><\/h3>\n<p>&nbsp;<\/p>\n<p><img decoding=\"async\" loading=\"lazy\" class=\"aligncenter\" src=\"https:\/\/www.educa.itakaescolapios.org\/wp-content\/uploads\/2025\/02\/CARTEL-2425-POR-1-scaled.jpg\" alt=\"\" width=\"100%\" height=\"100%\" \/><\/p>\n<p>&nbsp;<\/p>\n<p>&nbsp;<\/p>","protected":false},"excerpt":{"rendered":"<p>Quer voc\u00ea j\u00e1 tenha experi\u00eancia ou esteja apenas come\u00e7ando, devemos lembrar que a chave para o sucesso \u00e9 o amor, o entusiasmo e a dedica\u00e7\u00e3o na [&hellip;]<\/p>\n","protected":false},"author":7,"featured_media":0,"parent":8543,"menu_order":4,"comment_status":"closed","ping_status":"closed","template":"","meta":[],"acf":[],"_links":{"self":[{"href":"https:\/\/www.educa.itakaescolapios.org\/pt\/wp-json\/wp\/v2\/pages\/8555"}],"collection":[{"href":"https:\/\/www.educa.itakaescolapios.org\/pt\/wp-json\/wp\/v2\/pages"}],"about":[{"href":"https:\/\/www.educa.itakaescolapios.org\/pt\/wp-json\/wp\/v2\/types\/page"}],"author":[{"embeddable":true,"href":"https:\/\/www.educa.itakaescolapios.org\/pt\/wp-json\/wp\/v2\/users\/7"}],"replies":[{"embeddable":true,"href":"https:\/\/www.educa.itakaescolapios.org\/pt\/wp-json\/wp\/v2\/comments?post=8555"}],"version-history":[{"count":30,"href":"https:\/\/www.educa.itakaescolapios.org\/pt\/wp-json\/wp\/v2\/pages\/8555\/revisions"}],"predecessor-version":[{"id":8927,"href":"https:\/\/www.educa.itakaescolapios.org\/pt\/wp-json\/wp\/v2\/pages\/8555\/revisions\/8927"}],"up":[{"embeddable":true,"href":"https:\/\/www.educa.itakaescolapios.org\/pt\/wp-json\/wp\/v2\/pages\/8543"}],"wp:attachment":[{"href":"https:\/\/www.educa.itakaescolapios.org\/pt\/wp-json\/wp\/v2\/media?parent=8555"}],"curies":[{"name":"wp","href":"https:\/\/api.w.org\/{rel}","templated":true}]}}