{"id":8561,"date":"2024-11-14T16:29:58","date_gmt":"2024-11-14T15:29:58","guid":{"rendered":"https:\/\/www.educa.itakaescolapios.org\/?page_id=8561"},"modified":"2025-12-10T12:08:00","modified_gmt":"2025-12-10T11:08:00","slug":"evaluacion","status":"publish","type":"page","link":"https:\/\/www.educa.itakaescolapios.org\/pt\/campanas\/2024-2025-abriendo-caminos\/evaluacion","title":{"rendered":"Avalia\u00e7\u00e3o"},"content":{"rendered":"<p><\/p>\n<p style=\"text-align: justify;\"><span style=\"font-family: arial, helvetica, sans-serif;\">ueremos saber como se desenvolveu a campanha de solidariedade em seu centro. Saber que miss\u00f5es e atividades voc\u00ea empreendeu e como elas funcionaram nos ajudar\u00e1 a conduzir melhores campanhas no futuro.<\/span><\/p>\n<p style=\"text-align: justify;\"><span style=\"font-family: arial, helvetica, sans-serif;\">Para fazer isso, temos um question\u00e1rio online. Um formul\u00e1rio que cada centro participante deve preencher. Entre em contato com <a href=\"mailto:educa@itakaescolapios.org\" target=\"_blank\" rel=\"noopener noreferrer\">educa@itakaescolapios.org<\/a>\u00a0 e forneceremos o link para responder<\/span><span style=\"text-decoration: underline; font-family: arial, helvetica, sans-serif;\">.<\/span><\/p>\n<p style=\"text-align: justify;\"><span style=\"font-family: arial, helvetica, sans-serif;\">\u00a0<\/span><\/p>\n<p><\/p>","protected":false},"excerpt":{"rendered":"<p>ueremos saber como se desenvolveu a campanha de solidariedade em seu centro. Saber que miss\u00f5es e atividades voc\u00ea empreendeu e como elas funcionaram nos ajudar\u00e1 a [&hellip;]<\/p>\n","protected":false},"author":7,"featured_media":0,"parent":8543,"menu_order":6,"comment_status":"closed","ping_status":"closed","template":"","meta":[],"acf":[],"_links":{"self":[{"href":"https:\/\/www.educa.itakaescolapios.org\/pt\/wp-json\/wp\/v2\/pages\/8561"}],"collection":[{"href":"https:\/\/www.educa.itakaescolapios.org\/pt\/wp-json\/wp\/v2\/pages"}],"about":[{"href":"https:\/\/www.educa.itakaescolapios.org\/pt\/wp-json\/wp\/v2\/types\/page"}],"author":[{"embeddable":true,"href":"https:\/\/www.educa.itakaescolapios.org\/pt\/wp-json\/wp\/v2\/users\/7"}],"replies":[{"embeddable":true,"href":"https:\/\/www.educa.itakaescolapios.org\/pt\/wp-json\/wp\/v2\/comments?post=8561"}],"version-history":[{"count":3,"href":"https:\/\/www.educa.itakaescolapios.org\/pt\/wp-json\/wp\/v2\/pages\/8561\/revisions"}],"predecessor-version":[{"id":9231,"href":"https:\/\/www.educa.itakaescolapios.org\/pt\/wp-json\/wp\/v2\/pages\/8561\/revisions\/9231"}],"up":[{"embeddable":true,"href":"https:\/\/www.educa.itakaescolapios.org\/pt\/wp-json\/wp\/v2\/pages\/8543"}],"wp:attachment":[{"href":"https:\/\/www.educa.itakaescolapios.org\/pt\/wp-json\/wp\/v2\/media?parent=8561"}],"curies":[{"name":"wp","href":"https:\/\/api.w.org\/{rel}","templated":true}]}}