{"id":8563,"date":"2024-11-14T16:33:59","date_gmt":"2024-11-14T15:33:59","guid":{"rendered":"https:\/\/www.educa.itakaescolapios.org\/?page_id=8563"},"modified":"2025-12-10T12:07:17","modified_gmt":"2025-12-10T11:07:17","slug":"haz-un-donativo","status":"publish","type":"page","link":"https:\/\/www.educa.itakaescolapios.org\/pt\/campanas\/2024-2025-abriendo-caminos\/haz-un-donativo","title":{"rendered":"Fa\u00e7a uma doa\u00e7\u00e3o"},"content":{"rendered":"<p><\/p>\n<p lang=\"en-US\" style=\"text-align: left;\" align=\"CENTER\"><span style=\"font-family: arial, helvetica, sans-serif;\">Fa\u00e7a uma doa\u00e7\u00e3o \u00e0 Itaka-Escol\u00e1pios e participe do processo de transforma\u00e7\u00e3o social que se desenvolve atrav\u00e9s da educa\u00e7\u00e3o e assist\u00eancia social.<\/span><\/p>\n<p style=\"text-align: left;\"><span style=\"font-family: arial, helvetica, sans-serif;\">\u00a0Ou fa\u00e7a a sua aporta\u00e7\u00e3o na seguinte Conta Corrente:<\/span><\/p>\n<p style=\"text-align: left;\"><span style=\"font-family: arial, helvetica, sans-serif;\"><img decoding=\"async\" loading=\"lazy\" class=\"alignleft wp-image-31021\" src=\"https:\/\/www.itakaescolapios.org\/wp-content\/uploads\/2020\/06\/Itau-300x285.png\" sizes=\"(max-width: 124px) 100vw, 124px\" srcset=\"https:\/\/www.itakaescolapios.org\/wp-content\/uploads\/2020\/06\/Itau-300x285.png 300w, https:\/\/www.itakaescolapios.org\/wp-content\/uploads\/2020\/06\/Itau-250x237.png 250w, https:\/\/www.itakaescolapios.org\/wp-content\/uploads\/2020\/06\/Itau.png 450w\" alt=\"\" width=\"124\" height=\"118\" \/><\/span><\/p>\n<p style=\"text-align: left;\"><span style=\"font-family: arial, helvetica, sans-serif;\">Banco: 341 \u2013 Ita\u00fa Unibanco<\/span><\/p>\n<p style=\"text-align: left;\"><span style=\"font-family: arial, helvetica, sans-serif;\">Ag\u00eancia: 3158<\/span><\/p>\n<p style=\"text-align: left;\"><span style=\"font-family: arial, helvetica, sans-serif;\">Conta Corrente: 95941-5<\/span><\/p>\n<p lang=\"en-US\" style=\"text-align: left;\" align=\"JUSTIFY\"><span style=\"font-family: arial, helvetica, sans-serif;\">Para fazer doa\u00e7\u00f5es mediante trasfer\u00eancia, fa\u00e7a-nos uma consulta atrav\u00e9s do e-mail:\u00a0<a href=\"mailto:mobilizacaobrasil@itakaescolapios.org\">itakabrasil@escolapios.org.br<\/a><\/span><\/p>\n<p><\/p>","protected":false},"excerpt":{"rendered":"<p>Fa\u00e7a uma doa\u00e7\u00e3o \u00e0 Itaka-Escol\u00e1pios e participe do processo de transforma\u00e7\u00e3o social que se desenvolve atrav\u00e9s da educa\u00e7\u00e3o e assist\u00eancia social. \u00a0Ou fa\u00e7a a sua aporta\u00e7\u00e3o [&hellip;]<\/p>\n","protected":false},"author":7,"featured_media":0,"parent":8543,"menu_order":7,"comment_status":"closed","ping_status":"closed","template":"","meta":[],"acf":[],"_links":{"self":[{"href":"https:\/\/www.educa.itakaescolapios.org\/pt\/wp-json\/wp\/v2\/pages\/8563"}],"collection":[{"href":"https:\/\/www.educa.itakaescolapios.org\/pt\/wp-json\/wp\/v2\/pages"}],"about":[{"href":"https:\/\/www.educa.itakaescolapios.org\/pt\/wp-json\/wp\/v2\/types\/page"}],"author":[{"embeddable":true,"href":"https:\/\/www.educa.itakaescolapios.org\/pt\/wp-json\/wp\/v2\/users\/7"}],"replies":[{"embeddable":true,"href":"https:\/\/www.educa.itakaescolapios.org\/pt\/wp-json\/wp\/v2\/comments?post=8563"}],"version-history":[{"count":7,"href":"https:\/\/www.educa.itakaescolapios.org\/pt\/wp-json\/wp\/v2\/pages\/8563\/revisions"}],"predecessor-version":[{"id":9015,"href":"https:\/\/www.educa.itakaescolapios.org\/pt\/wp-json\/wp\/v2\/pages\/8563\/revisions\/9015"}],"up":[{"embeddable":true,"href":"https:\/\/www.educa.itakaescolapios.org\/pt\/wp-json\/wp\/v2\/pages\/8543"}],"wp:attachment":[{"href":"https:\/\/www.educa.itakaescolapios.org\/pt\/wp-json\/wp\/v2\/media?parent=8563"}],"curies":[{"name":"wp","href":"https:\/\/api.w.org\/{rel}","templated":true}]}}