{"id":9047,"date":"2025-11-04T12:52:27","date_gmt":"2025-11-04T11:52:27","guid":{"rendered":"https:\/\/www.educa.itakaescolapios.org\/?page_id=9047"},"modified":"2026-02-18T18:45:59","modified_gmt":"2026-02-18T17:45:59","slug":"2025-2026-25-anos-extendiendo-raices","status":"publish","type":"page","link":"https:\/\/www.educa.itakaescolapios.org\/pt\/campanas\/2025-2026-25-anos-extendiendo-raices","title":{"rendered":"2025-2026. 25 anos estendendo ra\u00edzes"},"content":{"rendered":"<p><span style=\"font-weight: 400;\">Em mar\u00e7o de 2026, celebramos nosso 25\u00ba anivers\u00e1rio.<\/span><\/p>\n<p><span style=\"font-weight: 400;\">25 anos de jornada compartilhada entre a Ordem e as Fraternidades.<\/span><\/p>\n<p><span style=\"font-weight: 400;\">25 anos acompanhando in\u00fameras a\u00e7\u00f5es e obras Escol\u00e1pias com um claro esp\u00edrito de solidariedade internacional e uma miss\u00e3o compartilhada entre religiosos e leigos.<\/span><\/p>\n<p><span style=\"font-weight: 400;\">Hoje, somos uma grande fam\u00edlia com presen\u00e7a em 22 pa\u00edses da \u00c1frica, Am\u00e9ricas, \u00c1sia e Europa; mais de 60 localidades e quase 400 projetos, e o mais importante: nossa equipe. Mais de 3.000 volunt\u00e1rios e profissionais atendem 40.000 participantes.<\/span><\/p>\n<p><span style=\"font-weight: 400;\">Foram 25 anos de boas e m\u00e1s not\u00edcias, de alegrias e tristezas, de come\u00e7os e tamb\u00e9m de encerramentos de obras ou projetos, de in\u00fameras campanhas, hist\u00f3rias, nomes, rostos, lugares e muito mais.<\/span><\/p>\n<p><span style=\"font-weight: 400;\">25 anos de progresso e crescimento. Sempre com o compromisso com a educa\u00e7\u00e3o como ferramenta de transforma\u00e7\u00e3o da sociedade, \u00e0 maneira de Calasanz, em quem estamos enraizados.<\/span><\/p>\n<p><span style=\"font-weight: 400;\">Este ano, em especial, olhamos para tr\u00e1s com gratid\u00e3o e para frente com esperan\u00e7a.<\/span><\/p>\n<p><span style=\"font-weight: 400;\">Com o lema <\/span><b>&#8220;25 ANOS ESTENDENDO RA\u00cdZES&#8221;,<\/b><span style=\"font-weight: 400;\"> queremos celebrar toda a jornada que empreendemos e tamb\u00e9m encoraj\u00e1-lo(a) a continuar participando de Itaka Escol\u00e1pios. Nesta campanha e em todo o trabalho que realizamos (com seu voluntariado, seu apoio financeiro, suas ora\u00e7\u00f5es etc.), Calasanz continua nos guiando na busca por aquele mundo belo que Deus deseja para seus amados filhos e filhas.<\/span><\/p>\n<p><span style=\"font-weight: 400;\">Temos em m\u00e3os uma ferramenta poderosa para criar comunidade e avan\u00e7ar na miss\u00e3o Escol\u00e1pia, e voc\u00ea pode ajudar a construir um mundo mais justo e humano, um mundo que alcance uma nova sociedade transformada pela educa\u00e7\u00e3o.<\/span><\/p>\n<p><span style=\"font-weight: 400;\">Porque esta jornada est\u00e1 apenas come\u00e7ando.<\/span><\/p>\n<p><span style=\"font-weight: 400;\">Vamos l\u00e1!<\/span><\/p>\n<p><br style=\"font-weight: 400;\" \/><br style=\"font-weight: 400;\" \/><\/p>","protected":false},"excerpt":{"rendered":"<p>Em mar\u00e7o de 2026, celebramos nosso 25\u00ba anivers\u00e1rio. 25 anos de jornada compartilhada entre a Ordem e as Fraternidades. 25 anos acompanhando in\u00fameras a\u00e7\u00f5es e obras [&hellip;]<\/p>\n","protected":false},"author":9,"featured_media":9063,"parent":70,"menu_order":0,"comment_status":"closed","ping_status":"closed","template":"","meta":[],"acf":[],"_links":{"self":[{"href":"https:\/\/www.educa.itakaescolapios.org\/pt\/wp-json\/wp\/v2\/pages\/9047"}],"collection":[{"href":"https:\/\/www.educa.itakaescolapios.org\/pt\/wp-json\/wp\/v2\/pages"}],"about":[{"href":"https:\/\/www.educa.itakaescolapios.org\/pt\/wp-json\/wp\/v2\/types\/page"}],"author":[{"embeddable":true,"href":"https:\/\/www.educa.itakaescolapios.org\/pt\/wp-json\/wp\/v2\/users\/9"}],"replies":[{"embeddable":true,"href":"https:\/\/www.educa.itakaescolapios.org\/pt\/wp-json\/wp\/v2\/comments?post=9047"}],"version-history":[{"count":8,"href":"https:\/\/www.educa.itakaescolapios.org\/pt\/wp-json\/wp\/v2\/pages\/9047\/revisions"}],"predecessor-version":[{"id":9480,"href":"https:\/\/www.educa.itakaescolapios.org\/pt\/wp-json\/wp\/v2\/pages\/9047\/revisions\/9480"}],"up":[{"embeddable":true,"href":"https:\/\/www.educa.itakaescolapios.org\/pt\/wp-json\/wp\/v2\/pages\/70"}],"wp:featuredmedia":[{"embeddable":true,"href":"https:\/\/www.educa.itakaescolapios.org\/pt\/wp-json\/wp\/v2\/media\/9063"}],"wp:attachment":[{"href":"https:\/\/www.educa.itakaescolapios.org\/pt\/wp-json\/wp\/v2\/media?parent=9047"}],"curies":[{"name":"wp","href":"https:\/\/api.w.org\/{rel}","templated":true}]}}