{"id":9075,"date":"2025-12-05T10:30:20","date_gmt":"2025-12-05T09:30:20","guid":{"rendered":"https:\/\/www.educa.itakaescolapios.org\/?page_id=9075"},"modified":"2026-02-18T18:58:28","modified_gmt":"2026-02-18T17:58:28","slug":"recordando-abriendo-caminos","status":"publish","type":"page","link":"https:\/\/www.educa.itakaescolapios.org\/pt\/campanas\/2025-2026-25-anos-extendiendo-raices\/recordando-abriendo-caminos","title":{"rendered":"Recordando \u00abAbrindo caminhos\u00bb"},"content":{"rendered":"<p>\u00a1OBRIGADA!<\/p>\n<p class=\"my-2 [&amp;+p]:mt-4 [&amp;_strong:has(+br)]:inline-block [&amp;_strong:has(+br)]:pb-2\">H\u00e1 cerca de um ano, embarcamos em uma nova jornada com o lema da campanha 2024-2025, \u201cAbrindo Caminhos\u201d, uma proposta que convidou toda a fam\u00edlia Escol\u00e1pia a se engajar verdadeiramente na transforma\u00e7\u00e3o social por meio da educa\u00e7\u00e3o e da justi\u00e7a. Em Itaka-Escol\u00e1pios, avan\u00e7os significativos foram alcan\u00e7ados gra\u00e7as ao trabalho e \u00e0 dedica\u00e7\u00e3o de milhares de pessoas que, em diferentes partes do mundo, constroem uma realidade mais humana para todos, todos os dias.\u200b<\/p>\n<p class=\"my-2 [&amp;+p]:mt-4 [&amp;_strong:has(+br)]:inline-block [&amp;_strong:has(+br)]:pb-2\">Com entusiasmo e grande solidariedade, esse esfor\u00e7o conjunto alcan\u00e7ou mais de 16 pa\u00edses onde os Escol\u00e1pios est\u00e3o presentes, incluindo Bol\u00edvia, Camar\u00f5es, Cuba, Espanha, Mo\u00e7ambique e Venezuela, entre outros. Crian\u00e7as, adolescentes, jovens, fam\u00edlias, educadores e volunt\u00e1rios participaram de projetos de aprendizagem, solidariedade e justi\u00e7a social, transformando suas comunidades locais e aproximando-as um pouco mais do mundo que almejamos.\u200b<\/p>\n<p class=\"my-2 [&amp;+p]:mt-4 [&amp;_strong:has(+br)]:inline-block [&amp;_strong:has(+br)]:pb-2\">Gra\u00e7as ao comprometimento de tantas pessoas, foi poss\u00edvel manter e fortalecer os projetos Escol\u00e1pios que se dedicam \u00e0 educa\u00e7\u00e3o de qualidade, ao desenvolvimento sustent\u00e1vel e ao apoio aos mais necessitados. Juntos, avan\u00e7amos na defesa dos direitos das crian\u00e7as, no cuidado com o planeta e na constru\u00e7\u00e3o de uma sociedade mais fraterna e justa.\u200b<\/p>\n<p class=\"my-2 [&amp;+p]:mt-4 [&amp;_strong:has(+br)]:inline-block [&amp;_strong:has(+br)]:pb-2\">Em nome de Itaka-Escol\u00e1pios, expressamos nossa mais profunda gratid\u00e3o por terem feito parte desse processo, por dedicarem seu tempo e suas habilidades, por abrirem caminhos de esperan\u00e7a e por continuarem acreditando que a educa\u00e7\u00e3o e a solidariedade s\u00e3o fundamentais para transformar o mundo. Agradecemos por cada detalhe, cada contribui\u00e7\u00e3o financeira e cada atividade que nos permitiu dar continuidade \u00e0 nossa miss\u00e3o compartilhada.\u200b<\/p>\n<p class=\"my-2 [&amp;+p]:mt-4 [&amp;_strong:has(+br)]:inline-block [&amp;_strong:has(+br)]:pb-2\">Como todos os anos, apresentamos os resultados da campanha 2024-2025, uma oportunidade para reconhecer tudo o que foi conquistado e o impacto gerado em tantas pessoas e comunidades. E, a partir da\u00ed, com o olhar voltado para a nova campanha 2025-2026, &#8220;25 Anos Criando Ra\u00edzes&#8221;, continuamos a nutrir e fortalecer as ra\u00edzes que nos sustentam.<\/p>\n<p><img decoding=\"async\" loading=\"lazy\" class=\"alignnone wp-image-9069\" src=\"https:\/\/www.educa.itakaescolapios.org\/wp-content\/uploads\/2026\/02\/CARTEL-OBRIGADO-2025-BRL-PORT.pdf\" alt=\"\" width=\"781\" height=\"555\" \/><\/p>\n<p>&nbsp;<\/p>","protected":false},"excerpt":{"rendered":"<p>\u00a1OBRIGADA! H\u00e1 cerca de um ano, embarcamos em uma nova jornada com o lema da campanha 2024-2025, \u201cAbrindo Caminhos\u201d, uma proposta que convidou toda a fam\u00edlia [&hellip;]<\/p>\n","protected":false},"author":11,"featured_media":0,"parent":9047,"menu_order":1,"comment_status":"closed","ping_status":"closed","template":"","meta":[],"acf":[],"_links":{"self":[{"href":"https:\/\/www.educa.itakaescolapios.org\/pt\/wp-json\/wp\/v2\/pages\/9075"}],"collection":[{"href":"https:\/\/www.educa.itakaescolapios.org\/pt\/wp-json\/wp\/v2\/pages"}],"about":[{"href":"https:\/\/www.educa.itakaescolapios.org\/pt\/wp-json\/wp\/v2\/types\/page"}],"author":[{"embeddable":true,"href":"https:\/\/www.educa.itakaescolapios.org\/pt\/wp-json\/wp\/v2\/users\/11"}],"replies":[{"embeddable":true,"href":"https:\/\/www.educa.itakaescolapios.org\/pt\/wp-json\/wp\/v2\/comments?post=9075"}],"version-history":[{"count":4,"href":"https:\/\/www.educa.itakaescolapios.org\/pt\/wp-json\/wp\/v2\/pages\/9075\/revisions"}],"predecessor-version":[{"id":9488,"href":"https:\/\/www.educa.itakaescolapios.org\/pt\/wp-json\/wp\/v2\/pages\/9075\/revisions\/9488"}],"up":[{"embeddable":true,"href":"https:\/\/www.educa.itakaescolapios.org\/pt\/wp-json\/wp\/v2\/pages\/9047"}],"wp:attachment":[{"href":"https:\/\/www.educa.itakaescolapios.org\/pt\/wp-json\/wp\/v2\/media?parent=9075"}],"curies":[{"name":"wp","href":"https:\/\/api.w.org\/{rel}","templated":true}]}}