{"id":9077,"date":"2025-12-05T11:12:50","date_gmt":"2025-12-05T10:12:50","guid":{"rendered":"https:\/\/www.educa.itakaescolapios.org\/?page_id=9077"},"modified":"2026-02-18T19:10:26","modified_gmt":"2026-02-18T18:10:26","slug":"metodologia-de-la-campana","status":"publish","type":"page","link":"https:\/\/www.educa.itakaescolapios.org\/pt\/campanas\/2025-2026-25-anos-extendiendo-raices\/metodologia-de-la-campana","title":{"rendered":"Metodologia da campanha"},"content":{"rendered":"<p><\/p>\n<p data-pm-slice=\"1 1 []\"><strong>METODOLOGIA: UM CAMINHO PARA NOS TRANSFORMAR JUNTOS<\/strong><\/p>\n<p>Estamos em festa! No 25\u00ba anivers\u00e1rio de Itaka-Escol\u00e1pios, queremos que nossa abordagem educativa alcance todas as comunidades. A campanha &#8220;25 Anos Criando Ra\u00edzes&#8221; n\u00e3o \u00e9 uma atividade passageira, de forma alguma! \u00c9 um dia aberto para unir esfor\u00e7os: das salas de aula (com Aprendizagem-Servi\u00e7o) aos grupos de lazer (Movimento Calasanz), incluindo tamb\u00e9m os adultos.<\/p>\n<p>Aqui est\u00e1 o nosso plano para este ano:<\/p>\n<h3>1. NO COL\u00c9GIO: APRENDEMOS AJUDANDO (ApS)<\/h3>\n<p>A ideia \u00e9 simples: conectar o que aprendemos em sala de aula com o mundo real. Cada faixa et\u00e1ria tem sua pr\u00f3pria miss\u00e3o de contribuir com a nossa comunidade enquanto aprende muito.<\/p>\n<ul>\n<li><strong>Educa\u00e7\u00e3o Infantil (3 a 5 anos): &#8220;Alimentando o Mundo&#8221;.<\/strong> Vamos comer de forma saud\u00e1vel! Trabalharemos h\u00e1bitos saud\u00e1veis. Os pequenos aprender\u00e3o sobre<\/li>\n<li><img decoding=\"async\" loading=\"lazy\" class=\" wp-image-9176 alignright\" src=\"https:\/\/www.educa.itakaescolapios.org\/wp-content\/uploads\/2025\/12\/Dorotea-bailando-219x300.jpg\" alt=\"\" width=\"388\" height=\"532\" srcset=\"https:\/\/www.educa.itakaescolapios.org\/wp-content\/uploads\/2025\/12\/Dorotea-bailando-219x300.jpg 219w, https:\/\/www.educa.itakaescolapios.org\/wp-content\/uploads\/2025\/12\/Dorotea-bailando-250x343.jpg 250w, https:\/\/www.educa.itakaescolapios.org\/wp-content\/uploads\/2025\/12\/Dorotea-bailando.jpg 747w\" sizes=\"(max-width: 388px) 100vw, 388px\" \/>\u00a0nossos refeit\u00f3rios comunit\u00e1rios em Camar\u00f5es e na Venezuela e se tornar\u00e3o &#8220;pequenos embaixadores&#8221;. O grande final? Eles organizar\u00e3o um evento para ensinar suas fam\u00edlias sobre alimenta\u00e7\u00e3o justa e \u00e9tica.<\/li>\n<li><strong>Ensino Fundamental I &#8211; 1\u00ba Ciclo (6 a 8 anos): &#8220;Minha Casa, Sua Casa&#8221;.<\/strong> Aqui, falaremos sobre acolhimento. Conectando-nos com nossa rede de lares de acolhimento, exploraremos a diversidade familiar e a migra\u00e7\u00e3o. As crian\u00e7as criar\u00e3o hist\u00f3rias e materiais para desconstruir preconceitos e fazer com que todos se sintam em casa<\/li>\n<li><strong>Ensino Fundamental I &#8211; 2\u00ba Ciclo (8 a 10 anos): &#8220;Escolas Irm\u00e3s&#8221;.<\/strong> Vamos fazer amigos do outro lado do mundo! Trabalharemos pelo direito \u00e0 educa\u00e7\u00e3o, conectando-nos verdadeiramente com as escolas Pias em outros continentes. Cartas, videochamadas e at\u00e9 mesmo um livro-jogo compartilhado nos ajudar\u00e3o a nos sentirmos como colegas de classe globais.<\/li>\n<li><strong>Ensino Fundamental I \u2013 3\u00ba Ciclo (10 a 12 anos): \u201cPalavras que Abrem Portas\u201d.<\/strong> A educa\u00e7\u00e3o \u00e9 fundamental. Os alunos criar\u00e3o ferramentas super \u00fateis \u2014 como dicion\u00e1rios b\u00e1sicos ou pictogramas \u2014 para apoiar programas de alfabetiza\u00e7\u00e3o e ajudar os migrantes da comunidade a se sentirem integrados.<\/li>\n<li><strong>Ensino Fundamental II (12 a 15 anos): \u201cConstruindo o Futuro\u201d.<\/strong> \u00c9 a sua vez de ser uma influ\u00eancia positiva! Os jovens atuar\u00e3o como uma ag\u00eancia de comunica\u00e7\u00e3o: analisar\u00e3o as causas da vulnerabilidade e lan\u00e7ar\u00e3o campanhas profissionais nas redes sociais para apoiar nossos Centros Socioeducacionais.<\/li>\n<li><strong>Ensino M\u00e9dio (15 a 18 anos): \u201cAgentes de Mudan\u00e7a\u201d.<\/strong> O voluntariado \u00e9 poder. Investigaremos como os movimentos sociais transformam a hist\u00f3ria e criaremos estrat\u00e9gias para incentivar mais pessoas a se voluntariarem. Lideran\u00e7a em a\u00e7\u00e3o!<\/li>\n<\/ul>\n<h3>2. NO GRUPO: MOVIMENTO CALASANZ<\/h3>\n<p>E para os grupos pastorais, sob o lema &#8220;Tua raiz&#8221;, temos \u00f3timas atividades para aprofundar quem somos e nosso desejo de servir.<\/p>\n<ul>\n<li><strong>3-5 anos: \u00abTua Raiz \u00e9 Jesus\u00bb..<\/strong> Com a &#8220;\u00c1rvore da Amizade&#8221;, os pequenos ver\u00e3o que Jesus \u00e9 a raiz que nos d\u00e1 for\u00e7a e que nossos gestos de carinho s\u00e3o os frutos.<\/li>\n<li><strong>6-8 anos: \u00abO mapa da miss\u00e3o\u00bb.<\/strong> \u00a1A explorar! Buscaremos nuestra \u00abhuella de servicio\u00bb en el mapa y veremos c\u00f3mo nuestras peque\u00f1as acciones conectan con los hogares escolapios de todo el mundo.<\/li>\n<li><strong>8-10 anos: \u00abA B\u00fassola de Calasanz\u00bb.<\/strong> Um jogo de rastreamento muito divertido. Descobriremos que esta miss\u00e3o \u00e9 uma aventura que come\u00e7a com Jesus e termina ajudando outras pessoas, tra\u00e7ando nossa hist\u00f3ria de 25 anos.<\/li>\n<li><strong>10-12 anos: \u00abTecendo a rede\u00bb.<\/strong> Usaremos fios coloridos para ver como a f\u00e9 e a cultura (Piedade e Letras) se unem. Juntos, teceremos uma teia gigante para mostrar que juntos somos mais fortes!<\/li>\n<li><strong>12-15 anos: \u00abO sism\u00f3grafo social\u00bb.<\/strong> Assim como um sism\u00f3grafo detecta terremotos, n\u00f3s detectaremos injusti\u00e7as. Veremos como nossos valores nos ajudam a responder com for\u00e7a e comprometimento.<\/li>\n<li><strong>15-18 anos: \u00abO Arquiteto da voca\u00e7\u00e3o\u00bb..<\/strong> Chegou a hora de se olhar no espelho. Com uma an\u00e1lise pessoal (FOFA), vamos refletir sobre o nosso futuro e como Itaka-Escol\u00e1pios pode fazer parte do nosso projeto de vida.<\/li>\n<\/ul>\n<h3>3. E PARA OS ADULTOS\u2026<\/h3>\n<p>Os 25 anos de anivers\u00e1rio \u00e9 o momento perfeito para dar um passo em frente. Para equipes, professores, fam\u00edlias e fraternidades, apresentamos &#8220;25 Anos da Marca de Calasanz&#8221;.<\/p>\n<p>Queremos passar da teoria \u00e0 pr\u00e1tica com atividades aprofundadas:<\/p>\n<ul>\n<li><strong>\u00abA B\u00fassola Carism\u00e1tica\u00bb<\/strong> Um workshop para aprender a equilibrar o cora\u00e7\u00e3o (servi\u00e7o) e a mente (forma\u00e7\u00e3o) para que nossos projetos realmente transformem<\/li>\n<li><strong>\u00abDo Eu ao N\u00f3s\u00bb:<\/strong> Um momento para pausar e refletir: &#8220;Qu\u00e3o comprometido(a) estou?&#8221; e considerar como podemos caminhar rumo a um comprometimento mais consistente e compartilhado.<\/li>\n<\/ul>\n<p>Encorajamos voc\u00ea a renovar seu compromisso de ser essa &#8220;raiz&#8221; que sustenta tudo isso!<\/p>","protected":false},"excerpt":{"rendered":"<p>METODOLOGIA: UM CAMINHO PARA NOS TRANSFORMAR JUNTOS Estamos em festa! No 25\u00ba anivers\u00e1rio de Itaka-Escol\u00e1pios, queremos que nossa abordagem educativa alcance todas as comunidades. A campanha [&hellip;]<\/p>\n","protected":false},"author":11,"featured_media":0,"parent":9047,"menu_order":3,"comment_status":"closed","ping_status":"closed","template":"","meta":[],"acf":[],"_links":{"self":[{"href":"https:\/\/www.educa.itakaescolapios.org\/pt\/wp-json\/wp\/v2\/pages\/9077"}],"collection":[{"href":"https:\/\/www.educa.itakaescolapios.org\/pt\/wp-json\/wp\/v2\/pages"}],"about":[{"href":"https:\/\/www.educa.itakaescolapios.org\/pt\/wp-json\/wp\/v2\/types\/page"}],"author":[{"embeddable":true,"href":"https:\/\/www.educa.itakaescolapios.org\/pt\/wp-json\/wp\/v2\/users\/11"}],"replies":[{"embeddable":true,"href":"https:\/\/www.educa.itakaescolapios.org\/pt\/wp-json\/wp\/v2\/comments?post=9077"}],"version-history":[{"count":19,"href":"https:\/\/www.educa.itakaescolapios.org\/pt\/wp-json\/wp\/v2\/pages\/9077\/revisions"}],"predecessor-version":[{"id":9489,"href":"https:\/\/www.educa.itakaescolapios.org\/pt\/wp-json\/wp\/v2\/pages\/9077\/revisions\/9489"}],"up":[{"embeddable":true,"href":"https:\/\/www.educa.itakaescolapios.org\/pt\/wp-json\/wp\/v2\/pages\/9047"}],"wp:attachment":[{"href":"https:\/\/www.educa.itakaescolapios.org\/pt\/wp-json\/wp\/v2\/media?parent=9077"}],"curies":[{"name":"wp","href":"https:\/\/api.w.org\/{rel}","templated":true}]}}