{"id":9080,"date":"2025-12-05T11:14:44","date_gmt":"2025-12-05T10:14:44","guid":{"rendered":"https:\/\/www.educa.itakaescolapios.org\/?page_id=9080"},"modified":"2026-02-18T19:14:03","modified_gmt":"2026-02-18T18:14:03","slug":"buenas-practicas","status":"publish","type":"page","link":"https:\/\/www.educa.itakaescolapios.org\/pt\/campanas\/2025-2026-25-anos-extendiendo-raices\/buenas-practicas","title":{"rendered":"Boas pr\u00e1ticas"},"content":{"rendered":"<p><span style=\"font-family: arial, helvetica, sans-serif;\">Nesta se\u00e7\u00e3o, coletamos as a\u00e7\u00f5es que voc\u00ea realiza localmente para desenvolver a campanha.<\/span><\/p>\n<p><span style=\"font-family: arial, helvetica, sans-serif;\">Envie suas a\u00e7\u00f5es (uma foto e algumas linhas explicativas, se desejar) para este e-mail: <span style=\"text-decoration: underline;\"><a href=\"mailto:educa@itakaescolapios.org\">educa@itakaescolapios.org<\/a><\/span><\/span><\/p>\n<p><span style=\"font-family: arial, helvetica, sans-serif;\">Coletaremos todas as suas a\u00e7\u00f5es..<\/span><\/p>\n<p><span style=\"font-family: arial, helvetica, sans-serif;\">Talvez suas a\u00e7\u00f5es possam inspirar outros locais no desenvolvimento de suas campanhas.<\/span><\/p>\n<p><span style=\"font-family: arial, helvetica, sans-serif;\">INCENTIVAMOS VOC\u00ca A COMPARTILHAR<\/span><\/p>\n<p>&nbsp;<\/p>","protected":false},"excerpt":{"rendered":"<p>Nesta se\u00e7\u00e3o, coletamos as a\u00e7\u00f5es que voc\u00ea realiza localmente para desenvolver a campanha. Envie suas a\u00e7\u00f5es (uma foto e algumas linhas explicativas, se desejar) para este [&hellip;]<\/p>\n","protected":false},"author":11,"featured_media":0,"parent":9047,"menu_order":5,"comment_status":"closed","ping_status":"closed","template":"","meta":[],"acf":[],"_links":{"self":[{"href":"https:\/\/www.educa.itakaescolapios.org\/pt\/wp-json\/wp\/v2\/pages\/9080"}],"collection":[{"href":"https:\/\/www.educa.itakaescolapios.org\/pt\/wp-json\/wp\/v2\/pages"}],"about":[{"href":"https:\/\/www.educa.itakaescolapios.org\/pt\/wp-json\/wp\/v2\/types\/page"}],"author":[{"embeddable":true,"href":"https:\/\/www.educa.itakaescolapios.org\/pt\/wp-json\/wp\/v2\/users\/11"}],"replies":[{"embeddable":true,"href":"https:\/\/www.educa.itakaescolapios.org\/pt\/wp-json\/wp\/v2\/comments?post=9080"}],"version-history":[{"count":6,"href":"https:\/\/www.educa.itakaescolapios.org\/pt\/wp-json\/wp\/v2\/pages\/9080\/revisions"}],"predecessor-version":[{"id":9492,"href":"https:\/\/www.educa.itakaescolapios.org\/pt\/wp-json\/wp\/v2\/pages\/9080\/revisions\/9492"}],"up":[{"embeddable":true,"href":"https:\/\/www.educa.itakaescolapios.org\/pt\/wp-json\/wp\/v2\/pages\/9047"}],"wp:attachment":[{"href":"https:\/\/www.educa.itakaescolapios.org\/pt\/wp-json\/wp\/v2\/media?parent=9080"}],"curies":[{"name":"wp","href":"https:\/\/api.w.org\/{rel}","templated":true}]}}