{"id":9088,"date":"2025-12-05T12:08:43","date_gmt":"2025-12-05T11:08:43","guid":{"rendered":"https:\/\/www.educa.itakaescolapios.org\/?page_id=9088"},"modified":"2026-02-18T19:21:31","modified_gmt":"2026-02-18T18:21:31","slug":"actividades-carteleria-y-ambientacion","status":"publish","type":"page","link":"https:\/\/www.educa.itakaescolapios.org\/pt\/campanas\/2025-2026-25-anos-extendiendo-raices\/actividades-carteleria-y-ambientacion","title":{"rendered":"Atividades, cartazes e ambienta\u00e7\u00e3o"},"content":{"rendered":"<p><img decoding=\"async\" loading=\"lazy\" class=\" wp-image-9167 alignleft\" src=\"https:\/\/www.educa.itakaescolapios.org\/wp-content\/uploads\/2025\/12\/Sukal-jugando-217x300.png\" alt=\"\" width=\"251\" height=\"347\" srcset=\"https:\/\/www.educa.itakaescolapios.org\/wp-content\/uploads\/2025\/12\/Sukal-jugando-217x300.png 217w, https:\/\/www.educa.itakaescolapios.org\/wp-content\/uploads\/2025\/12\/Sukal-jugando-741x1024.png 741w, https:\/\/www.educa.itakaescolapios.org\/wp-content\/uploads\/2025\/12\/Sukal-jugando-768x1061.png 768w, https:\/\/www.educa.itakaescolapios.org\/wp-content\/uploads\/2025\/12\/Sukal-jugando-1112x1536.png 1112w, https:\/\/www.educa.itakaescolapios.org\/wp-content\/uploads\/2025\/12\/Sukal-jugando-1482x2048.png 1482w, https:\/\/www.educa.itakaescolapios.org\/wp-content\/uploads\/2025\/12\/Sukal-jugando-250x345.png 250w, https:\/\/www.educa.itakaescolapios.org\/wp-content\/uploads\/2025\/12\/Sukal-jugando.png 1760w\" sizes=\"(max-width: 251px) 100vw, 251px\" \/><\/p>\n<p>Quer voc\u00ea j\u00e1 tenha experi\u00eancia ou esteja apenas come\u00e7ando, lembre-se de que a chave para o sucesso \u00e9 o cuidado, o entusiasmo e a dedica\u00e7\u00e3o que voc\u00ea investe na prepara\u00e7\u00e3o da sua Campanha de Solidariedade. Para isso, <strong>e\u00e9 importante que voc\u00ea esteja familiarizado com todos os recursos que oferecemos\u00a0<\/strong>portanto, abaixo voc\u00ea encontrar\u00e1 uma lista completa deles.<\/p>\n<p><a href=\"https:\/\/www.educa.itakaescolapios.org\/wp-content\/uploads\/2025\/12\/Fichas-proyectos-2526.pdf\" target=\"_blank\" rel=\"noopener\">Fichas projetos 2025-26<\/a><\/p>\n<p><a href=\"https:\/\/www.educa.itakaescolapios.org\/wp-content\/uploads\/2025\/12\/Ora\u00e7\u00f5es 25-26.pdf\" target=\"_blank\" rel=\"noopener\">Oraciones 25-26<\/a><\/p>\n<p><a href=\"https:\/\/www.educa.itakaescolapios.org\/campanas\/2025-2026-25-anos-extendiendo-raices\/actividades-carteleria-y-ambientacion\/propuestas-aprendizaje-servicio-para-el-aula\">Projetos de Aprendizagem-Servi\u00e7o para a sala de aula e adultos<\/a><\/p>\n<p><a href=\"https:\/\/www.educa.itakaescolapios.org\/campanas\/2025-2026-25-anos-extendiendo-raices\/actividades-carteleria-y-ambientacion\/propuesta-de-actividades-para-movimiento-calasanz\">Propostas de trabalho dentro do Movimento Calasanz<\/a><\/p>","protected":false},"excerpt":{"rendered":"<p>Quer voc\u00ea j\u00e1 tenha experi\u00eancia ou esteja apenas come\u00e7ando, lembre-se de que a chave para o sucesso \u00e9 o cuidado, o entusiasmo e a dedica\u00e7\u00e3o que [&hellip;]<\/p>\n","protected":false},"author":11,"featured_media":0,"parent":9047,"menu_order":4,"comment_status":"closed","ping_status":"closed","template":"","meta":[],"acf":[],"_links":{"self":[{"href":"https:\/\/www.educa.itakaescolapios.org\/pt\/wp-json\/wp\/v2\/pages\/9088"}],"collection":[{"href":"https:\/\/www.educa.itakaescolapios.org\/pt\/wp-json\/wp\/v2\/pages"}],"about":[{"href":"https:\/\/www.educa.itakaescolapios.org\/pt\/wp-json\/wp\/v2\/types\/page"}],"author":[{"embeddable":true,"href":"https:\/\/www.educa.itakaescolapios.org\/pt\/wp-json\/wp\/v2\/users\/11"}],"replies":[{"embeddable":true,"href":"https:\/\/www.educa.itakaescolapios.org\/pt\/wp-json\/wp\/v2\/comments?post=9088"}],"version-history":[{"count":29,"href":"https:\/\/www.educa.itakaescolapios.org\/pt\/wp-json\/wp\/v2\/pages\/9088\/revisions"}],"predecessor-version":[{"id":9493,"href":"https:\/\/www.educa.itakaescolapios.org\/pt\/wp-json\/wp\/v2\/pages\/9088\/revisions\/9493"}],"up":[{"embeddable":true,"href":"https:\/\/www.educa.itakaescolapios.org\/pt\/wp-json\/wp\/v2\/pages\/9047"}],"wp:attachment":[{"href":"https:\/\/www.educa.itakaescolapios.org\/pt\/wp-json\/wp\/v2\/media?parent=9088"}],"curies":[{"name":"wp","href":"https:\/\/api.w.org\/{rel}","templated":true}]}}